{"id":31393,"date":"2024-08-15T23:09:02","date_gmt":"2024-08-15T21:09:02","guid":{"rendered":"https:\/\/www.ibagsbelts.com\/tienda\/?post_type=product&#038;p=31393"},"modified":"2026-03-11T21:56:17","modified_gmt":"2026-03-11T20:56:17","slug":"bolso-universitario-shopper-lila-de-piel-italiana-martha","status":"publish","type":"product","link":"https:\/\/www.ibagsbelts.com\/tienda\/producto\/bolso-universitario-shopper-lila-de-piel-italiana-martha\/","title":{"rendered":"Bolso universitario shopper Lila de piel italiana Martha"},"content":{"rendered":"<p style=\"text-align: left;\">El compa\u00f1ero perfecto para el pr\u00f3ximo semestre de la universidad.<\/p>\n<p style=\"text-align: left;\">El bolso \u00a0de piel acabado Dollaro. Compartimento principal con cierre mediante lazo. Interior de piel vuelta con bolsillo interior auxiliar de cierre por cremallera tiene espacio suficiente para lo indispensable en su interior como tu llaves, monedero y tu smartphone. Su estilo juvenil hace que el bolso sea un compa\u00f1ero a temporal.<\/p>\n<p>Dispone de dos asas largas flexibles,\u00a036 cm de largo por 37 de alto por 14 cm de fondo<\/p>\n<p style=\"text-align: left;\"><strong>Aviso importante<\/strong><\/p>\n<p style=\"text-align: left;\">Todos nuestros productos de cuero est\u00e1n hechos a mano y su nueva bolsa de cuero puede estar sujeta a una variaci\u00f3n natural en tama\u00f1o y color.<br \/>\nPara los tama\u00f1os, permita 1-2 cm difiere debido a la medida manual.<br \/>\nLas im\u00e1genes son 100% reales.<br \/>\nDebido al monitor del ordenador y el brillo real de la toma y otras razones, habr\u00e1 una cierta diferencia de color.<\/p>\n<!-- AddThis Advanced Settings generic via filter on the_content --><!-- AddThis Share Buttons generic via filter on the_content -->","protected":false},"excerpt":{"rendered":"<p style=\"text-align: left;\">El compa\u00f1ero perfecto para el pr\u00f3ximo semestre de la universidad.<\/p>\n<p style=\"text-align: left;\">El bolso \u00a0de piel acabado Dollaro. Compartimento principal con cierre mediante lazo. Interior de piel vuelta con bolsillo interior auxiliar de cierre por cremallera tiene espacio suficiente para lo indispensable en su interior como tu llaves, monedero y tu smartphone. Su estilo juvenil hace que el bolso sea un compa\u00f1ero a temporal.<\/p>\n<p>Dispone de dos asas largas flexibles,<\/p>\n<p>MEDIDAS: 36 cm de largo por 37 de alto por 14 cm de fondo<\/p>\n<h5 style=\"text-align: left;\"><strong>\u00bfAlguna duda? Ponte en contacto con nosotros a trav\u00e9s del bot\u00f3n del chat directo por whatsApp y te resolveremos las dudas al instante!<\/strong><\/h5>\n<p><!-- AddThis Advanced Settings generic via filter on get_the_excerpt --><!-- AddThis Share Buttons generic via filter on get_the_excerpt --><\/p>\n","protected":false},"featured_media":31394,"comment_status":"open","ping_status":"closed","template":"","meta":{"om_disable_all_campaigns":false,"_monsterinsights_skip_tracking":false,"_monsterinsights_sitenote_active":false,"_monsterinsights_sitenote_note":"","_monsterinsights_sitenote_category":0,"_uf_show_specific_survey":0,"_uf_disable_surveys":false},"product_brand":[1217],"product_cat":[40,41],"product_tag":[1135,299,315,778,313,255,823,1036,727,302,753,1102,1166,263],"class_list":{"0":"post-31393","1":"product","2":"type-product","3":"status-publish","4":"has-post-thumbnail","6":"product_brand-ibags-belts","7":"product_cat-bolsos-de-hombro","8":"product_cat-shoppers","9":"product_tag-accesorios-y-complementos","10":"product_tag-bolso-cuero","11":"product_tag-bolso-cuero-artesano","12":"product_tag-bolso-cuero-de-vaca","13":"product_tag-bolso-cuero-hecho-a-mano","14":"product_tag-bolso-cuero-mujer","15":"product_tag-bolso-piel","16":"product_tag-bolso-piel-italiano","17":"product_tag-bolsos-bandoleras-cuero","18":"product_tag-bolsos-de-cuero","19":"product_tag-complementos-de-cuero","20":"product_tag-piel","21":"product_tag-shopper","22":"product_tag-bolso-cuero-artesanal-bolso-cuero-artesanal-hombre-bolso-cuero-boho-bolso-cuero-con-tachuelas-bolsos-cuero-caballero-bolso-cuero-de-hombre-bolso-cuero-de-viaje","24":"first","25":"instock","26":"shipping-taxable","27":"purchasable","28":"product-type-simple","29":"add-to-wishlist-after_add_to_cart","30":"layout-style-1","31":"col-md-4 col-sm-4 col-xs-6","32":"col-lg-3","33":"product-has-gallery","34":"product-style-default"},"aioseo_notices":[],"_links":{"self":[{"href":"https:\/\/www.ibagsbelts.com\/tienda\/wp-json\/wp\/v2\/product\/31393","targetHints":{"allow":["GET"]}}],"collection":[{"href":"https:\/\/www.ibagsbelts.com\/tienda\/wp-json\/wp\/v2\/product"}],"about":[{"href":"https:\/\/www.ibagsbelts.com\/tienda\/wp-json\/wp\/v2\/types\/product"}],"replies":[{"embeddable":true,"href":"https:\/\/www.ibagsbelts.com\/tienda\/wp-json\/wp\/v2\/comments?post=31393"}],"wp:featuredmedia":[{"embeddable":true,"href":"https:\/\/www.ibagsbelts.com\/tienda\/wp-json\/wp\/v2\/media\/31394"}],"wp:attachment":[{"href":"https:\/\/www.ibagsbelts.com\/tienda\/wp-json\/wp\/v2\/media?parent=31393"}],"wp:term":[{"taxonomy":"product_brand","embeddable":true,"href":"https:\/\/www.ibagsbelts.com\/tienda\/wp-json\/wp\/v2\/product_brand?post=31393"},{"taxonomy":"product_cat","embeddable":true,"href":"https:\/\/www.ibagsbelts.com\/tienda\/wp-json\/wp\/v2\/product_cat?post=31393"},{"taxonomy":"product_tag","embeddable":true,"href":"https:\/\/www.ibagsbelts.com\/tienda\/wp-json\/wp\/v2\/product_tag?post=31393"}],"curies":[{"name":"wp","href":"https:\/\/api.w.org\/{rel}","templated":true}]}}