{"id":31434,"date":"2024-08-22T20:21:25","date_gmt":"2024-08-22T18:21:25","guid":{"rendered":"https:\/\/www.ibagsbelts.com\/tienda\/?post_type=product&#038;p=31434"},"modified":"2026-03-11T21:48:16","modified_gmt":"2026-03-11T20:48:16","slug":"cluch-de-piel-dorado-con-cadena-anastasia","status":"publish","type":"product","link":"https:\/\/www.ibagsbelts.com\/tienda\/producto\/cluch-de-piel-dorado-con-cadena-anastasia\/","title":{"rendered":"Clutch de piel dorado con cadena Anastasia"},"content":{"rendered":"<p style=\"text-align: left;\">Bolso clutch y bandolera combina estilo y funcionalidad de manera excepcional. A\u00f1ade un toque de elegancia italiana que se integra perfectamente con tus looks diarios.<\/p>\n<p style=\"text-align: left;\">Confeccionado con piel italiana de alta calidad, este bolso presenta un dise\u00f1o que permite llevarlo como bandolera gracias a su asa de cadena. Su tama\u00f1o compacto no compromete la capacidad de almacenamiento, permiti\u00e9ndote llevar contigo lo esencial a donde vayas.<\/p>\n<p style=\"text-align: left;\">Ya sea colgado del hombro o cruzado gracias a su asa de cadena larga y delgada, este bolso te ofrece la flexibilidad y el estilo que necesitas para complementar tu d\u00eda a d\u00eda con un toque de sofisticaci\u00f3n italiana.<\/p>\n<p style=\"text-align: left;\">Con unas dimensiones de 20 cm de alto, 23 cm de largo y 9 cm de ancho, as\u00ed como una medida de asa bandolera de 116 cm, este bolso ofrece espacio suficiente para tus necesidades diarias sin comprometer el estilo. Es el accesorio ideal para expresar tu individualidad y amor por el estilo moderno.<\/p>\n<p style=\"text-align: left;\"><strong>Aviso importante<\/strong><\/p>\n<p style=\"text-align: left;\">Todos nuestros productos de cuero est\u00e1n hechos a mano y su nueva bolsa de cuero puede estar sujeta a una variaci\u00f3n natural en tama\u00f1o y color.<br \/>\nPara los tama\u00f1os, permita 1-2 cm difiere debido a la medida manual.<br \/>\nLas im\u00e1genes son 100% reales.<br \/>\nDebido al monitor del ordenador y el brillo real de la toma y otras razones, habr\u00e1 una cierta diferencia de color.<\/p>\n<!-- AddThis Advanced Settings generic via filter on the_content --><!-- AddThis Share Buttons generic via filter on the_content -->","protected":false},"excerpt":{"rendered":"<p style=\"text-align: left;\">&#8220;Presentamos el &#8216;Clutch\u00b4 del lujo y la sofisticaci\u00f3n atemporales. Dise\u00f1ado para aquellos que aprecian las cosas buenas de la vida, este clutch es un testimonio de la combinaci\u00f3n perfecta de estilo y \u00e9tica. Elaborado con el mejor cuero italiano. no solo representa elegancia sino que tambi\u00e9n demuestra nuestro compromiso con la sostenibilidad y la moda libre. La elecci\u00f3n de los materiales garantiza una textura suave y flexible que se siente tan exquisita como parece. de estilo y gusto elevados Su tama\u00f1o compacto es perfecto para llevar lo esencial, mientras que el dise\u00f1o cl\u00e1sico con detalles sutiles agrega un aire de opulencia discreta. Este bolso de mano es el compa\u00f1ero ideal para cualquier velada, ya sea una gala, una cena rom\u00e1ntica, o una noche de fiesta en la ciudad. Con este clutch est\u00e1s haciendo una declaraci\u00f3n no solo sobre tu sentido del estilo sino tambi\u00e9n sobre tu dedicaci\u00f3n a la moda responsable. Medidas 20 cm x 9 cm x 23 cm. Posee una pieza de puro lujo que deja una impresi\u00f3n duradera.<\/p>\n<p style=\"text-align: left;\">La correa de hombro desmontable te permite llevar no solo como bolso de hombro, sino tambi\u00e9n como bolso de mano, por lo que se adapta f\u00e1cilmente a cualquier estilo.<\/p>\n<h5 style=\"text-align: center;\"><strong>\u00bfAlguna duda? Ponte en contacto con nosotros a trav\u00e9s del bot\u00f3n del chat directo por whatsApp y te resolveremos las dudas al instante!<\/strong><\/h5>\n<p><!-- AddThis Advanced Settings generic via filter on get_the_excerpt --><!-- AddThis Share Buttons generic via filter on get_the_excerpt --><\/p>\n","protected":false},"featured_media":31436,"comment_status":"open","ping_status":"closed","template":"","meta":{"om_disable_all_campaigns":false,"_monsterinsights_skip_tracking":false,"_monsterinsights_sitenote_active":false,"_monsterinsights_sitenote_note":"","_monsterinsights_sitenote_category":0,"_uf_show_specific_survey":0,"_uf_disable_surveys":false},"product_brand":[1217],"product_cat":[240,757],"product_tag":[1135,1096,301,877,266,303,313,255,823,1036,727,281,905,749,1102,1038],"class_list":{"0":"post-31434","1":"product","2":"type-product","3":"status-publish","4":"has-post-thumbnail","6":"product_brand-ibags-belts","7":"product_cat-bolsos-bandoleras-de-cuero-artesanal","8":"product_cat-bolso-clutch","9":"product_tag-accesorios-y-complementos","10":"product_tag-artesania","11":"product_tag-bandolera","12":"product_tag-bandoleras","13":"product_tag-bolso-bohemian-bolso-cuero-repujado-bolsos-cuero-retro-bolso-shopper-cuero-bolso-cuero-trenzado-bolso-cuero-troquelado","14":"product_tag-bolso-bohemian","15":"product_tag-bolso-cuero-hecho-a-mano","16":"product_tag-bolso-cuero-mujer","17":"product_tag-bolso-piel","18":"product_tag-bolso-piel-italiano","19":"product_tag-bolsos-bandoleras-cuero","20":"product_tag-bolso-bohemian-bolso-cuero-para-hombre-bolso-cuero-repujado-bolsos-cuero-retro-bolso-shopper-cuero-bolso-cuero-trenzado-bolso-cuero-troquelado-bolso-cuero-vaca-bolso-cuero-viaje-hombre","21":"product_tag-casual","22":"product_tag-clutch","23":"product_tag-piel","24":"product_tag-piel-lavada","26":"first","27":"instock","28":"shipping-taxable","29":"purchasable","30":"product-type-simple","31":"add-to-wishlist-after_add_to_cart","32":"layout-style-1","33":"col-md-4 col-sm-4 col-xs-6","34":"col-lg-3","35":"product-has-gallery","36":"product-style-default"},"aioseo_notices":[],"_links":{"self":[{"href":"https:\/\/www.ibagsbelts.com\/tienda\/wp-json\/wp\/v2\/product\/31434","targetHints":{"allow":["GET"]}}],"collection":[{"href":"https:\/\/www.ibagsbelts.com\/tienda\/wp-json\/wp\/v2\/product"}],"about":[{"href":"https:\/\/www.ibagsbelts.com\/tienda\/wp-json\/wp\/v2\/types\/product"}],"replies":[{"embeddable":true,"href":"https:\/\/www.ibagsbelts.com\/tienda\/wp-json\/wp\/v2\/comments?post=31434"}],"wp:featuredmedia":[{"embeddable":true,"href":"https:\/\/www.ibagsbelts.com\/tienda\/wp-json\/wp\/v2\/media\/31436"}],"wp:attachment":[{"href":"https:\/\/www.ibagsbelts.com\/tienda\/wp-json\/wp\/v2\/media?parent=31434"}],"wp:term":[{"taxonomy":"product_brand","embeddable":true,"href":"https:\/\/www.ibagsbelts.com\/tienda\/wp-json\/wp\/v2\/product_brand?post=31434"},{"taxonomy":"product_cat","embeddable":true,"href":"https:\/\/www.ibagsbelts.com\/tienda\/wp-json\/wp\/v2\/product_cat?post=31434"},{"taxonomy":"product_tag","embeddable":true,"href":"https:\/\/www.ibagsbelts.com\/tienda\/wp-json\/wp\/v2\/product_tag?post=31434"}],"curies":[{"name":"wp","href":"https:\/\/api.w.org\/{rel}","templated":true}]}}