{"id":31504,"date":"2024-08-25T11:10:02","date_gmt":"2024-08-25T09:10:02","guid":{"rendered":"https:\/\/www.ibagsbelts.com\/tienda\/?post_type=product&#038;p=31504"},"modified":"2026-03-11T21:24:53","modified_gmt":"2026-03-11T20:24:53","slug":"bolso-cebra-animal-print-en-cuero-negro","status":"publish","type":"product","link":"https:\/\/www.ibagsbelts.com\/tienda\/producto\/bolso-cebra-animal-print-en-cuero-negro\/","title":{"rendered":"Bolso cebra animal print en cuero negro"},"content":{"rendered":"<p>Bandolera y bolso de mano en cuero y pelo animal print CEBRA con tachas, es un modelo elaborado en cuero artesanal.<\/p>\n<p>Su solapa con\u00a0 de cierre im\u00e1n y cremallera en su bolso principal, decoraci\u00f3n con costuras en cuero y tachas plateadas, chap\u00f3n artesanal en el centro, su asa regulable lo hace tu bandolera ideal.<\/p>\n<p>Medidas \u00a020 cm de alto x \u00a030 cm largo x \u00a03 cm ancho<\/p>\n<p style=\"text-align: center;\"><strong>Aviso importante<\/strong><\/p>\n<p>Todos nuestros productos de cuero est\u00e1n hechos a mano y su nueva bolsa de cuero puede estar sujeta a una variaci\u00f3n natural en tama\u00f1o y color.<br \/>\nPara los tama\u00f1os, permita 1-2 cm difiere debido a la medida manual.<br \/>\nLas im\u00e1genes son 100% reales.<br \/>\nDebido al monitor del ordenador y el brillo real de la toma y otras razones, habr\u00e1 una cierta diferencia de color.<\/p>\n<h5><\/h5>\n<!-- AddThis Advanced Settings generic via filter on the_content --><!-- AddThis Share Buttons generic via filter on the_content -->","protected":false},"excerpt":{"rendered":"<p style=\"text-align: left;\">Bandolera y bolso de mano cuero y pelo animal print cebra, con tachas, es un modelo elaborado en cuero artesanal.<\/p>\n<p style=\"text-align: left;\">Su solapa con\u00a0 de cierre im\u00e1n y cremallera en su bolso principal, decoraci\u00f3n con costuras en cuero y tachas plateadas, chap\u00f3n artesanal en el centro, su asa regulable lo hace tu bandolera ideal.<\/p>\n<p style=\"text-align: left;\">Medidas \u00a020 cm de alto x \u00a030 cm largo x \u00a03 cm ancho<\/p>\n<p style=\"text-align: center;\"><strong>\u00bfAlguna duda? Ponte en contacto con nosotros a trav\u00e9s del bot\u00f3n del chat directo por whatsApp y te resolveremos las dudas al instante!<\/strong><\/p>\n<p><!-- AddThis Advanced Settings generic via filter on get_the_excerpt --><!-- AddThis Share Buttons generic via filter on get_the_excerpt --><\/p>\n","protected":false},"featured_media":31505,"comment_status":"open","ping_status":"closed","template":"","meta":{"om_disable_all_campaigns":false,"_monsterinsights_skip_tracking":false,"_monsterinsights_sitenote_active":false,"_monsterinsights_sitenote_note":"","_monsterinsights_sitenote_category":0,"_uf_show_specific_survey":0,"_uf_disable_surveys":false},"product_brand":[],"product_cat":[240,757],"product_tag":[1135,1054,1026,1096,301,877,266,327,305,315,316,778,313,255,781,281,749,744],"class_list":{"0":"post-31504","1":"product","2":"type-product","3":"status-publish","4":"has-post-thumbnail","6":"product_cat-bolsos-bandoleras-de-cuero-artesanal","7":"product_cat-bolso-clutch","8":"product_tag-accesorios-y-complementos","9":"product_tag-animal","10":"product_tag-animal-print","11":"product_tag-artesania","12":"product_tag-bandolera","13":"product_tag-bandoleras","14":"product_tag-bolso-bohemian-bolso-cuero-repujado-bolsos-cuero-retro-bolso-shopper-cuero-bolso-cuero-trenzado-bolso-cuero-troquelado","15":"product_tag-bolso-bandolera-cuero-bicolor","16":"product_tag-bolso-cuero-artesanal","17":"product_tag-bolso-cuero-artesano","18":"product_tag-bolso-cuero-con-tachuelas","19":"product_tag-bolso-cuero-de-vaca","20":"product_tag-bolso-cuero-hecho-a-mano","21":"product_tag-bolso-cuero-mujer","22":"product_tag-bolso-de-cuero-para-mujer","23":"product_tag-bolso-bohemian-bolso-cuero-para-hombre-bolso-cuero-repujado-bolsos-cuero-retro-bolso-shopper-cuero-bolso-cuero-trenzado-bolso-cuero-troquelado-bolso-cuero-vaca-bolso-cuero-viaje-hombre","24":"product_tag-clutch","25":"product_tag-estilo-bohochic","27":"first","28":"instock","29":"shipping-taxable","30":"purchasable","31":"product-type-simple","32":"add-to-wishlist-after_add_to_cart","33":"layout-style-1","34":"col-md-4 col-sm-4 col-xs-6","35":"col-lg-3","36":"product-has-gallery","37":"product-style-default"},"aioseo_notices":[],"_links":{"self":[{"href":"https:\/\/www.ibagsbelts.com\/tienda\/wp-json\/wp\/v2\/product\/31504","targetHints":{"allow":["GET"]}}],"collection":[{"href":"https:\/\/www.ibagsbelts.com\/tienda\/wp-json\/wp\/v2\/product"}],"about":[{"href":"https:\/\/www.ibagsbelts.com\/tienda\/wp-json\/wp\/v2\/types\/product"}],"replies":[{"embeddable":true,"href":"https:\/\/www.ibagsbelts.com\/tienda\/wp-json\/wp\/v2\/comments?post=31504"}],"wp:featuredmedia":[{"embeddable":true,"href":"https:\/\/www.ibagsbelts.com\/tienda\/wp-json\/wp\/v2\/media\/31505"}],"wp:attachment":[{"href":"https:\/\/www.ibagsbelts.com\/tienda\/wp-json\/wp\/v2\/media?parent=31504"}],"wp:term":[{"taxonomy":"product_brand","embeddable":true,"href":"https:\/\/www.ibagsbelts.com\/tienda\/wp-json\/wp\/v2\/product_brand?post=31504"},{"taxonomy":"product_cat","embeddable":true,"href":"https:\/\/www.ibagsbelts.com\/tienda\/wp-json\/wp\/v2\/product_cat?post=31504"},{"taxonomy":"product_tag","embeddable":true,"href":"https:\/\/www.ibagsbelts.com\/tienda\/wp-json\/wp\/v2\/product_tag?post=31504"}],"curies":[{"name":"wp","href":"https:\/\/api.w.org\/{rel}","templated":true}]}}