{"id":31507,"date":"2024-08-25T12:02:57","date_gmt":"2024-08-25T10:02:57","guid":{"rendered":"https:\/\/www.ibagsbelts.com\/tienda\/?post_type=product&#038;p=31507"},"modified":"2026-03-11T21:24:20","modified_gmt":"2026-03-11T20:24:20","slug":"bolso-de-cuero-color-marron-media-solapa-viena-new","status":"publish","type":"product","link":"https:\/\/www.ibagsbelts.com\/tienda\/producto\/bolso-de-cuero-color-marron-media-solapa-viena-new\/","title":{"rendered":"Bolso de cuero color marr\u00f3n media solapa Viena"},"content":{"rendered":"<p>Descubre la elegancia \u00fanica de nuestro bolso de cuero con media solapa decorada a mano con remaches y un distinguido chap\u00f3n central de alpaca. Este bolso, elaborado con cuero artesanal de alta calidad, se cierra de manera segura con una cremallera, brind\u00e1ndote no solo estilo sino tambi\u00e9n seguridad.<\/p>\n<p>Con unas dimensiones de 27 cm de alto por 26 cm de largo, este bolso tiene el tama\u00f1o perfecto para acompa\u00f1arte en tus aventuras diarias. Su asa ajustable te permite transformarlo f\u00e1cilmente en una c\u00f3moda bandolera, adapt\u00e1ndose a tus preferencias y necesidades.<\/p>\n<p>Con un dise\u00f1o atemporal y la durabilidad caracter\u00edstica del cuero genuino, este bolso es una elecci\u00f3n excepcional para aquellos que buscan combinar elegancia y funcionalidad en cada detalle. 100% CUERO, garantizando calidad y autenticidad en cada aspecto.<\/p>\n<p style=\"text-align: center;\"><strong>Aviso importante<\/strong><\/p>\n<p>Todos nuestros productos de cuero puede estar sujeta a una variaci\u00f3n natural en tama\u00f1o y color.<\/p>\n<p>Las pieles utilizadas han sido procesadas y curtidas utilizando t\u00e9cnicas centenarias para dar al cuero acabado un aspecto antiguo \/ vintage.<br \/>\nPara los tama\u00f1os, permita 1-2 cm diferencia debido a la medida manual.<br \/>\nLas im\u00e1genes son 100% reales.<br \/>\nDebido al monitor del ordenador y el brillo real de la toma y otras razones, habr\u00e1 una cierta diferencia de color.<\/p>\n<!-- AddThis Advanced Settings generic via filter on the_content --><!-- AddThis Share Buttons generic via filter on the_content -->","protected":false},"excerpt":{"rendered":"<p>Bolso de cuero con media solapa decorada a mano con remaches y chap\u00f3n de alpaca central.<br \/>\nLa elegancia de esta bandolera elaborado con cuero artesanal, con cierre con cremallera mide 27 cm de alto por 26 de largo. Su asa ajustable que le trasforma totalmente en una c\u00f3moda bandolera.<br \/>\n100% CUERO<\/p>\n<div class=\"woocommerce-product-details__short-description\">\n<h5><strong>\u00bfAlguna duda? Ponte en contacto con nosotros a trav\u00e9s del bot\u00f3n del chat directo por whatsApp y te resolveremos las dudas al instante!<\/strong><\/h5>\n<\/div>\n<p><!-- AddThis Advanced Settings generic via filter on get_the_excerpt --><!-- AddThis Share Buttons generic via filter on get_the_excerpt --><\/p>\n","protected":false},"featured_media":31508,"comment_status":"open","ping_status":"closed","template":"","meta":{"om_disable_all_campaigns":false,"_monsterinsights_skip_tracking":false,"_monsterinsights_sitenote_active":false,"_monsterinsights_sitenote_note":"","_monsterinsights_sitenote_category":0,"_uf_show_specific_survey":0,"_uf_disable_surveys":false},"product_brand":[1217],"product_cat":[240],"product_tag":[877,266,303,305,316,727],"class_list":{"0":"post-31507","1":"product","2":"type-product","3":"status-publish","4":"has-post-thumbnail","6":"product_brand-ibags-belts","7":"product_cat-bolsos-bandoleras-de-cuero-artesanal","8":"product_tag-bandoleras","9":"product_tag-bolso-bohemian-bolso-cuero-repujado-bolsos-cuero-retro-bolso-shopper-cuero-bolso-cuero-trenzado-bolso-cuero-troquelado","10":"product_tag-bolso-bohemian","11":"product_tag-bolso-cuero-artesanal","12":"product_tag-bolso-cuero-con-tachuelas","13":"product_tag-bolsos-bandoleras-cuero","15":"first","16":"instock","17":"shipping-taxable","18":"purchasable","19":"product-type-simple","20":"add-to-wishlist-after_add_to_cart","21":"layout-style-1","22":"col-md-4 col-sm-4 col-xs-6","23":"col-lg-3","24":"product-has-gallery","25":"product-style-default"},"aioseo_notices":[],"_links":{"self":[{"href":"https:\/\/www.ibagsbelts.com\/tienda\/wp-json\/wp\/v2\/product\/31507","targetHints":{"allow":["GET"]}}],"collection":[{"href":"https:\/\/www.ibagsbelts.com\/tienda\/wp-json\/wp\/v2\/product"}],"about":[{"href":"https:\/\/www.ibagsbelts.com\/tienda\/wp-json\/wp\/v2\/types\/product"}],"replies":[{"embeddable":true,"href":"https:\/\/www.ibagsbelts.com\/tienda\/wp-json\/wp\/v2\/comments?post=31507"}],"wp:featuredmedia":[{"embeddable":true,"href":"https:\/\/www.ibagsbelts.com\/tienda\/wp-json\/wp\/v2\/media\/31508"}],"wp:attachment":[{"href":"https:\/\/www.ibagsbelts.com\/tienda\/wp-json\/wp\/v2\/media?parent=31507"}],"wp:term":[{"taxonomy":"product_brand","embeddable":true,"href":"https:\/\/www.ibagsbelts.com\/tienda\/wp-json\/wp\/v2\/product_brand?post=31507"},{"taxonomy":"product_cat","embeddable":true,"href":"https:\/\/www.ibagsbelts.com\/tienda\/wp-json\/wp\/v2\/product_cat?post=31507"},{"taxonomy":"product_tag","embeddable":true,"href":"https:\/\/www.ibagsbelts.com\/tienda\/wp-json\/wp\/v2\/product_tag?post=31507"}],"curies":[{"name":"wp","href":"https:\/\/api.w.org\/{rel}","templated":true}]}}