{"id":31511,"date":"2024-08-25T12:23:46","date_gmt":"2024-08-25T10:23:46","guid":{"rendered":"https:\/\/www.ibagsbelts.com\/tienda\/?post_type=product&#038;p=31511"},"modified":"2026-03-11T21:23:41","modified_gmt":"2026-03-11T20:23:41","slug":"cinturon-negro-de-cuero-con-tachas","status":"publish","type":"product","link":"https:\/\/www.ibagsbelts.com\/tienda\/producto\/cinturon-negro-de-cuero-con-tachas\/","title":{"rendered":"Cintur\u00f3n negro de cuero con tachas"},"content":{"rendered":"<p style=\"text-align: left;\">Cintur\u00f3n de cuero con correa remachada, hebilla en metal.<\/p>\n<p style=\"text-align: left;\">El cierre de hebilla plateada que puedes ajustar a tu medida, por lo que sirve para todas las tallas.<\/p>\n<p class=\"Standard\" style=\"text-align: left;\">\u00a0Mide 4 cm de ancho y un largo m\u00e1ximo de 125 cm lo puedes usar en la cintura o en las caderas<\/p>\n<p class=\"Standard\" style=\"text-align: left;\">Es la mejor opci\u00f3n para llevarlo con tus pantalones, preferidos ya que le va a dar el toque que est\u00e1s buscando en tu outfits m\u00e1s original.<\/p>\n<p style=\"text-align: left;\">Composici\u00f3n: Correa 100% cuero, Hebilla aleaci\u00f3n de metales.<\/p>\n<p style=\"text-align: left;\"><strong>Aviso importante<\/strong><\/p>\n<p style=\"text-align: left;\">Todos nuestros productos de cuero est\u00e1n hechos a mano y su nuevo bolso de cuero puede estar sujeta a una variaci\u00f3n natural en tama\u00f1o y color.<\/p>\n<p style=\"text-align: left;\">Las pieles utilizadas han sido procesadas y curtidas en una de las curtidur\u00edas m\u00e1s antiguas utilizando t\u00e9cnicas centenarias para dar al cuero acabado un aspecto antiguo \/ vintage.<br \/>\nPara los tama\u00f1os, permita 1-2 cm diferencia debido a la medida manual.<br \/>\nLas im\u00e1genes son 100% reales.<br \/>\nDebido al monitor del ordenador y el brillo real de la toma y otras razones, habr\u00e1 una cierta diferencia de color.<\/p>\n<!-- AddThis Advanced Settings generic via filter on the_content --><!-- AddThis Share Buttons generic via filter on the_content -->","protected":false},"excerpt":{"rendered":"<p style=\"text-align: left;\">Cintur\u00f3n de cuero con correa repujada y remachada con tachas plateadas, hebilla en metal.<\/p>\n<p style=\"text-align: left;\">El cierre de hebilla en color plateado que puedes ajustar a tu medida con mucha fasilidad mediante tornillo, por lo que sirve para todas las tallas.<\/p>\n<p class=\"Standard\" style=\"text-align: left;\">\u00a0Mide 4 cm de ancho y un largo m\u00e1ximo de 125 cm lo puedes usar en la cintura o en las caderas<\/p>\n<p class=\"Standard\" style=\"text-align: left;\">Es la mejor opci\u00f3n para llevarlo con tus pantalones, preferidos ya que le va a dar el toque que est\u00e1s buscando en tu outfits m\u00e1s original.<\/p>\n<p style=\"text-align: left;\">Composici\u00f3n: Correa 100% cuero, Hebilla aleaci\u00f3n de metales.<\/p>\n<h5 style=\"text-align: center;\"><strong>\u00bfAlguna duda? Ponte en contacto con nosotros a trav\u00e9s del bot\u00f3n del chat directo por whatsApp y te resolveremos las dudas al instante!<\/strong><\/h5>\n<p><!-- AddThis Advanced Settings generic via filter on get_the_excerpt --><!-- AddThis Share Buttons generic via filter on get_the_excerpt --><\/p>\n","protected":false},"featured_media":31516,"comment_status":"open","ping_status":"closed","template":"","meta":{"om_disable_all_campaigns":false,"_monsterinsights_skip_tracking":false,"_monsterinsights_sitenote_active":false,"_monsterinsights_sitenote_note":"","_monsterinsights_sitenote_category":0,"_uf_show_specific_survey":0,"_uf_disable_surveys":false},"product_brand":[1217],"product_cat":[393],"product_tag":[1135,1096,290,332,271,343,337,333,1209,1118,890,1129],"class_list":{"0":"post-31511","1":"product","2":"type-product","3":"status-publish","4":"has-post-thumbnail","6":"product_brand-ibags-belts","7":"product_cat-cinturon-con-tachas","8":"product_tag-accesorios-y-complementos","9":"product_tag-artesania","10":"product_tag-cinturon","11":"product_tag-cinturon-cuero","12":"product_tag-cinturon-cuero-para-hombre-cinturones-cuero-repujado-cinturon-cuero-trenzado-troquelado-cuero-vaca","13":"product_tag-cinturon-cuero-moderno","14":"product_tag-cinturon-cuero-tachas","15":"product_tag-cinturon-cuero-vaca","16":"product_tag-cinturon-remaches","17":"product_tag-remaches","18":"product_tag-rock","19":"product_tag-tachas","21":"first","22":"instock","23":"shipping-taxable","24":"purchasable","25":"product-type-simple","26":"add-to-wishlist-after_add_to_cart","27":"layout-style-1","28":"col-md-4 col-sm-4 col-xs-6","29":"col-lg-3","30":"product-has-gallery","31":"product-style-default"},"aioseo_notices":[],"_links":{"self":[{"href":"https:\/\/www.ibagsbelts.com\/tienda\/wp-json\/wp\/v2\/product\/31511","targetHints":{"allow":["GET"]}}],"collection":[{"href":"https:\/\/www.ibagsbelts.com\/tienda\/wp-json\/wp\/v2\/product"}],"about":[{"href":"https:\/\/www.ibagsbelts.com\/tienda\/wp-json\/wp\/v2\/types\/product"}],"replies":[{"embeddable":true,"href":"https:\/\/www.ibagsbelts.com\/tienda\/wp-json\/wp\/v2\/comments?post=31511"}],"wp:featuredmedia":[{"embeddable":true,"href":"https:\/\/www.ibagsbelts.com\/tienda\/wp-json\/wp\/v2\/media\/31516"}],"wp:attachment":[{"href":"https:\/\/www.ibagsbelts.com\/tienda\/wp-json\/wp\/v2\/media?parent=31511"}],"wp:term":[{"taxonomy":"product_brand","embeddable":true,"href":"https:\/\/www.ibagsbelts.com\/tienda\/wp-json\/wp\/v2\/product_brand?post=31511"},{"taxonomy":"product_cat","embeddable":true,"href":"https:\/\/www.ibagsbelts.com\/tienda\/wp-json\/wp\/v2\/product_cat?post=31511"},{"taxonomy":"product_tag","embeddable":true,"href":"https:\/\/www.ibagsbelts.com\/tienda\/wp-json\/wp\/v2\/product_tag?post=31511"}],"curies":[{"name":"wp","href":"https:\/\/api.w.org\/{rel}","templated":true}]}}