{"id":31600,"date":"2024-09-11T20:47:38","date_gmt":"2024-09-11T18:47:38","guid":{"rendered":"https:\/\/www.ibagsbelts.com\/tienda\/?post_type=product&#038;p=31600"},"modified":"2026-03-11T21:20:03","modified_gmt":"2026-03-11T20:20:03","slug":"bolsos-negro-para-el-gym-de-cuero-artesanal","status":"publish","type":"product","link":"https:\/\/www.ibagsbelts.com\/tienda\/producto\/bolsos-negro-para-el-gym-de-cuero-artesanal\/","title":{"rendered":"Bolsos negro para el gym de cuero artesanal"},"content":{"rendered":"<p style=\"text-align: left;\">Al Gym con estilo! La construcci\u00f3n s\u00f3lida y elegante del gym Bag, cumplir\u00e1 todas tus expectativas para cada ocasi\u00f3n de uso, ya sea diariamente para el al gimnasio o para un viaje corto.<\/p>\n<p style=\"text-align: left;\">Bolso con forma barril en cuero vacuno artesanal y decorado con remaches en color plata para darle un toque mas ca\u00f1ero<\/p>\n<p style=\"text-align: left;\">Manijas tubulares y correa ajustable y desmontable realizadas en cuero. Cierre con cremallera. Interior completamente forrado en algod\u00f3n con bolsillo de 22 cms con cremalleras.<\/p>\n<p style=\"text-align: left;\"><strong>Aviso importante<\/strong><\/p>\n<p style=\"text-align: left;\">Todos nuestros productos de cuero puede estar sujeta a una variaci\u00f3n natural en tama\u00f1o y color.<\/p>\n<p style=\"text-align: left;\">Las pieles utilizadas han sido procesadas y curtidas en una de las curtidur\u00edas m\u00e1s antiguas utilizando t\u00e9cnicas centenarias para dar al cuero acabado un aspecto antiguo \/ vintage. Para los tama\u00f1os, permita 1-2 cm diferencia debido a la medida manual.<\/p>\n<p style=\"text-align: left;\">Las im\u00e1genes son 100% reales. Debido al monitor del ordenador y el brillo real de la toma y otras razones, habr\u00e1 una cierta diferencia de color.<\/p>\n<!-- AddThis Advanced Settings generic via filter on the_content --><!-- AddThis Share Buttons generic via filter on the_content -->","protected":false},"excerpt":{"rendered":"<h5 style=\"text-align: left;\">Al Gym con estilo! La construcci\u00f3n s\u00f3lida y elegante del Gym Bag, cumplir\u00e1 todas tus expectativas para cada ocasi\u00f3n de uso, ya sea diariamente para el al gimnasio o para un viaje corto.<\/h5>\n<h5 style=\"text-align: left;\">Bolso con forma barril en cuero vacuno artesanal y decorado con remaches en color plata para darle un toque mas ca\u00f1ero.<\/h5>\n<h5 style=\"text-align: left;\">No importa cu\u00e1l sea tu estilo, \u00a1este bolso seguro que te encantara!<\/h5>\n<h5 style=\"text-align: left;\">Medidas 20 cm de alto x 35 cm largo.<\/h5>\n<h4><strong>\u00bfAlguna duda? Ponte en contacto con nosotros a trav\u00e9s del bot\u00f3n del chat directo por whatsApp y te resolveremos las dudas al instante<\/strong><\/h4>\n<p><!-- AddThis Advanced Settings generic via filter on get_the_excerpt --><!-- AddThis Share Buttons generic via filter on get_the_excerpt --><\/p>\n","protected":false},"featured_media":31604,"comment_status":"open","ping_status":"closed","template":"","meta":{"om_disable_all_campaigns":false,"_monsterinsights_skip_tracking":false,"_monsterinsights_sitenote_active":false,"_monsterinsights_sitenote_note":"","_monsterinsights_sitenote_category":0,"_uf_show_specific_survey":0,"_uf_disable_surveys":false},"product_brand":[1217],"product_cat":[240,382,40],"product_tag":[1135,301,877,266,777,316,313,255,294,823,1050,319,727,1049,753,1111,279,1166,263,1129,1023,1157],"class_list":{"0":"post-31600","1":"product","2":"type-product","3":"status-publish","4":"has-post-thumbnail","6":"product_brand-ibags-belts","7":"product_cat-bolsos-bandoleras-de-cuero-artesanal","8":"product_cat-bowling","9":"product_cat-bolsos-de-hombro","10":"product_tag-accesorios-y-complementos","11":"product_tag-bandolera","12":"product_tag-bandoleras","13":"product_tag-bolso-bohemian-bolso-cuero-repujado-bolsos-cuero-retro-bolso-shopper-cuero-bolso-cuero-trenzado-bolso-cuero-troquelado","14":"product_tag-bolso-cuero-bandoleras","15":"product_tag-bolso-cuero-con-tachuelas","16":"product_tag-bolso-cuero-hecho-a-mano","17":"product_tag-bolso-cuero-mujer","18":"product_tag-bolso-de-viaje","19":"product_tag-bolso-piel","20":"product_tag-bolso-remaches","21":"product_tag-bolso-viaje-cuero-marron","22":"product_tag-bolsos-bandoleras-cuero","23":"product_tag-bolsos-remaches","24":"product_tag-complementos-de-cuero","25":"product_tag-gym","26":"product_tag-bolso-cuero-artesanal-hombre-bolso-cuero-boho-bolso-cuero-con-tachuelas-bolsos-cuero-caballero-bolso-cuero-de-hombre-bolso-cuero-de-viaje-bolso-cuero-de-vaca","27":"product_tag-shopper","28":"product_tag-bolso-cuero-artesanal-bolso-cuero-artesanal-hombre-bolso-cuero-boho-bolso-cuero-con-tachuelas-bolsos-cuero-caballero-bolso-cuero-de-hombre-bolso-cuero-de-viaje","29":"product_tag-tachas","30":"product_tag-tote","31":"product_tag-viaje","33":"first","34":"outofstock","35":"sale","36":"shipping-taxable","37":"purchasable","38":"product-type-simple","39":"add-to-wishlist-after_add_to_cart","40":"layout-style-1","41":"col-md-4 col-sm-4 col-xs-6","42":"col-lg-3","43":"product-has-gallery","44":"product-style-default"},"aioseo_notices":[],"_links":{"self":[{"href":"https:\/\/www.ibagsbelts.com\/tienda\/wp-json\/wp\/v2\/product\/31600","targetHints":{"allow":["GET"]}}],"collection":[{"href":"https:\/\/www.ibagsbelts.com\/tienda\/wp-json\/wp\/v2\/product"}],"about":[{"href":"https:\/\/www.ibagsbelts.com\/tienda\/wp-json\/wp\/v2\/types\/product"}],"replies":[{"embeddable":true,"href":"https:\/\/www.ibagsbelts.com\/tienda\/wp-json\/wp\/v2\/comments?post=31600"}],"wp:featuredmedia":[{"embeddable":true,"href":"https:\/\/www.ibagsbelts.com\/tienda\/wp-json\/wp\/v2\/media\/31604"}],"wp:attachment":[{"href":"https:\/\/www.ibagsbelts.com\/tienda\/wp-json\/wp\/v2\/media?parent=31600"}],"wp:term":[{"taxonomy":"product_brand","embeddable":true,"href":"https:\/\/www.ibagsbelts.com\/tienda\/wp-json\/wp\/v2\/product_brand?post=31600"},{"taxonomy":"product_cat","embeddable":true,"href":"https:\/\/www.ibagsbelts.com\/tienda\/wp-json\/wp\/v2\/product_cat?post=31600"},{"taxonomy":"product_tag","embeddable":true,"href":"https:\/\/www.ibagsbelts.com\/tienda\/wp-json\/wp\/v2\/product_tag?post=31600"}],"curies":[{"name":"wp","href":"https:\/\/api.w.org\/{rel}","templated":true}]}}