{"id":31699,"date":"2024-09-22T12:06:34","date_gmt":"2024-09-22T10:06:34","guid":{"rendered":"https:\/\/www.ibagsbelts.com\/tienda\/?post_type=product&#038;p=31699"},"modified":"2026-03-11T21:10:02","modified_gmt":"2026-03-11T20:10:02","slug":"bolso-basico-de-piel-morado-con-solapa-clutch-anna","status":"publish","type":"product","link":"https:\/\/www.ibagsbelts.com\/tienda\/producto\/bolso-basico-de-piel-morado-con-solapa-clutch-anna\/","title":{"rendered":"Bolso basico de piel morado con solapa  clutch Anna"},"content":{"rendered":"<p style=\"text-align: left;\">Este vers\u00e1til bolso clutch y bandolera combina estilo y funcionalidad de manera excepcional. Su solapa, a\u00f1ade un toque de elegancia italiana que se integra perfectamente con tus looks diarios.<\/p>\n<p style=\"text-align: left;\">Confeccionado con piel italiana de alta calidad, este bolso presenta un dise\u00f1o que permite llevarlo como bandolera gracias a su asa ajustable. Su tama\u00f1o compacto no compromete la capacidad de almacenamiento, permiti\u00e9ndote llevar contigo lo esencial a donde vayas.<\/p>\n<p style=\"text-align: left;\">Ya sea colgado del hombro o cruzado gracias a sus asas de cadena larga y delgada, este bolso te ofrece la flexibilidad y el estilo que necesitas para complementar tu d\u00eda a d\u00eda con un toque de sofisticaci\u00f3n italiana.<\/p>\n<p style=\"text-align: left;\">Con unas dimensiones de 15 cm de alto, 25 cm de largo y 2 cm de ancho, as\u00ed como una medida de asa bandolera de 116 cm, este bolso ofrece espacio suficiente para tus necesidades diarias sin comprometer el estilo. Es el accesorio ideal para expresar tu individualidad y amor por el estilo moderno.<\/p>\n<p style=\"text-align: left;\"><strong>Aviso importante<\/strong><\/p>\n<p style=\"text-align: left;\">Todos nuestros productos de cuero est\u00e1n hechos a mano y su nueva bolsa de cuero puede estar sujeta a una variaci\u00f3n natural en tama\u00f1o y color.<br \/>\nPara los tama\u00f1os, permita 1-2 cm difiere debido a la medida manual.<br \/>\nLas im\u00e1genes son 100% reales.<br \/>\nDebido al monitor del ordenador y el brillo real de la toma y otras razones, habr\u00e1 una cierta diferencia de color.<\/p>\n<!-- AddThis Advanced Settings generic via filter on the_content --><!-- AddThis Share Buttons generic via filter on the_content -->","protected":false},"excerpt":{"rendered":"<p style=\"text-align: left;\">Este vers\u00e1til bolso clutch y bandolera combina estilo y funcionalidad de manera excepcional. Su solapa, a\u00f1ade un toque de elegancia italiana que se integra perfectamente con tus looks diarios.<\/p>\n<p style=\"text-align: left;\">Este peque\u00f1o bolso bandolera convence por su dise\u00f1o minimalista y sencillo y est\u00e1 fabricado en piel de napa de alta calidad. El interior del bolso se puede cerrar con cremallera y est\u00e1 equipado con un compartimento adicional. El bolsillo interior ofrece suficiente espacio para una cartera grande y un tel\u00e9fono m\u00f3vil y se puede cerrar con la solapa. La correa de hombro desmontable te permite llevar no solo como bolso de hombro, sino tambi\u00e9n como bolso de mano, por lo que se adapta f\u00e1cilmente a cualquier estilo. Dimensiones de 15 cm de alto, 25 cm de largo y 2 cm de ancho<\/p>\n<p style=\"text-align: left;\">\u00b7 Piel de napa suave.<\/p>\n<p style=\"text-align: left;\">\u00b7 Bolsillo interno con cremallera.<\/p>\n<p style=\"text-align: left;\">\u00b7 Correa de hombro desmontable y ajustable en longitud.<\/p>\n<p style=\"text-align: left;\">\u00b7 Se puede llevar como bolso de hombro o clutch.<\/p>\n<h5 style=\"text-align: center;\"><strong>\u00bfAlguna duda? Ponte en contacto con nosotros a trav\u00e9s del bot\u00f3n del chat directo por whatsApp y te resolveremos las dudas al instante!<\/strong><\/h5>\n<p><!-- AddThis Advanced Settings generic via filter on get_the_excerpt --><!-- AddThis Share Buttons generic via filter on get_the_excerpt --><\/p>\n","protected":false},"featured_media":31722,"comment_status":"open","ping_status":"closed","template":"","meta":{"om_disable_all_campaigns":false,"_monsterinsights_skip_tracking":false,"_monsterinsights_sitenote_active":false,"_monsterinsights_sitenote_note":"","_monsterinsights_sitenote_category":0,"_uf_show_specific_survey":0,"_uf_disable_surveys":false},"product_brand":[1217],"product_cat":[240,757],"product_tag":[1135,1096,301,877,266,303,313,255,823,1036,727,281,905,1102,1038],"class_list":{"0":"post-31699","1":"product","2":"type-product","3":"status-publish","4":"has-post-thumbnail","6":"product_brand-ibags-belts","7":"product_cat-bolsos-bandoleras-de-cuero-artesanal","8":"product_cat-bolso-clutch","9":"product_tag-accesorios-y-complementos","10":"product_tag-artesania","11":"product_tag-bandolera","12":"product_tag-bandoleras","13":"product_tag-bolso-bohemian-bolso-cuero-repujado-bolsos-cuero-retro-bolso-shopper-cuero-bolso-cuero-trenzado-bolso-cuero-troquelado","14":"product_tag-bolso-bohemian","15":"product_tag-bolso-cuero-hecho-a-mano","16":"product_tag-bolso-cuero-mujer","17":"product_tag-bolso-piel","18":"product_tag-bolso-piel-italiano","19":"product_tag-bolsos-bandoleras-cuero","20":"product_tag-bolso-bohemian-bolso-cuero-para-hombre-bolso-cuero-repujado-bolsos-cuero-retro-bolso-shopper-cuero-bolso-cuero-trenzado-bolso-cuero-troquelado-bolso-cuero-vaca-bolso-cuero-viaje-hombre","21":"product_tag-casual","22":"product_tag-piel","23":"product_tag-piel-lavada","25":"first","26":"instock","27":"shipping-taxable","28":"purchasable","29":"product-type-simple","30":"add-to-wishlist-after_add_to_cart","31":"layout-style-1","32":"col-md-4 col-sm-4 col-xs-6","33":"col-lg-3","34":"product-has-gallery","35":"product-style-default"},"aioseo_notices":[],"_links":{"self":[{"href":"https:\/\/www.ibagsbelts.com\/tienda\/wp-json\/wp\/v2\/product\/31699","targetHints":{"allow":["GET"]}}],"collection":[{"href":"https:\/\/www.ibagsbelts.com\/tienda\/wp-json\/wp\/v2\/product"}],"about":[{"href":"https:\/\/www.ibagsbelts.com\/tienda\/wp-json\/wp\/v2\/types\/product"}],"replies":[{"embeddable":true,"href":"https:\/\/www.ibagsbelts.com\/tienda\/wp-json\/wp\/v2\/comments?post=31699"}],"wp:featuredmedia":[{"embeddable":true,"href":"https:\/\/www.ibagsbelts.com\/tienda\/wp-json\/wp\/v2\/media\/31722"}],"wp:attachment":[{"href":"https:\/\/www.ibagsbelts.com\/tienda\/wp-json\/wp\/v2\/media?parent=31699"}],"wp:term":[{"taxonomy":"product_brand","embeddable":true,"href":"https:\/\/www.ibagsbelts.com\/tienda\/wp-json\/wp\/v2\/product_brand?post=31699"},{"taxonomy":"product_cat","embeddable":true,"href":"https:\/\/www.ibagsbelts.com\/tienda\/wp-json\/wp\/v2\/product_cat?post=31699"},{"taxonomy":"product_tag","embeddable":true,"href":"https:\/\/www.ibagsbelts.com\/tienda\/wp-json\/wp\/v2\/product_tag?post=31699"}],"curies":[{"name":"wp","href":"https:\/\/api.w.org\/{rel}","templated":true}]}}