{"id":31776,"date":"2024-10-06T16:04:10","date_gmt":"2024-10-06T14:04:10","guid":{"rendered":"https:\/\/www.ibagsbelts.com\/tienda\/?post_type=product&#038;p=31776"},"modified":"2026-03-11T21:07:07","modified_gmt":"2026-03-11T20:07:07","slug":"bolso-bandolera-tejida-en-piel-topo-ada","status":"publish","type":"product","link":"https:\/\/www.ibagsbelts.com\/tienda\/producto\/bolso-bandolera-tejida-en-piel-topo-ada\/","title":{"rendered":"Bolso bandolera tejida en piel topo Ada"},"content":{"rendered":"<p>Este bolso de piel trenzada es un accesorio refinado que no pasar\u00e1 desapercibido. El tejido trenzado es el protagonista, destacando por su excepcional suavidad y elegancia. Viene equipado con una cadena bronceada con cuero en el interior que permite usarlo como bandolera.<\/p>\n<p>Este bolso de mujer est\u00e1 confeccionado en piel aut\u00e9ntica 100% Made in Italy, lo que garantiza su calidad y durabilidad. Presenta cierres de clip bronceados que a\u00f1aden un toque sofisticado. En su interior, cuenta con un forro de algod\u00f3n, un bolsillo interno para una mejor organizaci\u00f3n y una correa de hombro de cadena extra\u00edble.<\/p>\n<p>Adem\u00e1s, incluye una correa de hombro larga de cuero ajustable y extra\u00edble, lo que proporciona versatilidad en su uso seg\u00fan las preferencias personales.<\/p>\n<p>Las dimensiones de este bolso son: Largo 24 cm x Alto 17 cm x Profundidad 7 cm, lo que lo hace perfecto para llevar lo esencial con estilo en cualquier ocasi\u00f3n. Este bolso es el complemento ideal para realzar cualquier conjunto con su elegante dise\u00f1o y detalles cuidadosamente elaborados.<\/p>\n<p style=\"text-align: left;\">Explora nuestra colecci\u00f3n completa de bolsos en <a href=\"https:\/\/www.ibagsbelts.com\/tienda\/?s=beige\"><strong>beige<\/strong><\/a>\u00a0para encontrar el complemento perfecto para tu estilo. Adem\u00e1s, no te pierdas nuestra selecci\u00f3n de bolsos bandolera y bolsos con tejido estrecho para descubrir m\u00e1s opciones que se adapten a tus gustos y necesidades.<\/p>\n<p style=\"text-align: left;\">Con nuestro bolso bandolera de piel aut\u00e9ntica, estar\u00e1s lista para enfrentar cualquier aventura con estilo y elegancia. \u00a1Hazte con el tuyo hoy mismo!<\/p>\n<p style=\"text-align: left;\"><strong>Aviso importante<\/strong><\/p>\n<p>Todos nuestros productos de cuero est\u00e1n hechos a mano y su nueva bolsa de cuero puede estar sujeta a una variaci\u00f3n natural en tama\u00f1o y color.<br \/>\nPara los tama\u00f1os, permita 1-2 cm difiere debido a la medida manual.<br \/>\nLas im\u00e1genes son 100% reales.<br \/>\nDebido al monitor del ordenador y el brillo real de la toma y otras razones, habr\u00e1 una cierta diferencia de color.<\/p>\n<!-- AddThis Advanced Settings generic via filter on the_content --><!-- AddThis Share Buttons generic via filter on the_content -->","protected":false},"excerpt":{"rendered":"<p style=\"text-align: left;\">\u00a1Descubre la elegancia y la funcionalidad con nuestro bolso bandolera de tama\u00f1o mediano! Este bolso est\u00e1 confeccionado en piel aut\u00e9ntica, lo que le otorga durabilidad y un aspecto sofisticado. Destaca por su tejido con tiras de piel en el panel frontal, que le a\u00f1ade un toque \u00fanico.<\/p>\n<p>Este bolso de mujer est\u00e1 confeccionado en piel aut\u00e9ntica 100% Made in Italy, lo que garantiza su calidad y durabilidad. Presenta cierres de clip bronceados que a\u00f1aden un toque sofisticado. En su interior, cuenta con un forro de algod\u00f3n, un bolsillo interno para una mejor organizaci\u00f3n y una correa de hombro de cadena extra\u00edble.<\/p>\n<p>Adem\u00e1s, incluye una correa de hombro larga de cuero ajustable y extra\u00edble, lo que proporciona versatilidad en su uso seg\u00fan las preferencias personales.<\/p>\n<p>Las dimensiones de este bolso son: Largo 23 cm x Alto 16 cm x Profundidad 7 cm, lo que lo hace perfecto para llevar lo esencial con estilo en cualquier ocasi\u00f3n. Este bolso es el complemento ideal para realzar cualquier conjunto con su elegante dise\u00f1o y detalles cuidadosamente elaborados.<\/p>\n<h5 style=\"text-align: center;\"><strong>\u00bfAlguna duda? Ponte en contacto con nosotros a trav\u00e9s del bot\u00f3n del chat directo por WhatsApp y te resolveremos las dudas al instante<\/strong><\/h5>\n<p><!-- AddThis Advanced Settings generic via filter on get_the_excerpt --><!-- AddThis Share Buttons generic via filter on get_the_excerpt --><\/p>\n","protected":false},"featured_media":31777,"comment_status":"open","ping_status":"closed","template":"","meta":{"om_disable_all_campaigns":false,"_monsterinsights_skip_tracking":false,"_monsterinsights_sitenote_active":false,"_monsterinsights_sitenote_note":"","_monsterinsights_sitenote_category":0,"_uf_show_specific_survey":0,"_uf_disable_surveys":false},"product_brand":[1217],"product_cat":[240,1035,40],"product_tag":[1135,1096,301,877,737,266,303,299,305,315,255,823,1036,784,727,302,743,1102,1038,1048],"class_list":{"0":"post-31776","1":"product","2":"type-product","3":"status-publish","4":"has-post-thumbnail","6":"product_brand-ibags-belts","7":"product_cat-bolsos-bandoleras-de-cuero-artesanal","8":"product_cat-bolso-de-cuero-italiano","9":"product_cat-bolsos-de-hombro","10":"product_tag-accesorios-y-complementos","11":"product_tag-artesania","12":"product_tag-bandolera","13":"product_tag-bandoleras","14":"product_tag-bohochic","15":"product_tag-bolso-bohemian-bolso-cuero-repujado-bolsos-cuero-retro-bolso-shopper-cuero-bolso-cuero-trenzado-bolso-cuero-troquelado","16":"product_tag-bolso-bohemian","17":"product_tag-bolso-cuero","18":"product_tag-bolso-cuero-artesanal","19":"product_tag-bolso-cuero-artesano","20":"product_tag-bolso-cuero-mujer","21":"product_tag-bolso-piel","22":"product_tag-bolso-piel-italiano","23":"product_tag-bolso-trenzados","24":"product_tag-bolsos-bandoleras-cuero","25":"product_tag-bolsos-de-cuero","26":"product_tag-estilo-boho","27":"product_tag-piel","28":"product_tag-piel-lavada","29":"product_tag-trenzado","31":"first","32":"instock","33":"sale","34":"shipping-taxable","35":"purchasable","36":"product-type-simple","37":"add-to-wishlist-after_add_to_cart","38":"layout-style-1","39":"col-md-4 col-sm-4 col-xs-6","40":"col-lg-3","41":"product-has-gallery","42":"product-style-default"},"aioseo_notices":[],"_links":{"self":[{"href":"https:\/\/www.ibagsbelts.com\/tienda\/wp-json\/wp\/v2\/product\/31776","targetHints":{"allow":["GET"]}}],"collection":[{"href":"https:\/\/www.ibagsbelts.com\/tienda\/wp-json\/wp\/v2\/product"}],"about":[{"href":"https:\/\/www.ibagsbelts.com\/tienda\/wp-json\/wp\/v2\/types\/product"}],"replies":[{"embeddable":true,"href":"https:\/\/www.ibagsbelts.com\/tienda\/wp-json\/wp\/v2\/comments?post=31776"}],"wp:featuredmedia":[{"embeddable":true,"href":"https:\/\/www.ibagsbelts.com\/tienda\/wp-json\/wp\/v2\/media\/31777"}],"wp:attachment":[{"href":"https:\/\/www.ibagsbelts.com\/tienda\/wp-json\/wp\/v2\/media?parent=31776"}],"wp:term":[{"taxonomy":"product_brand","embeddable":true,"href":"https:\/\/www.ibagsbelts.com\/tienda\/wp-json\/wp\/v2\/product_brand?post=31776"},{"taxonomy":"product_cat","embeddable":true,"href":"https:\/\/www.ibagsbelts.com\/tienda\/wp-json\/wp\/v2\/product_cat?post=31776"},{"taxonomy":"product_tag","embeddable":true,"href":"https:\/\/www.ibagsbelts.com\/tienda\/wp-json\/wp\/v2\/product_tag?post=31776"}],"curies":[{"name":"wp","href":"https:\/\/api.w.org\/{rel}","templated":true}]}}