{"id":32045,"date":"2024-10-21T22:13:05","date_gmt":"2024-10-21T20:13:05","guid":{"rendered":"https:\/\/www.ibagsbelts.com\/tienda\/?post_type=product&#038;p=32045"},"modified":"2026-03-11T20:07:13","modified_gmt":"2026-03-11T19:07:13","slug":"cinturon-de-cuero-trenzado-camel-con-hebilla-ovalada-bufalo","status":"publish","type":"product","link":"https:\/\/www.ibagsbelts.com\/tienda\/producto\/cinturon-de-cuero-trenzado-camel-con-hebilla-ovalada-bufalo\/","title":{"rendered":"Cintur\u00f3n de cuero trenzado camel con hebilla ovalada b\u00fafalo"},"content":{"rendered":"<p style=\"text-align: left;\">Cintur\u00f3n de mujer de cuero trenzado, trabajo artesanal hecho a mano, hand made, complemento ideal para las amantes del estilo ibicenco, tambi\u00e9n muy vers\u00e1til para cintur\u00f3n de cintura o cadera en cualquier medida<\/p>\n<p style=\"text-align: left;\">Cintur\u00f3n de cuero artesanal con trenzado a mano\u00a0 de cuero con hebilla ovalada con silueta de b\u00fafalo con una<\/p>\n<p style=\"text-align: left;\">en la parte central que lo trasforman en el complemento ideal para el estilo boho soul.<\/p>\n<p style=\"text-align: left;\"><strong>Aviso importante<\/strong><\/p>\n<p style=\"text-align: left;\">Todos nuestros productos de cuero puede estar sujeta a una variaci\u00f3n natural en tama\u00f1o y color.<\/p>\n<p style=\"text-align: left;\">Las pieles utilizadas han sido procesadas y curtidas en una de las curtidur\u00edas m\u00e1s antiguas utilizando t\u00e9cnicas centenarias para dar al cuero acabado un aspecto antiguo \/ vintage.<br \/>\nPara los tama\u00f1os, permita 1-2 cm difiere debido a la medida manual.<br \/>\nLas im\u00e1genes son 100% reales.<br \/>\nDebido al monitor del ordenador y el brillo real de la toma y otras razones, habr\u00e1 una cierta diferencia de color.<\/p>\n<!-- AddThis Advanced Settings generic via filter on the_content --><!-- AddThis Share Buttons generic via filter on the_content -->","protected":false},"excerpt":{"rendered":"<p style=\"text-align: left;\">Cintur\u00f3n de mujer de cuero trenzado, trabajo artesanal hecho a mano, hand made, complemento ideal para las amantes del estilo ibicenco, tambi\u00e9n muy vers\u00e1til para cintur\u00f3n de cintura o cadera en cualquier medida<\/p>\n<p style=\"text-align: left;\">Cintur\u00f3n de cuero artesanal con trenzado a mano\u00a0 de cuero con hebilla ovalada con silueta de b\u00fafalo con una<\/p>\n<p style=\"text-align: left;\">en la parte central que lo trasforman en el complemento ideal para el estilo boho soul.<\/p>\n<p>MEDIDAS 110 cm de largo y ancho del trenzado entre 7 y 8 cm<\/p>\n<div class=\"woocommerce-product-details__short-description\">\n<h5 style=\"text-align: center;\"><strong>\u00bfAlguna duda? Ponte en contacto con nosotros a trav\u00e9s del bot\u00f3n del chat directo por whatsApp y te resolveremos las dudas al instante!<\/strong><\/h5>\n<\/div>\n<p>&nbsp;<!-- AddThis Advanced Settings generic via filter on get_the_excerpt --><!-- AddThis Share Buttons generic via filter on get_the_excerpt --><\/p>\n","protected":false},"featured_media":32046,"comment_status":"open","ping_status":"closed","template":"","meta":{"om_disable_all_campaigns":false,"_monsterinsights_skip_tracking":false,"_monsterinsights_sitenote_active":false,"_monsterinsights_sitenote_note":"","_monsterinsights_sitenote_category":0,"_uf_show_specific_survey":0,"_uf_disable_surveys":false},"product_brand":[1217],"product_cat":[396,951],"product_tag":[1135,1096,736,737,1087,290,332,340,341,264,335,333,1034,31,752,753,1088,744],"class_list":{"0":"post-32045","1":"product","2":"type-product","3":"status-publish","4":"has-post-thumbnail","6":"product_brand-ibags-belts","7":"product_cat-trenzados-cinturon","8":"product_cat-fajin","9":"product_tag-accesorios-y-complementos","10":"product_tag-artesania","11":"product_tag-boho","12":"product_tag-bohochic","13":"product_tag-cinto","14":"product_tag-cinturon","15":"product_tag-cinturon-cuero","16":"product_tag-cinturon-cuero-ancho-bohemian","17":"product_tag-cinturon-cuero-boho-chic","18":"product_tag-cinturon-cuero-de-vaca-cuero-de-cuero-cinturon-de-cuero-chapa","19":"product_tag-cinturon-cuero-natural","20":"product_tag-cinturon-cuero-vaca","21":"product_tag-cinturones","22":"product_tag-cinturon-trenzado-de-cuero","23":"product_tag-complementos","24":"product_tag-complementos-de-cuero","25":"product_tag-correa","26":"product_tag-estilo-bohochic","28":"first","29":"instock","30":"shipping-taxable","31":"purchasable","32":"product-type-simple","33":"add-to-wishlist-after_add_to_cart","34":"layout-style-1","35":"col-md-4 col-sm-4 col-xs-6","36":"col-lg-3","37":"product-has-gallery","38":"product-style-default"},"aioseo_notices":[],"_links":{"self":[{"href":"https:\/\/www.ibagsbelts.com\/tienda\/wp-json\/wp\/v2\/product\/32045","targetHints":{"allow":["GET"]}}],"collection":[{"href":"https:\/\/www.ibagsbelts.com\/tienda\/wp-json\/wp\/v2\/product"}],"about":[{"href":"https:\/\/www.ibagsbelts.com\/tienda\/wp-json\/wp\/v2\/types\/product"}],"replies":[{"embeddable":true,"href":"https:\/\/www.ibagsbelts.com\/tienda\/wp-json\/wp\/v2\/comments?post=32045"}],"wp:featuredmedia":[{"embeddable":true,"href":"https:\/\/www.ibagsbelts.com\/tienda\/wp-json\/wp\/v2\/media\/32046"}],"wp:attachment":[{"href":"https:\/\/www.ibagsbelts.com\/tienda\/wp-json\/wp\/v2\/media?parent=32045"}],"wp:term":[{"taxonomy":"product_brand","embeddable":true,"href":"https:\/\/www.ibagsbelts.com\/tienda\/wp-json\/wp\/v2\/product_brand?post=32045"},{"taxonomy":"product_cat","embeddable":true,"href":"https:\/\/www.ibagsbelts.com\/tienda\/wp-json\/wp\/v2\/product_cat?post=32045"},{"taxonomy":"product_tag","embeddable":true,"href":"https:\/\/www.ibagsbelts.com\/tienda\/wp-json\/wp\/v2\/product_tag?post=32045"}],"curies":[{"name":"wp","href":"https:\/\/api.w.org\/{rel}","templated":true}]}}