{"id":32053,"date":"2024-10-21T22:44:57","date_gmt":"2024-10-21T20:44:57","guid":{"rendered":"https:\/\/www.ibagsbelts.com\/tienda\/?post_type=product&#038;p=32053"},"modified":"2026-03-11T20:06:39","modified_gmt":"2026-03-11T19:06:39","slug":"cinturon-marron-de-cuero-con-remaches-y-ojales","status":"publish","type":"product","link":"https:\/\/www.ibagsbelts.com\/tienda\/producto\/cinturon-marron-de-cuero-con-remaches-y-ojales\/","title":{"rendered":"Cintur\u00f3n marr\u00f3n de cuero con remaches y ojales"},"content":{"rendered":"<p style=\"text-align: left;\"><span class=\"a-list-item\">Cintur\u00f3n de cuero artesanal resistente y suave. Proporciona buena tenacidad, solidez y resistencia al desgaste.<\/span><\/p>\n<p style=\"text-align: left;\"><span class=\"a-list-item\">Elegante dise\u00f1o de moda el cintur\u00f3n est\u00e1 decorado con remaches en color plata de dos tipos en tres l\u00edneas. La mayor\u00eda de la belleza y la singularidad del dise\u00f1o. Muy apropiado para la ropa color negro,\u00a0 \u00a0estilo g\u00f3tico cl\u00e1sico, punk.<\/span><\/p>\n<p style=\"text-align: left;\"><span class=\"a-list-item\">Hebilla de aleaci\u00f3n de metal.\u00a0<\/span><span class=\"a-list-item\">Ajuste preciso: el cintur\u00f3n tiene una longitud de 110 cm, un ancho de 5,5 cm, c\u00f3modo y duradero. La longitud del cintur\u00f3n se puede ajustar de acuerdo a su cintura o cadera.<\/span><\/p>\n<p style=\"text-align: left;\"><span class=\"a-list-item\">Nuestros cinturones est\u00e1n disponibles en una variedad de colores, el cintur\u00f3n estil\u00edstico es de alta calidad y nunca est\u00e1 obsoleto.<\/span><\/p>\n<div class=\"woocommerce-product-details__short-description\" style=\"text-align: left;\"><strong>Aviso importante<\/strong><\/div>\n<div class=\"woocommerce-product-details__short-description\" style=\"text-align: left;\">Todos nuestros productos de cuero est\u00e1n hechos a mano y su nuevo articulo de cuero puede estar sujeta a una variaci\u00f3n natural en tama\u00f1o y color.<br \/>\nLas im\u00e1genes son 100% reales.<br \/>\nDebido al monitor del ordenador y el brillo real de la toma y otras razones, habr\u00e1 una cierta diferencia de color.<\/div>\n<div><\/div>\n<!-- AddThis Advanced Settings generic via filter on the_content --><!-- AddThis Share Buttons generic via filter on the_content -->","protected":false},"excerpt":{"rendered":"<p style=\"text-align: left;\"><span class=\"a-list-item\">Cintur\u00f3n de cuero artesanal resistente y suave. Proporciona buena tenacidad, solidez y resistencia al desgaste.<\/span><\/p>\n<p style=\"text-align: left;\"><span class=\"a-list-item\">Elegante dise\u00f1o de moda el cintur\u00f3n est\u00e1 decorado con remaches en color plata de dos tipos en tres l\u00edneas. La mayor\u00eda de la belleza y la singularidad del dise\u00f1o. Muy apropiado para la ropa color negro,\u00a0 \u00a0estilo g\u00f3tico cl\u00e1sico, punk.<\/span><\/p>\n<p style=\"text-align: left;\"><span class=\"a-list-item\">Hebilla de aleaci\u00f3n de metal.\u00a0<\/span><span class=\"a-list-item\">Ajuste preciso: el cintur\u00f3n tiene una longitud de 110 cm, un ancho de 5,5 cm, c\u00f3modo y duradero. La longitud del cintur\u00f3n se puede ajustar de acuerdo a su cintura o cadera.<\/span><\/p>\n<p style=\"text-align: left;\"><span class=\"a-list-item\">Nuestros cinturones est\u00e1n disponibles en una variedad de colores, el cintur\u00f3n estil\u00edstico es de alta calidad y nunca est\u00e1 obsoleto.<\/span><\/p>\n<div class=\"woocommerce-product-details__short-description\">\n<h5 style=\"text-align: center;\"><strong>\u00bfAlguna duda? Ponte en contacto con nosotros a trav\u00e9s del bot\u00f3n del chat directo por whatsApp y te resolveremos las dudas al instante!<\/strong><\/h5>\n<\/div>\n<p><!-- AddThis Advanced Settings generic via filter on get_the_excerpt --><!-- AddThis Share Buttons generic via filter on get_the_excerpt --><\/p>\n","protected":false},"featured_media":32054,"comment_status":"open","ping_status":"closed","template":"","meta":{"om_disable_all_campaigns":false,"_monsterinsights_skip_tracking":false,"_monsterinsights_sitenote_active":false,"_monsterinsights_sitenote_note":"","_monsterinsights_sitenote_category":0,"_uf_show_specific_survey":0,"_uf_disable_surveys":false},"product_brand":[1217],"product_cat":[393,951],"product_tag":[1135,1096,1087,290,332,264,343,337,333,1034,753,1088,738,1102,890],"class_list":{"0":"post-32053","1":"product","2":"type-product","3":"status-publish","4":"has-post-thumbnail","6":"product_brand-ibags-belts","7":"product_cat-cinturon-con-tachas","8":"product_cat-fajin","9":"product_tag-accesorios-y-complementos","10":"product_tag-artesania","11":"product_tag-cinto","12":"product_tag-cinturon","13":"product_tag-cinturon-cuero","14":"product_tag-cinturon-cuero-de-vaca-cuero-de-cuero-cinturon-de-cuero-chapa","15":"product_tag-cinturon-cuero-moderno","16":"product_tag-cinturon-cuero-tachas","17":"product_tag-cinturon-cuero-vaca","18":"product_tag-cinturones","19":"product_tag-complementos-de-cuero","20":"product_tag-correa","21":"product_tag-hippie","22":"product_tag-piel","23":"product_tag-rock","25":"first","26":"instock","27":"sale","28":"shipping-taxable","29":"purchasable","30":"product-type-simple","31":"add-to-wishlist-after_add_to_cart","32":"layout-style-1","33":"col-md-4 col-sm-4 col-xs-6","34":"col-lg-3","35":"product-has-gallery","36":"product-style-default"},"aioseo_notices":[],"_links":{"self":[{"href":"https:\/\/www.ibagsbelts.com\/tienda\/wp-json\/wp\/v2\/product\/32053","targetHints":{"allow":["GET"]}}],"collection":[{"href":"https:\/\/www.ibagsbelts.com\/tienda\/wp-json\/wp\/v2\/product"}],"about":[{"href":"https:\/\/www.ibagsbelts.com\/tienda\/wp-json\/wp\/v2\/types\/product"}],"replies":[{"embeddable":true,"href":"https:\/\/www.ibagsbelts.com\/tienda\/wp-json\/wp\/v2\/comments?post=32053"}],"wp:featuredmedia":[{"embeddable":true,"href":"https:\/\/www.ibagsbelts.com\/tienda\/wp-json\/wp\/v2\/media\/32054"}],"wp:attachment":[{"href":"https:\/\/www.ibagsbelts.com\/tienda\/wp-json\/wp\/v2\/media?parent=32053"}],"wp:term":[{"taxonomy":"product_brand","embeddable":true,"href":"https:\/\/www.ibagsbelts.com\/tienda\/wp-json\/wp\/v2\/product_brand?post=32053"},{"taxonomy":"product_cat","embeddable":true,"href":"https:\/\/www.ibagsbelts.com\/tienda\/wp-json\/wp\/v2\/product_cat?post=32053"},{"taxonomy":"product_tag","embeddable":true,"href":"https:\/\/www.ibagsbelts.com\/tienda\/wp-json\/wp\/v2\/product_tag?post=32053"}],"curies":[{"name":"wp","href":"https:\/\/api.w.org\/{rel}","templated":true}]}}