{"id":32275,"date":"2024-12-03T21:36:11","date_gmt":"2024-12-03T20:36:11","guid":{"rendered":"https:\/\/www.ibagsbelts.com\/tienda\/?post_type=product&#038;p=32275"},"modified":"2026-03-11T19:57:19","modified_gmt":"2026-03-11T18:57:19","slug":"rinonera-de-cuero-lavada-negra-con-monedero-triana","status":"publish","type":"product","link":"https:\/\/www.ibagsbelts.com\/tienda\/producto\/rinonera-de-cuero-lavada-negra-con-monedero-triana\/","title":{"rendered":"Ri\u00f1onera negra de cuero lavada con monedero Triana"},"content":{"rendered":"<p>M\u00e1s que un bolso de cintur\u00f3n, Triana est\u00e1 dise\u00f1ado para ser usado c\u00f3modamente como un bolso bandolera con espacio para todas sus necesidades, sin perder su elegante atractivo. Hecho a mano en suave cuero italiano vintage, es una adici\u00f3n impresionante al vestuario de cualquiera que trasciende las tendencias de la moda en constante cambio. Tanto a los hombres como a las mujeres les encanta este accesorio elegante y funcional.<\/p>\n<p>Dos compartimentos de cierre con cremallera. La cremallera superior abre la parte superior para un acceso f\u00e1cil y espacioso al compartimento principal con un bolsillo adicional con cremallera en el interior. La segunda cremallera va a un bolsillo separado y hay un bolsillo adicional con cremallera en la parte frontal.<\/p>\n<p>Medidas y detalles:<br \/>\nMedidas: 38 cm X 10 X 18 cm\u00a0 + Monedero redondo Adicional<br \/>\nTama\u00f1o m\u00e1ximo de longitud (bolsa incluida) 120 cm\/ MIN 90 cm<br \/>\nInterior: algod\u00f3n lavado suave con 1 bolsillo interior con cremallera.<\/p>\n<p><strong>Aviso importante<\/strong><\/p>\n<h5 style=\"text-align: left;\">Todos nuestros productos de cuero est\u00e1n hechos a mano y su nueva bolsa de cuero puede estar sujeta a una variaci\u00f3n natural en tama\u00f1o y color.<br \/>\nPara los tama\u00f1os, permita 1-2 cm difiere debido a la medida manual.<br \/>\nLas im\u00e1genes son 100% reales.<br \/>\nDebido al monitor del ordenador y el brillo real de la toma y otras razones, habr\u00e1 una cierta diferencia de color.<\/h5>\n<!-- AddThis Advanced Settings generic via filter on the_content --><!-- AddThis Share Buttons generic via filter on the_content -->","protected":false},"excerpt":{"rendered":"<p class=\"p1\">RI\u00d1ONERA CON MONEDERO<\/p>\n<p class=\"p1\">Esta ri\u00f1onera en piel de vacuno lavada, fabricada en Italia, encarna el estilo vintage, ofrece practicidad y elegancia. El accesorio perfecto para completar un look casual sin dejar de ser trendy.<\/p>\n<p class=\"p1\">Dimensiones: 38CM X 18CM X 10CM<\/p>\n<p class=\"p1\">Piel aut\u00e9ntica de vacuno de lava con forro de algod\u00f3n.<\/p>\n<p class=\"p1\">Hecho en Italia<\/p>\n<h4><strong>\u00bfAlguna duda? Ponte en contacto con nosotros a trav\u00e9s del bot\u00f3n del chat directo por whatsApp y te resolveremos las dudas al instante!<\/strong><\/h4>\n<p><!-- AddThis Advanced Settings generic via filter on get_the_excerpt --><!-- AddThis Share Buttons generic via filter on get_the_excerpt --><\/p>\n","protected":false},"featured_media":32276,"comment_status":"open","ping_status":"closed","template":"","meta":{"om_disable_all_campaigns":false,"_monsterinsights_skip_tracking":false,"_monsterinsights_sitenote_active":false,"_monsterinsights_sitenote_note":"","_monsterinsights_sitenote_category":0,"_uf_show_specific_survey":0,"_uf_disable_surveys":false},"product_brand":[1217],"product_cat":[1035,950],"product_tag":[1135,1096,1042,1033,877,266,823,1036,905,1102,1038,795,793],"class_list":{"0":"post-32275","1":"product","2":"type-product","3":"status-publish","4":"has-post-thumbnail","6":"product_brand-ibags-belts","7":"product_cat-bolso-de-cuero-italiano","8":"product_cat-rinoneras","9":"product_tag-accesorios-y-complementos","10":"product_tag-artesania","11":"product_tag-banana","12":"product_tag-bananas","13":"product_tag-bandoleras","14":"product_tag-bolso-bohemian-bolso-cuero-repujado-bolsos-cuero-retro-bolso-shopper-cuero-bolso-cuero-trenzado-bolso-cuero-troquelado","15":"product_tag-bolso-piel","16":"product_tag-bolso-piel-italiano","17":"product_tag-casual","18":"product_tag-piel","19":"product_tag-piel-lavada","20":"product_tag-rinonera-cuero","21":"product_tag-rinoneras","23":"first","24":"instock","25":"shipping-taxable","26":"purchasable","27":"product-type-simple","28":"add-to-wishlist-after_add_to_cart","29":"layout-style-1","30":"col-md-4 col-sm-4 col-xs-6","31":"col-lg-3","32":"product-has-gallery","33":"product-style-default"},"aioseo_notices":[],"_links":{"self":[{"href":"https:\/\/www.ibagsbelts.com\/tienda\/wp-json\/wp\/v2\/product\/32275","targetHints":{"allow":["GET"]}}],"collection":[{"href":"https:\/\/www.ibagsbelts.com\/tienda\/wp-json\/wp\/v2\/product"}],"about":[{"href":"https:\/\/www.ibagsbelts.com\/tienda\/wp-json\/wp\/v2\/types\/product"}],"replies":[{"embeddable":true,"href":"https:\/\/www.ibagsbelts.com\/tienda\/wp-json\/wp\/v2\/comments?post=32275"}],"wp:featuredmedia":[{"embeddable":true,"href":"https:\/\/www.ibagsbelts.com\/tienda\/wp-json\/wp\/v2\/media\/32276"}],"wp:attachment":[{"href":"https:\/\/www.ibagsbelts.com\/tienda\/wp-json\/wp\/v2\/media?parent=32275"}],"wp:term":[{"taxonomy":"product_brand","embeddable":true,"href":"https:\/\/www.ibagsbelts.com\/tienda\/wp-json\/wp\/v2\/product_brand?post=32275"},{"taxonomy":"product_cat","embeddable":true,"href":"https:\/\/www.ibagsbelts.com\/tienda\/wp-json\/wp\/v2\/product_cat?post=32275"},{"taxonomy":"product_tag","embeddable":true,"href":"https:\/\/www.ibagsbelts.com\/tienda\/wp-json\/wp\/v2\/product_tag?post=32275"}],"curies":[{"name":"wp","href":"https:\/\/api.w.org\/{rel}","templated":true}]}}