{"id":32323,"date":"2024-12-04T22:44:07","date_gmt":"2024-12-04T21:44:07","guid":{"rendered":"https:\/\/www.ibagsbelts.com\/tienda\/?post_type=product&#038;p=32323"},"modified":"2026-03-11T19:51:15","modified_gmt":"2026-03-11T18:51:15","slug":"rinonera-mostaza-de-piel-lavada-trenzada-vicky","status":"publish","type":"product","link":"https:\/\/www.ibagsbelts.com\/tienda\/producto\/rinonera-mostaza-de-piel-lavada-trenzada-vicky\/","title":{"rendered":"Ri\u00f1onera mostaza de piel lavada trenzada Vicky"},"content":{"rendered":"<p style=\"text-align: left;\">La ri\u00f1onera para mujer es pr\u00e1ctica, elegante y muy a la moda. Fabricada con aut\u00e9ntico cuero trenzado italiano, es el accesorio perfecto para pasear por la ciudad con estilo o viajar con comodidad y elegancia. Esta ri\u00f1onera puede ser utilizada de diferentes maneras seg\u00fan la necesidad y la ocasi\u00f3n, lo que la convierte en un accesorio extremadamente vers\u00e1til y original.<\/p>\n<p style=\"text-align: left;\">Caracter\u00edsticas destacadas:<\/p>\n<ul style=\"text-align: left;\">\n<li><strong>Material:<\/strong> Cuero genuino trenzado natural de alta calidad con una superficie lisa y aterciopelada.<\/li>\n<li><strong>Forma:<\/strong> Dise\u00f1o semicircular de moda que combina con la mayor\u00eda de los estilos.<\/li>\n<li><strong>Espacio interior:<\/strong> La ri\u00f1onera ofrece espacio suficiente para tus utensilios cotidianos, siendo extremadamente pr\u00e1ctica y conveniente para el uso diario.<\/li>\n<li><strong>correa:<\/strong> Una correa ajustable para llevarla como bandolera o sobre el hombro.<\/li>\n<li><strong>Cierre:<\/strong> Se cierra con cremallera para mayor seguridad.<\/li>\n<li><strong>Interior:<\/strong> Forrado con tela de algod\u00f3n y equipado con un bolsillo con cremallera adicional en la parte trasera.<\/li>\n<\/ul>\n<p style=\"text-align: left;\">Especificaciones:<\/p>\n<ul style=\"text-align: left;\">\n<li><strong>Material:<\/strong> Cuero de vaca suave<\/li>\n<li><strong>Dimensiones:<\/strong> 11 cm (ancho) x 37 cm (largo) x 16 cm (alto)<\/li>\n<li><strong>Peso:<\/strong> 0,45 kg<\/li>\n<li><strong>Longitud m\u00e1xima de la correa para el hombro:<\/strong> 104 cm<\/li>\n<li><strong>Uso:<\/strong> Puede ser usada como bolsa de hombro o bandolera, seg\u00fan tus preferencias.<\/li>\n<\/ul>\n<p style=\"text-align: left;\">Esta ri\u00f1onera es ideal para quienes buscan un accesorio funcional, ligero y con estilo que se adapte perfectamente a su d\u00eda a d\u00eda, sin comprometer la elegancia y la calidad del dise\u00f1o italiano.<\/p>\n<p style=\"text-align: left;\"><strong>Aviso importante<\/strong><\/p>\n<p style=\"text-align: left;\">Todos nuestros productos de cuero est\u00e1n hechos a mano y su nueva bolsa de cuero puede estar sujeta a una variaci\u00f3n natural en tama\u00f1o y color.<br \/>\nPara los tama\u00f1os, permita 1-2 cm difiere debido a la medida manual.<br \/>\nLas im\u00e1genes son 100% reales.<br \/>\nDebido al monitor del ordenador y el brillo real de la toma y otras razones, habr\u00e1 una cierta diferencia de color.<\/p>\n<!-- AddThis Advanced Settings generic via filter on the_content --><!-- AddThis Share Buttons generic via filter on the_content -->","protected":false},"excerpt":{"rendered":"<p class=\"p1\" style=\"text-align: center;\">Ri\u00f1onera trenzada\u00a0cl\u00e1sica de l\u00edneas sencillas y un interesante patr\u00f3n frontal de tejido mediano.<\/p>\n<p class=\"p1\" style=\"text-align: center;\">Se accede al compartimento interior a trav\u00e9s de una pr\u00e1ctica cremallera. Interior forrado en tejido de algod\u00f3n, equipado con un bolsillo interior con cremallera.<\/p>\n<p class=\"p1\" style=\"text-align: center;\">Tambi\u00e9n se puede usar sobre el hombro ajustando la longitud de la correa como se desee.<\/p>\n<p style=\"text-align: center;\">Caracter\u00edsticas destacadas:<\/p>\n<p style=\"text-align: center;\">Cuero genuino trenzado natural de alta calidad con una superficie lisa y aterciopelada.<\/p>\n<p style=\"text-align: center;\">Dise\u00f1o semicircular de moda que combina con la mayor\u00eda de los estilos.<\/p>\n<p style=\"text-align: center;\">La ri\u00f1onera ofrece espacio suficiente para tus utensilios cotidianos, siendo extremadamente pr\u00e1ctica y conveniente para el uso diario.<\/p>\n<p style=\"text-align: center;\">Cuenta con una correa ajustable para llevarla como bandolera o sobre el hombro.<\/p>\n<p style=\"text-align: center;\">Se cierra con cremallera para mayor seguridad.<\/p>\n<p style=\"text-align: center;\">Forrado con tela de algod\u00f3n y equipado con un bolsillo con cremallera adicional en la parte trasera.<\/p>\n<p style=\"text-align: center;\">37 cm\u00a0 x 11 cm\u00a0 x 16 cm.<\/p>\n<h5 style=\"text-align: center;\"><strong>\u00bfAlguna duda? Ponte en contacto con nosotros a trav\u00e9s del bot\u00f3n del chat directo por whatsApp y te resolveremos las dudas al instante!<\/strong><\/h5>\n<p><!-- AddThis Advanced Settings generic via filter on get_the_excerpt --><!-- AddThis Share Buttons generic via filter on get_the_excerpt --><\/p>\n","protected":false},"featured_media":32321,"comment_status":"open","ping_status":"closed","template":"","meta":{"om_disable_all_campaigns":false,"_monsterinsights_skip_tracking":false,"_monsterinsights_sitenote_active":false,"_monsterinsights_sitenote_note":"","_monsterinsights_sitenote_category":0,"_uf_show_specific_survey":0,"_uf_disable_surveys":false},"product_brand":[1217],"product_cat":[1035,950],"product_tag":[1042,1033,877,736,737,1020,1036,905,743,1038,795,793],"class_list":{"0":"post-32323","1":"product","2":"type-product","3":"status-publish","4":"has-post-thumbnail","6":"product_brand-ibags-belts","7":"product_cat-bolso-de-cuero-italiano","8":"product_cat-rinoneras","9":"product_tag-banana","10":"product_tag-bananas","11":"product_tag-bandoleras","12":"product_tag-boho","13":"product_tag-bohochic","14":"product_tag-bolso-boho","15":"product_tag-bolso-piel-italiano","16":"product_tag-casual","17":"product_tag-estilo-boho","18":"product_tag-piel-lavada","19":"product_tag-rinonera-cuero","20":"product_tag-rinoneras","22":"first","23":"instock","24":"sale","25":"shipping-taxable","26":"purchasable","27":"product-type-simple","28":"add-to-wishlist-after_add_to_cart","29":"layout-style-1","30":"col-md-4 col-sm-4 col-xs-6","31":"col-lg-3","32":"product-has-gallery","33":"product-style-default"},"aioseo_notices":[],"_links":{"self":[{"href":"https:\/\/www.ibagsbelts.com\/tienda\/wp-json\/wp\/v2\/product\/32323","targetHints":{"allow":["GET"]}}],"collection":[{"href":"https:\/\/www.ibagsbelts.com\/tienda\/wp-json\/wp\/v2\/product"}],"about":[{"href":"https:\/\/www.ibagsbelts.com\/tienda\/wp-json\/wp\/v2\/types\/product"}],"replies":[{"embeddable":true,"href":"https:\/\/www.ibagsbelts.com\/tienda\/wp-json\/wp\/v2\/comments?post=32323"}],"wp:featuredmedia":[{"embeddable":true,"href":"https:\/\/www.ibagsbelts.com\/tienda\/wp-json\/wp\/v2\/media\/32321"}],"wp:attachment":[{"href":"https:\/\/www.ibagsbelts.com\/tienda\/wp-json\/wp\/v2\/media?parent=32323"}],"wp:term":[{"taxonomy":"product_brand","embeddable":true,"href":"https:\/\/www.ibagsbelts.com\/tienda\/wp-json\/wp\/v2\/product_brand?post=32323"},{"taxonomy":"product_cat","embeddable":true,"href":"https:\/\/www.ibagsbelts.com\/tienda\/wp-json\/wp\/v2\/product_cat?post=32323"},{"taxonomy":"product_tag","embeddable":true,"href":"https:\/\/www.ibagsbelts.com\/tienda\/wp-json\/wp\/v2\/product_tag?post=32323"}],"curies":[{"name":"wp","href":"https:\/\/api.w.org\/{rel}","templated":true}]}}