{"id":32491,"date":"2024-12-21T00:13:19","date_gmt":"2024-12-20T23:13:19","guid":{"rendered":"https:\/\/www.ibagsbelts.com\/tienda\/?post_type=product&#038;p=32491"},"modified":"2026-04-18T20:20:24","modified_gmt":"2026-04-18T18:20:24","slug":"bolso-cubo-mostaza-de-hombro-en-cuero-italiano-chiara","status":"publish","type":"product","link":"https:\/\/www.ibagsbelts.com\/tienda\/producto\/bolso-cubo-mostaza-de-hombro-en-cuero-italiano-chiara\/","title":{"rendered":"Bolso cubo mostaza de hombro en cuero Italiano Chiara"},"content":{"rendered":"<p class=\"p1\">\u00a1Descubre el bolso bombonera perfecto para tu d\u00eda a d\u00eda! Este modelo mediano combina funcionalidad y estilo con su dise\u00f1o de doble compartimento, bolsillo divisor con cremallera y cierre de bot\u00f3n magn\u00e9tico. Elaborado en cuero genuino, garantiza calidad y durabilidad.<\/p>\n<p class=\"p1\">Incluye una correa de hombro estampada para darle un toque moderno y un pr\u00e1ctico mango para mayor comodidad. Sus dimensiones de 22x27x15 cm lo hacen ideal para llevar todo lo que necesitas sin perder elegancia. Adem\u00e1s, cuenta con piezas met\u00e1licas hipoalerg\u00e9nicas para tu tranquilidad. \u00a1Hazlo tuyo y lleva tus looks al siguiente nivel!.<\/p>\n<p class=\"p1\" style=\"text-align: left;\">Cierre: cremallera<\/p>\n<p class=\"p1\" style=\"text-align: left;\">Estilo de transporte: bolso, bolso cruzado, bolso de hombro<\/p>\n<p class=\"p1\" style=\"text-align: left;\">Caracter\u00edsticas adicionales: cadena desmontable, longitud ajustable.<\/p>\n<div class=\"woocommerce-tabs wc-tabs-wrapper\">\n<div id=\"tab-description\" class=\"woocommerce-Tabs-panel woocommerce-Tabs-panel--description panel entry-content wc-tab\" role=\"tabpanel\" aria-labelledby=\"tab-title-description\">\n<div class=\"container\">\n<p style=\"text-align: left;\"><strong>Aviso importante<\/strong><\/p>\n<p style=\"text-align: left;\">Todos nuestros productos de cuero est\u00e1n hechos a mano y su nueva bolsa de cuero puede estar sujeta a una variaci\u00f3n natural en tama\u00f1o y color.<br \/>\nPara los tama\u00f1os, permita 1-2 cm difiere debido a la medida manual.<br \/>\nLas im\u00e1genes son 100% reales.<br \/>\nDebido al monitor del ordenador y el brillo real de la toma y otras razones, habr\u00e1 una cierta diferencia de color.<\/p>\n<\/div>\n<\/div>\n<\/div>\n<!-- AddThis Advanced Settings generic via filter on the_content --><!-- AddThis Share Buttons generic via filter on the_content -->","protected":false},"excerpt":{"rendered":"<p class=\"p1\" style=\"text-align: center;\">\u00a1Descubre el bolso bombonera perfecto para tu d\u00eda a d\u00eda! Este modelo mediano combina funcionalidad y estilo con su dise\u00f1o de doble compartimento, bolsillo divisor con cremallera y cierre de bot\u00f3n magn\u00e9tico. Elaborado en cuero genuino, garantiza calidad y durabilidad.<\/p>\n<p class=\"p1\" style=\"text-align: center;\">Incluye una correa de hombro estampada para darle un toque moderno y un pr\u00e1ctico mango para mayor comodidad. Sus dimensiones de 23x27x16 cm lo hacen ideal para llevar todo lo que necesitas sin perder elegancia. Adem\u00e1s, cuenta con piezas met\u00e1licas hipoalerg\u00e9nicas para tu tranquilidad.<\/p>\n<p class=\"p1\" style=\"text-align: center;\">\u00a1Hazlo tuyo y lleva tus looks al siguiente nivel!<\/p>\n<h5 style=\"text-align: center;\"><strong>\u00bfAlguna duda? Ponte en contacto con nosotros a trav\u00e9s del bot\u00f3n del chat directo por whatsApp y te resolveremos las dudas al instante!<\/strong><\/h5>\n<p><!-- AddThis Advanced Settings generic via filter on get_the_excerpt --><!-- AddThis Share Buttons generic via filter on get_the_excerpt --><\/p>\n","protected":false},"featured_media":32493,"comment_status":"open","ping_status":"closed","template":"","meta":{"om_disable_all_campaigns":false,"_monsterinsights_skip_tracking":false,"_monsterinsights_sitenote_active":false,"_monsterinsights_sitenote_note":"","_monsterinsights_sitenote_category":0,"_uf_show_specific_survey":0,"_uf_disable_surveys":false},"product_brand":[1217],"product_cat":[240,40,381],"product_tag":[1135,301,877,266,299,255,823,1036,727,905,753,1102],"class_list":{"0":"post-32491","1":"product","2":"type-product","3":"status-publish","4":"has-post-thumbnail","6":"product_brand-ibags-belts","7":"product_cat-bolsos-bandoleras-de-cuero-artesanal","8":"product_cat-bolsos-de-hombro","9":"product_cat-bomboneras","10":"product_tag-accesorios-y-complementos","11":"product_tag-bandolera","12":"product_tag-bandoleras","13":"product_tag-bolso-bohemian-bolso-cuero-repujado-bolsos-cuero-retro-bolso-shopper-cuero-bolso-cuero-trenzado-bolso-cuero-troquelado","14":"product_tag-bolso-cuero","15":"product_tag-bolso-cuero-mujer","16":"product_tag-bolso-piel","17":"product_tag-bolso-piel-italiano","18":"product_tag-bolsos-bandoleras-cuero","19":"product_tag-casual","20":"product_tag-complementos-de-cuero","21":"product_tag-piel","23":"first","24":"instock","25":"shipping-taxable","26":"purchasable","27":"product-type-simple","28":"add-to-wishlist-after_add_to_cart","29":"layout-style-1","30":"col-md-4 col-sm-4 col-xs-6","31":"col-lg-3","32":"product-has-gallery","33":"product-style-default"},"aioseo_notices":[],"_links":{"self":[{"href":"https:\/\/www.ibagsbelts.com\/tienda\/wp-json\/wp\/v2\/product\/32491","targetHints":{"allow":["GET"]}}],"collection":[{"href":"https:\/\/www.ibagsbelts.com\/tienda\/wp-json\/wp\/v2\/product"}],"about":[{"href":"https:\/\/www.ibagsbelts.com\/tienda\/wp-json\/wp\/v2\/types\/product"}],"replies":[{"embeddable":true,"href":"https:\/\/www.ibagsbelts.com\/tienda\/wp-json\/wp\/v2\/comments?post=32491"}],"wp:featuredmedia":[{"embeddable":true,"href":"https:\/\/www.ibagsbelts.com\/tienda\/wp-json\/wp\/v2\/media\/32493"}],"wp:attachment":[{"href":"https:\/\/www.ibagsbelts.com\/tienda\/wp-json\/wp\/v2\/media?parent=32491"}],"wp:term":[{"taxonomy":"product_brand","embeddable":true,"href":"https:\/\/www.ibagsbelts.com\/tienda\/wp-json\/wp\/v2\/product_brand?post=32491"},{"taxonomy":"product_cat","embeddable":true,"href":"https:\/\/www.ibagsbelts.com\/tienda\/wp-json\/wp\/v2\/product_cat?post=32491"},{"taxonomy":"product_tag","embeddable":true,"href":"https:\/\/www.ibagsbelts.com\/tienda\/wp-json\/wp\/v2\/product_tag?post=32491"}],"curies":[{"name":"wp","href":"https:\/\/api.w.org\/{rel}","templated":true}]}}