{"id":32691,"date":"2024-12-28T15:06:38","date_gmt":"2024-12-28T14:06:38","guid":{"rendered":"https:\/\/www.ibagsbelts.com\/tienda\/?post_type=product&#038;p=32691"},"modified":"2026-03-10T23:08:59","modified_gmt":"2026-03-10T22:08:59","slug":"cinturon-de-piel-con-hebilla-animal-print-leopardo","status":"publish","type":"product","link":"https:\/\/www.ibagsbelts.com\/tienda\/producto\/cinturon-de-piel-con-hebilla-animal-print-leopardo\/","title":{"rendered":"Cintur\u00f3n de piel liso con hebilla animal print Leopardo"},"content":{"rendered":"<p style=\"text-align: left;\">Este cintur\u00f3n con hebilla rectangular de metal con cuero de pelo leopardo, es el accesorio perfecto para elevar cualquier atuendo en tu armario. Ya sea que lo combines con vaqueros informales, pantalones de vestir o incluso con tu vestido favorito, este cintur\u00f3n seguramente atraer\u00e1 muchos elogios.<\/p>\n<p style=\"text-align: left;\">Lo mejor de todo es que este cintur\u00f3n es respetuoso con los animales. Dise\u00f1ado para aquellos que desean lucir a la moda sin comprometer sus principios \u00e9ticos, esta serie de productos demuestra que la moda puede ser divertida y compasiva al mismo tiempo. No importa el estilo de ropa que prefieras, este cintur\u00f3n se adapta perfectamente a cualquier ocasi\u00f3n, ya sea casual o elegante.<\/p>\n<p style=\"text-align: left;\">Cada dise\u00f1o de la serie de animales, que incluye elefantes, b\u00fafalos, abejas, tortugas y estrellas de mar, ha sido cuidadosamente elaborado por un dise\u00f1ador profesional. Este cintur\u00f3n combina a la perfecci\u00f3n negocios y ocio, manteniendo siempre un aire de elegancia y juventud. Ya sea para usar con trajes formales, vaqueros o pantalones de vestir, este cintur\u00f3n autom\u00e1tico a\u00f1ade un toque distintivo a tu estilo \u00fanico.<\/p>\n<p style=\"text-align: left;\"><strong>Aviso importante<\/strong><\/p>\n<p style=\"text-align: left;\">Todos nuestros productos de cuero est\u00e1n hechos a mano y su nueva bolsa de cuero puede estar sujeta a una variaci\u00f3n natural en tama\u00f1o y color.<br \/>\nPara los tama\u00f1os, permita 1-2 cm difiere debido a la medida manual.<br \/>\nLas im\u00e1genes son 100% reales.<br \/>\nDebido al monitor del ordenador y el brillo real de la toma y otras razones, habr\u00e1 una cierta diferencia de color.<\/p>\n<!-- AddThis Advanced Settings generic via filter on the_content --><!-- AddThis Share Buttons generic via filter on the_content -->","protected":false},"excerpt":{"rendered":"<p style=\"text-align: left;\">Este cintur\u00f3n con hebilla rectangular de metal con cuero de pelo leopardo, es el accesorio perfecto para elevar cualquier atuendo en tu armario. Ya sea que lo combines con vaqueros informales, pantalones de vestir o incluso con tu vestido favorito.<\/p>\n<p style=\"text-align: left;\">Novedad, accesorios cl\u00e1sicos, modernos y de moda para mujeres y hombres.\u00a0<span class=\"a-list-item\">Cinturones con un ancho de 3.8-4cm. <\/span><span class=\"a-list-item\">Aleaci\u00f3n de zinc de alta calidad, acabado met\u00e1lico.<\/span><\/p>\n<p style=\"text-align: left;\"><span class=\"a-list-item\">El paquete incluye 1 hebilla de metal y cintur\u00f3n de cuero incluido)<\/span><\/p>\n<h4><strong>Disponible de Talla 90 y 95. Por favor indicar medida de cintura.<\/strong><\/h4>\n<h5 style=\"text-align: center;\"><strong>\u00bfAlguna duda? Ponte en contacto con nosotros a trav\u00e9s del bot\u00f3n del chat directo por whatsApp y te resolveremos las dudas al instante!<\/strong><\/h5>\n<p><!-- AddThis Advanced Settings generic via filter on get_the_excerpt --><!-- AddThis Share Buttons generic via filter on get_the_excerpt --><\/p>\n","protected":false},"featured_media":32698,"comment_status":"open","ping_status":"closed","template":"","meta":{"om_disable_all_campaigns":false,"_monsterinsights_skip_tracking":false,"_monsterinsights_sitenote_active":false,"_monsterinsights_sitenote_note":"","_monsterinsights_sitenote_category":0,"_uf_show_specific_survey":0,"_uf_disable_surveys":false},"product_brand":[1217],"product_cat":[980],"product_tag":[1096,905,1087,290,332,341,333,1034,1088,1102],"class_list":{"0":"post-32691","1":"product","2":"type-product","3":"status-publish","4":"has-post-thumbnail","6":"product_brand-ibags-belts","7":"product_cat-cinturones-lisos","8":"product_tag-artesania","9":"product_tag-casual","10":"product_tag-cinto","11":"product_tag-cinturon","12":"product_tag-cinturon-cuero","13":"product_tag-cinturon-cuero-boho-chic","14":"product_tag-cinturon-cuero-vaca","15":"product_tag-cinturones","16":"product_tag-correa","17":"product_tag-piel","19":"first","20":"instock","21":"shipping-taxable","22":"purchasable","23":"product-type-variable","24":"add-to-wishlist-after_add_to_cart","25":"layout-style-1","26":"col-md-4 col-sm-4 col-xs-6","27":"col-lg-3","28":"product-has-gallery","29":"product-style-default"},"aioseo_notices":[],"_links":{"self":[{"href":"https:\/\/www.ibagsbelts.com\/tienda\/wp-json\/wp\/v2\/product\/32691","targetHints":{"allow":["GET"]}}],"collection":[{"href":"https:\/\/www.ibagsbelts.com\/tienda\/wp-json\/wp\/v2\/product"}],"about":[{"href":"https:\/\/www.ibagsbelts.com\/tienda\/wp-json\/wp\/v2\/types\/product"}],"replies":[{"embeddable":true,"href":"https:\/\/www.ibagsbelts.com\/tienda\/wp-json\/wp\/v2\/comments?post=32691"}],"wp:featuredmedia":[{"embeddable":true,"href":"https:\/\/www.ibagsbelts.com\/tienda\/wp-json\/wp\/v2\/media\/32698"}],"wp:attachment":[{"href":"https:\/\/www.ibagsbelts.com\/tienda\/wp-json\/wp\/v2\/media?parent=32691"}],"wp:term":[{"taxonomy":"product_brand","embeddable":true,"href":"https:\/\/www.ibagsbelts.com\/tienda\/wp-json\/wp\/v2\/product_brand?post=32691"},{"taxonomy":"product_cat","embeddable":true,"href":"https:\/\/www.ibagsbelts.com\/tienda\/wp-json\/wp\/v2\/product_cat?post=32691"},{"taxonomy":"product_tag","embeddable":true,"href":"https:\/\/www.ibagsbelts.com\/tienda\/wp-json\/wp\/v2\/product_tag?post=32691"}],"curies":[{"name":"wp","href":"https:\/\/api.w.org\/{rel}","templated":true}]}}