{"id":32720,"date":"2024-12-28T23:35:05","date_gmt":"2024-12-28T22:35:05","guid":{"rendered":"https:\/\/www.ibagsbelts.com\/tienda\/?post_type=product&#038;p=32720"},"modified":"2026-03-10T23:07:18","modified_gmt":"2026-03-10T22:07:18","slug":"pendientes-de-aro-boho-etnicos-dorados-9","status":"publish","type":"product","link":"https:\/\/www.ibagsbelts.com\/tienda\/producto\/pendientes-de-aro-boho-etnicos-dorados-9\/","title":{"rendered":"Pendientes de aro boho \u00e9tnicos dorados 9"},"content":{"rendered":"<p>Pendientes boho \u00e9tnicos en tono dorado envejecido, estilo hippie chic, ideales por su tama\u00f1o mediano su forma favorece a cualquier tipo de rostro. As\u00ed que no te quedes sin los tuyos.. \u00a1se sentar\u00e1n genial!<\/p>\n<p>Fabricados en\u00a0<strong>Bali<\/strong>, Indonesia, elaborada principalmente por mujeres que durante su tiempo libre dedican horas a elaborar cada una de estas piezas \u00fanicas.<\/p>\n<p style=\"text-align: center;\"><strong>Aviso importante<\/strong><\/p>\n<p>(Ojo, ten en cuenta que los PRODUCTOS FABRICADOS DE MANERA ARTESANAL pueden traer ciertos desperfectos propios de su elaboraci\u00f3n. Una imperfecci\u00f3n que los embellece a\u00fan m\u00e1s por su autenticidad). Formas y colores de Oriente que llenan el alma y enamoran los sentidos.<\/p>\n<!-- AddThis Advanced Settings generic via filter on the_content --><!-- AddThis Share Buttons generic via filter on the_content -->","protected":false},"excerpt":{"rendered":"<p>Pendientes boho \u00e9tnico en tono dorado envejecido, estilo hippie chic, ideales por su tama\u00f1o mediano su forma favorece a cualquier tipo de rostro. As\u00ed que no te quedes sin los tuyos.. \u00a1se sentar\u00e1n genial!<\/p>\n<p>Fabricados en\u00a0<strong>Bali<\/strong>, Indonesia, elaborada principalmente por mujeres que durante su tiempo libre dedican horas a elaborar cada una de estas piezas \u00fanicas.<\/p>\n<div class=\"woocommerce-product-details__short-description\">\n<div class=\"woocommerce-product-details__short-description\">\n<div class=\"woocommerce-product-details__short-description\">\n<div class=\"woocommerce-product-details__short-description\">\n<h5><strong>\u00bfAlguna duda? Ponte en contacto con nosotros a trav\u00e9s del bot\u00f3n del chat directo por whatsApp y te resolveremos las dudas al instante!<\/strong><\/h5>\n<\/div>\n<\/div>\n<\/div>\n<\/div>\n<p><!-- AddThis Advanced Settings generic via filter on get_the_excerpt --><!-- AddThis Share Buttons generic via filter on get_the_excerpt --><\/p>\n","protected":false},"featured_media":32721,"comment_status":"open","ping_status":"closed","template":"","meta":{"om_disable_all_campaigns":false,"_monsterinsights_skip_tracking":false,"_monsterinsights_sitenote_active":false,"_monsterinsights_sitenote_note":"","_monsterinsights_sitenote_category":0,"_uf_show_specific_survey":0,"_uf_disable_surveys":false},"product_brand":[1217],"product_cat":[962,954],"product_tag":[1092,743,744,745,746,738,792],"class_list":{"0":"post-32720","1":"product","2":"type-product","3":"status-publish","4":"has-post-thumbnail","6":"product_brand-ibags-belts","7":"product_cat-bisuteria","8":"product_cat-pendientes","9":"product_tag-bisuteria","10":"product_tag-estilo-boho","11":"product_tag-estilo-bohochic","12":"product_tag-estilo-hippie","13":"product_tag-estilo-hippiechic","14":"product_tag-hippie","15":"product_tag-pendientes","17":"first","18":"instock","19":"shipping-taxable","20":"purchasable","21":"product-type-simple","22":"add-to-wishlist-after_add_to_cart","23":"layout-style-1","24":"col-md-4 col-sm-4 col-xs-6","25":"col-lg-3","26":"product-has-gallery","27":"product-style-default"},"aioseo_notices":[],"_links":{"self":[{"href":"https:\/\/www.ibagsbelts.com\/tienda\/wp-json\/wp\/v2\/product\/32720","targetHints":{"allow":["GET"]}}],"collection":[{"href":"https:\/\/www.ibagsbelts.com\/tienda\/wp-json\/wp\/v2\/product"}],"about":[{"href":"https:\/\/www.ibagsbelts.com\/tienda\/wp-json\/wp\/v2\/types\/product"}],"replies":[{"embeddable":true,"href":"https:\/\/www.ibagsbelts.com\/tienda\/wp-json\/wp\/v2\/comments?post=32720"}],"wp:featuredmedia":[{"embeddable":true,"href":"https:\/\/www.ibagsbelts.com\/tienda\/wp-json\/wp\/v2\/media\/32721"}],"wp:attachment":[{"href":"https:\/\/www.ibagsbelts.com\/tienda\/wp-json\/wp\/v2\/media?parent=32720"}],"wp:term":[{"taxonomy":"product_brand","embeddable":true,"href":"https:\/\/www.ibagsbelts.com\/tienda\/wp-json\/wp\/v2\/product_brand?post=32720"},{"taxonomy":"product_cat","embeddable":true,"href":"https:\/\/www.ibagsbelts.com\/tienda\/wp-json\/wp\/v2\/product_cat?post=32720"},{"taxonomy":"product_tag","embeddable":true,"href":"https:\/\/www.ibagsbelts.com\/tienda\/wp-json\/wp\/v2\/product_tag?post=32720"}],"curies":[{"name":"wp","href":"https:\/\/api.w.org\/{rel}","templated":true}]}}