{"id":32800,"date":"2024-12-30T21:08:49","date_gmt":"2024-12-30T20:08:49","guid":{"rendered":"https:\/\/www.ibagsbelts.com\/tienda\/?post_type=product&#038;p=32800"},"modified":"2026-03-10T22:56:18","modified_gmt":"2026-03-10T21:56:18","slug":"bolso-bandolera-trenzado-en-cuero-color-topo-con-asas-integradas-mercedes","status":"publish","type":"product","link":"https:\/\/www.ibagsbelts.com\/tienda\/producto\/bolso-bandolera-trenzado-en-cuero-color-topo-con-asas-integradas-mercedes\/","title":{"rendered":"Bolso bandolera trenzado en cuero color topo con asas integradas Mercedes"},"content":{"rendered":"<p style=\"text-align: left;\">Bandolera de cuero en color natural con tachas y asas de mano integradas en el bolso.<\/p>\n<p style=\"text-align: left;\">El modelo elegante con accesorios dorados que le gustar\u00e1 a los amantes de los accesorios pr\u00e1cticos y\u00a0 originales. El acceso r\u00e1pido al contenido se realiza mediante una cremallera<\/p>\n<p style=\"text-align: left;\">dos pr\u00e1cticas asas decoradas con remaches dorados, correa de cuero ajustable y desmontable. Forro y 3 bolsillo interior<\/p>\n<p style=\"text-align: left;\"><strong>A<\/strong><strong>viso importante<\/strong><\/p>\n<p style=\"text-align: left;\">Todos nuestros productos de cuero est\u00e1n hechos a mano y su nuevo bolso de cuero puede estar sujeta a una variaci\u00f3n natural en tama\u00f1o y color.<\/p>\n<p style=\"text-align: left;\">Las pieles utilizadas han sido procesadas y curtidas en una de las curtidur\u00edas m\u00e1s antiguas utilizando t\u00e9cnicas centenarias para dar al cuero acabado un aspecto antiguo \/ vintage.<br \/>\nPara los tama\u00f1os, permita 1-2 cm diferencia debido a la medida manual.<br \/>\nLas im\u00e1genes son 100% reales.<br \/>\nDebido al monitor del ordenador y el brillo real de la toma y otras razones, habr\u00e1 una cierta diferencia de color.<\/p>\n<!-- AddThis Advanced Settings generic via filter on the_content --><!-- AddThis Share Buttons generic via filter on the_content -->","protected":false},"excerpt":{"rendered":"<p style=\"text-align: left;\">Bandolera de cuero en color natural con tachas y asas de mano integradas en el bolso.<\/p>\n<p style=\"text-align: left;\">El modelo elegante con accesorios dorados que le gustar\u00e1 a los amantes de los accesorios pr\u00e1cticos y\u00a0 originales. El acceso r\u00e1pido al contenido se realiza mediante una cremallera<\/p>\n<p style=\"text-align: left;\">dos pr\u00e1cticas asas decoradas con remaches dorados, correa de cuero ajustable y desmontable. Forro y 3 bolsillo interior<\/p>\n<p>Medidas: alto 34cm X largo 42 cm X 11 cm de fondo<\/p>\n<h5><strong>\u00bfAlguna duda? Ponte en contacto con nosotros a trav\u00e9s del bot\u00f3n del chat directo por whatsApp y te resolveremos las dudas al instante<\/strong><\/h5>\n<p><!-- AddThis Advanced Settings generic via filter on get_the_excerpt --><!-- AddThis Share Buttons generic via filter on get_the_excerpt --><\/p>\n","protected":false},"featured_media":32803,"comment_status":"open","ping_status":"closed","template":"","meta":{"om_disable_all_campaigns":false,"_monsterinsights_skip_tracking":false,"_monsterinsights_sitenote_active":false,"_monsterinsights_sitenote_note":"","_monsterinsights_sitenote_category":0,"_uf_show_specific_survey":0,"_uf_disable_surveys":false},"product_brand":[1217],"product_cat":[240,757,1035,41],"product_tag":[1135,301,877,266,303,299,305,315,268,778,313,255,823,1036,1050,784,1049,744,1129],"class_list":{"0":"post-32800","1":"product","2":"type-product","3":"status-publish","4":"has-post-thumbnail","6":"product_brand-ibags-belts","7":"product_cat-bolsos-bandoleras-de-cuero-artesanal","8":"product_cat-bolso-clutch","9":"product_cat-bolso-de-cuero-italiano","10":"product_cat-shoppers","11":"product_tag-accesorios-y-complementos","12":"product_tag-bandolera","13":"product_tag-bandoleras","14":"product_tag-bolso-bohemian-bolso-cuero-repujado-bolsos-cuero-retro-bolso-shopper-cuero-bolso-cuero-trenzado-bolso-cuero-troquelado","15":"product_tag-bolso-bohemian","16":"product_tag-bolso-cuero","17":"product_tag-bolso-cuero-artesanal","18":"product_tag-bolso-cuero-artesano","19":"product_tag-bolso-cuero-boho-bolso-cuero-con-tachuelas-bolsos-cuero-caballero-bolso-cuero-de-hombre-bolso-cuero-de-viaje-bolso-cuero-de-vaca-bolso-de-cuero-artesanal-bolso-de-cuero","20":"product_tag-bolso-cuero-de-vaca","21":"product_tag-bolso-cuero-hecho-a-mano","22":"product_tag-bolso-cuero-mujer","23":"product_tag-bolso-piel","24":"product_tag-bolso-piel-italiano","25":"product_tag-bolso-remaches","26":"product_tag-bolso-trenzados","27":"product_tag-bolsos-remaches","28":"product_tag-estilo-bohochic","29":"product_tag-tachas","31":"first","32":"outofstock","33":"shipping-taxable","34":"purchasable","35":"product-type-simple","36":"add-to-wishlist-after_add_to_cart","37":"layout-style-1","38":"col-md-4 col-sm-4 col-xs-6","39":"col-lg-3","40":"product-has-gallery","41":"product-style-default"},"aioseo_notices":[],"_links":{"self":[{"href":"https:\/\/www.ibagsbelts.com\/tienda\/wp-json\/wp\/v2\/product\/32800","targetHints":{"allow":["GET"]}}],"collection":[{"href":"https:\/\/www.ibagsbelts.com\/tienda\/wp-json\/wp\/v2\/product"}],"about":[{"href":"https:\/\/www.ibagsbelts.com\/tienda\/wp-json\/wp\/v2\/types\/product"}],"replies":[{"embeddable":true,"href":"https:\/\/www.ibagsbelts.com\/tienda\/wp-json\/wp\/v2\/comments?post=32800"}],"wp:featuredmedia":[{"embeddable":true,"href":"https:\/\/www.ibagsbelts.com\/tienda\/wp-json\/wp\/v2\/media\/32803"}],"wp:attachment":[{"href":"https:\/\/www.ibagsbelts.com\/tienda\/wp-json\/wp\/v2\/media?parent=32800"}],"wp:term":[{"taxonomy":"product_brand","embeddable":true,"href":"https:\/\/www.ibagsbelts.com\/tienda\/wp-json\/wp\/v2\/product_brand?post=32800"},{"taxonomy":"product_cat","embeddable":true,"href":"https:\/\/www.ibagsbelts.com\/tienda\/wp-json\/wp\/v2\/product_cat?post=32800"},{"taxonomy":"product_tag","embeddable":true,"href":"https:\/\/www.ibagsbelts.com\/tienda\/wp-json\/wp\/v2\/product_tag?post=32800"}],"curies":[{"name":"wp","href":"https:\/\/api.w.org\/{rel}","templated":true}]}}