{"id":32842,"date":"2024-12-31T21:01:06","date_gmt":"2024-12-31T20:01:06","guid":{"rendered":"https:\/\/www.ibagsbelts.com\/tienda\/?post_type=product&#038;p=32842"},"modified":"2026-03-10T22:45:21","modified_gmt":"2026-03-10T21:45:21","slug":"bolso-capazo-de-diseno-en-cuero-trenzado-negro","status":"publish","type":"product","link":"https:\/\/www.ibagsbelts.com\/tienda\/producto\/bolso-capazo-de-diseno-en-cuero-trenzado-negro\/","title":{"rendered":"Bolso capazo de dise\u00f1o en cuero trenzado negro MEDIANO"},"content":{"rendered":"<p style=\"text-align: left;\"><span class=\"a-list-item\">Bolso de cuero con asa fabricada con material de primera calidad\u00a0 su piel garantiza su exclusividad. Producto artesanal.<\/span><\/p>\n<p style=\"text-align: left;\"><span class=\"a-list-item\">Sus medidas aproximadas son 46x28x10 cm. A tener en cuenta: Cestas hechas a mano a partir de tiras de piel. Al ser un producto artesano las medidas pueden variar un poco. Cada canasta es \u00fanica en detalle. El cuero y la cester\u00eda son tendencia este Verano.<\/span><\/p>\n<ul>\n<li style=\"text-align: left;\"><span class=\"a-list-item\">Bolso tipo cesta de cuero sin cierre.<\/span><\/li>\n<li style=\"text-align: left;\"><span class=\"a-list-item\">Asas medias para poder llevarla c\u00f3modamente como bolso de hombro o bolso de mano<\/span><\/li>\n<li style=\"text-align: left;\"><span class=\"a-list-item\">La cesta tipo r\u00fastica tejida con cuero. <\/span><\/li>\n<li style=\"text-align: left;\"><span class=\"a-list-item\">Asas de hombro de cuero trenzado. <\/span><\/li>\n<li style=\"text-align: left;\"><span class=\"a-list-item\">Uso diario.<\/span><\/li>\n<\/ul>\n<p style=\"text-align: left;\"><strong>Aviso importante<\/strong><\/p>\n<p style=\"text-align: left;\">Todos nuestros productos de cuero puede estar sujeta a una variaci\u00f3n natural en tama\u00f1o y color.<\/p>\n<p style=\"text-align: left;\">Las pieles utilizadas han sido procesadas y curtidas en una de las curtidoras m\u00e1s antiguas utilizando t\u00e9cnicas centenarias para dar al cuero acabado un aspecto antiguo \/ vintage.<br \/>\nPara los tama\u00f1os, permita 1-2 cm diferencia debido a la medida manual.<br \/>\nLas im\u00e1genes son 100% reales.<br \/>\nDebido al monitor del ordenador y el brillo real de la toma y otras razones, habr\u00e1 una cierta diferencia de color<\/p>\n<!-- AddThis Advanced Settings generic via filter on the_content --><!-- AddThis Share Buttons generic via filter on the_content -->","protected":false},"excerpt":{"rendered":"<p style=\"text-align: left;\"><span class=\"a-list-item\"> La cesta tejida con cuero. Asas <\/span><span class=\"a-list-item\">trenzadas del mismo material para llevar c\u00f3modamente en el hombro. Bolsa fabricada con material de primera calidad\u00a0 su piel Italiana garantiza su exclusividad. Producto artesanal.<\/span><\/p>\n<p style=\"text-align: left;\"><span class=\"a-list-item\">Sus medidas aproximadas son 46x28x10 cm. A tener en cuenta: Cestas hechas a mano a partir de tiras de piel. Al ser un producto artesano las medidas pueden variar un poco. Cada canasta es \u00fanica en detalle. El cuero y la cester\u00eda son tendencia este Verano<\/span><\/p>\n<p style=\"text-align: left;\"><span class=\"a-list-item\">Capazo de mujer seguro, c\u00f3modo y pr\u00e1ctico. Bolso tipo cesta de cuero sin cierre. Asas medias para poder llevarla c\u00f3modamente como bolso de hombro o bolso de mano<\/span><\/p>\n<p style=\"text-align: left;\"><strong>\u00bfAlguna duda? Ponte en contacto con nosotros a trav\u00e9s del bot\u00f3n del chat directo por whatsApp y te resolveremos las dudas al instante!<\/strong><\/p>\n<p><!-- AddThis Advanced Settings generic via filter on get_the_excerpt --><!-- AddThis Share Buttons generic via filter on get_the_excerpt --><\/p>\n","protected":false},"featured_media":32843,"comment_status":"open","ping_status":"closed","template":"","meta":{"om_disable_all_campaigns":false,"_monsterinsights_skip_tracking":false,"_monsterinsights_sitenote_active":false,"_monsterinsights_sitenote_note":"","_monsterinsights_sitenote_category":0,"_uf_show_specific_survey":0,"_uf_disable_surveys":false},"product_brand":[1217],"product_cat":[1035,40,41,1293],"product_tag":[1135,1096,736,737,303,299,305,21,309,255,823,1036,784,727,281,1069,307,743,744,1102],"class_list":{"0":"post-32842","1":"product","2":"type-product","3":"status-publish","4":"has-post-thumbnail","6":"product_brand-ibags-belts","7":"product_cat-bolso-de-cuero-italiano","8":"product_cat-bolsos-de-hombro","9":"product_cat-shoppers","10":"product_cat-capazos-cuero","11":"product_tag-accesorios-y-complementos","12":"product_tag-artesania","13":"product_tag-boho","14":"product_tag-bohochic","15":"product_tag-bolso-bohemian","16":"product_tag-bolso-cuero","17":"product_tag-bolso-cuero-artesanal","18":"product_tag-bolso-cuero-artesanal-vintage","19":"product_tag-bolso-cuero-mano","20":"product_tag-bolso-cuero-mujer","21":"product_tag-bolso-piel","22":"product_tag-bolso-piel-italiano","23":"product_tag-bolso-trenzados","24":"product_tag-bolsos-bandoleras-cuero","25":"product_tag-bolso-bohemian-bolso-cuero-para-hombre-bolso-cuero-repujado-bolsos-cuero-retro-bolso-shopper-cuero-bolso-cuero-trenzado-bolso-cuero-troquelado-bolso-cuero-vaca-bolso-cuero-viaje-hombre","26":"product_tag-capazo","27":"product_tag-cuero-trenzado","28":"product_tag-estilo-boho","29":"product_tag-estilo-bohochic","30":"product_tag-piel","32":"first","33":"instock","34":"sale","35":"shipping-taxable","36":"purchasable","37":"product-type-simple","38":"add-to-wishlist-after_add_to_cart","39":"layout-style-1","40":"col-md-4 col-sm-4 col-xs-6","41":"col-lg-3","42":"product-has-gallery","43":"product-style-default"},"aioseo_notices":[],"_links":{"self":[{"href":"https:\/\/www.ibagsbelts.com\/tienda\/wp-json\/wp\/v2\/product\/32842","targetHints":{"allow":["GET"]}}],"collection":[{"href":"https:\/\/www.ibagsbelts.com\/tienda\/wp-json\/wp\/v2\/product"}],"about":[{"href":"https:\/\/www.ibagsbelts.com\/tienda\/wp-json\/wp\/v2\/types\/product"}],"replies":[{"embeddable":true,"href":"https:\/\/www.ibagsbelts.com\/tienda\/wp-json\/wp\/v2\/comments?post=32842"}],"wp:featuredmedia":[{"embeddable":true,"href":"https:\/\/www.ibagsbelts.com\/tienda\/wp-json\/wp\/v2\/media\/32843"}],"wp:attachment":[{"href":"https:\/\/www.ibagsbelts.com\/tienda\/wp-json\/wp\/v2\/media?parent=32842"}],"wp:term":[{"taxonomy":"product_brand","embeddable":true,"href":"https:\/\/www.ibagsbelts.com\/tienda\/wp-json\/wp\/v2\/product_brand?post=32842"},{"taxonomy":"product_cat","embeddable":true,"href":"https:\/\/www.ibagsbelts.com\/tienda\/wp-json\/wp\/v2\/product_cat?post=32842"},{"taxonomy":"product_tag","embeddable":true,"href":"https:\/\/www.ibagsbelts.com\/tienda\/wp-json\/wp\/v2\/product_tag?post=32842"}],"curies":[{"name":"wp","href":"https:\/\/api.w.org\/{rel}","templated":true}]}}