{"id":32847,"date":"2024-12-31T22:09:52","date_gmt":"2024-12-31T21:09:52","guid":{"rendered":"https:\/\/www.ibagsbelts.com\/tienda\/?post_type=product&#038;p=32847"},"modified":"2026-03-10T22:29:16","modified_gmt":"2026-03-10T21:29:16","slug":"bolso-bandolera-negro-en-piel-lavada-con-tejido-frontal-alexa","status":"publish","type":"product","link":"https:\/\/www.ibagsbelts.com\/tienda\/producto\/bolso-bandolera-negro-en-piel-lavada-con-tejido-frontal-alexa\/","title":{"rendered":"Bolso bandolera negro en piel lavada con tejido frontal Alexa"},"content":{"rendered":"<p>Bolso bandolera hecho a mano en piel tejida<span class=\"Apple-converted-space\">\u00a0<\/span><\/p>\n<p>Bolso de cuero de fabricaci\u00f3n italiana de la mejor calidad en la parte frontal finamente tejido. Piel suave con efecto sombreado y flor natural. Cierre con cremallera e interior de tela con bolsillo. Bandolera ajustable y extra\u00edble.<\/p>\n<p>Correa De Hombro:\u00a0Ajustable &#8211; Desmontable<\/p>\n<p>Externo: Bolsillo principal Con Cierre De Cremallera<\/p>\n<p>Cierre:\u00a0Cremallera<\/p>\n<p>Interno:\u00a0 Bolsillo Para Accesorios + Bolsillo Con Cremallera<\/p>\n<p>Tipo De Piel: Cuero Trenzado.<\/p>\n<p>Modelo: Bolsa De Mano.<\/p>\n<p><strong>Aviso importante<\/strong><\/p>\n<p>Todos nuestros productos de cuero est\u00e1n hechos a mano y su nueva bolsa de cuero puede estar sujeta a una variaci\u00f3n natural en tama\u00f1o y color.<br \/>\nPara los tama\u00f1os, permita 1-2 cm difiere debido a la medida manual.<br \/>\nLas im\u00e1genes son 100% reales.<br \/>\nDebido al monitor del ordenador y el brillo real de la toma y otras razones, habr\u00e1 una cierta diferencia de color.<\/p>\n<!-- AddThis Advanced Settings generic via filter on the_content --><!-- AddThis Share Buttons generic via filter on the_content -->","protected":false},"excerpt":{"rendered":"<p style=\"text-align: left;\">Bolso de cuero de fabricaci\u00f3n italiana de la mejor calidad en la parte frontal finamente tejido. Piel suave con efecto sombreado y flor natural. Cierre con cremallera e interior de tela con bolsillo. Bandolera ajustable y extra\u00edble.<\/p>\n<p style=\"text-align: left;\">Correa De Hombro:\u00a0Ajustable &#8211; Desmontable<\/p>\n<p style=\"text-align: left;\">Externo: Bolsillo principal Con Cierre De Cremallera<\/p>\n<p style=\"text-align: left;\">Interno:\u00a0 Bolsillo Para Accesorios + Bolsillo Con Cremallera<\/p>\n<p style=\"text-align: left;\">Tipo De Piel: Cuero Trenzado.<\/p>\n<p style=\"text-align: left;\">Modelo: Bolsa De Mano.\u00a0Bolsa De Mano, bandolera, shoppers.<\/p>\n<h5 style=\"text-align: center;\"><b>\u00bfAlguna duda? Ponte en contacto con nosotros a trav\u00e9s del bot\u00f3n del chat directo por WhatsApp y te resolveremos las dudas al instante!<\/b><\/h5>\n<p><!-- AddThis Advanced Settings generic via filter on get_the_excerpt --><!-- AddThis Share Buttons generic via filter on get_the_excerpt --><\/p>\n","protected":false},"featured_media":32855,"comment_status":"open","ping_status":"closed","template":"","meta":{"om_disable_all_campaigns":false,"_monsterinsights_skip_tracking":false,"_monsterinsights_sitenote_active":false,"_monsterinsights_sitenote_note":"","_monsterinsights_sitenote_category":0,"_uf_show_specific_survey":0,"_uf_disable_surveys":false},"product_brand":[1217],"product_cat":[240,1035,40,41],"product_tag":[1135,301,877,266,299,305,315,268,313,255,823,1036,784,31,744,1102,1038],"class_list":{"0":"post-32847","1":"product","2":"type-product","3":"status-publish","4":"has-post-thumbnail","6":"product_brand-ibags-belts","7":"product_cat-bolsos-bandoleras-de-cuero-artesanal","8":"product_cat-bolso-de-cuero-italiano","9":"product_cat-bolsos-de-hombro","10":"product_cat-shoppers","11":"product_tag-accesorios-y-complementos","12":"product_tag-bandolera","13":"product_tag-bandoleras","14":"product_tag-bolso-bohemian-bolso-cuero-repujado-bolsos-cuero-retro-bolso-shopper-cuero-bolso-cuero-trenzado-bolso-cuero-troquelado","15":"product_tag-bolso-cuero","16":"product_tag-bolso-cuero-artesanal","17":"product_tag-bolso-cuero-artesano","18":"product_tag-bolso-cuero-boho-bolso-cuero-con-tachuelas-bolsos-cuero-caballero-bolso-cuero-de-hombre-bolso-cuero-de-viaje-bolso-cuero-de-vaca-bolso-de-cuero-artesanal-bolso-de-cuero","19":"product_tag-bolso-cuero-hecho-a-mano","20":"product_tag-bolso-cuero-mujer","21":"product_tag-bolso-piel","22":"product_tag-bolso-piel-italiano","23":"product_tag-bolso-trenzados","24":"product_tag-cinturon-trenzado-de-cuero","25":"product_tag-estilo-bohochic","26":"product_tag-piel","27":"product_tag-piel-lavada","29":"first","30":"outofstock","31":"shipping-taxable","32":"purchasable","33":"product-type-simple","34":"add-to-wishlist-after_add_to_cart","35":"layout-style-1","36":"col-md-4 col-sm-4 col-xs-6","37":"col-lg-3","38":"product-has-gallery","39":"product-style-default"},"aioseo_notices":[],"_links":{"self":[{"href":"https:\/\/www.ibagsbelts.com\/tienda\/wp-json\/wp\/v2\/product\/32847","targetHints":{"allow":["GET"]}}],"collection":[{"href":"https:\/\/www.ibagsbelts.com\/tienda\/wp-json\/wp\/v2\/product"}],"about":[{"href":"https:\/\/www.ibagsbelts.com\/tienda\/wp-json\/wp\/v2\/types\/product"}],"replies":[{"embeddable":true,"href":"https:\/\/www.ibagsbelts.com\/tienda\/wp-json\/wp\/v2\/comments?post=32847"}],"wp:featuredmedia":[{"embeddable":true,"href":"https:\/\/www.ibagsbelts.com\/tienda\/wp-json\/wp\/v2\/media\/32855"}],"wp:attachment":[{"href":"https:\/\/www.ibagsbelts.com\/tienda\/wp-json\/wp\/v2\/media?parent=32847"}],"wp:term":[{"taxonomy":"product_brand","embeddable":true,"href":"https:\/\/www.ibagsbelts.com\/tienda\/wp-json\/wp\/v2\/product_brand?post=32847"},{"taxonomy":"product_cat","embeddable":true,"href":"https:\/\/www.ibagsbelts.com\/tienda\/wp-json\/wp\/v2\/product_cat?post=32847"},{"taxonomy":"product_tag","embeddable":true,"href":"https:\/\/www.ibagsbelts.com\/tienda\/wp-json\/wp\/v2\/product_tag?post=32847"}],"curies":[{"name":"wp","href":"https:\/\/api.w.org\/{rel}","templated":true}]}}