{"id":32861,"date":"2025-01-01T14:08:14","date_gmt":"2025-01-01T13:08:14","guid":{"rendered":"https:\/\/www.ibagsbelts.com\/tienda\/?post_type=product&#038;p=32861"},"modified":"2026-03-10T21:32:46","modified_gmt":"2026-03-10T20:32:46","slug":"bolso-de-hombro-en-piel-marron-con-remaches-darcy","status":"publish","type":"product","link":"https:\/\/www.ibagsbelts.com\/tienda\/producto\/bolso-de-hombro-en-piel-marron-con-remaches-darcy\/","title":{"rendered":"Bolso de hombro en piel marr\u00f3n con remaches Darcy"},"content":{"rendered":"<p style=\"text-align: left;\">Descubre este elegante bolso de hombro confeccionado en piel de vacuno de estilo vintage, adornado con tachuelas que le confieren un toque \u00fanico. Este bolso es una pieza llamativa y vers\u00e1til para complementar tu estilo.<\/p>\n<p style=\"text-align: left;\">Caracter\u00edsticas del producto:<\/p>\n<ul style=\"text-align: left;\">\n<li><strong>Material:<\/strong> Piel de vacuno<\/li>\n<li><strong>Estilo:<\/strong> Vintage<\/li>\n<li><strong>Decoraci\u00f3n:<\/strong> Tachuelas en el asa<\/li>\n<li><strong>Cierre:<\/strong> Cremallera principal bajo solapa con torniquete<\/li>\n<li><strong>Asa:<\/strong> Grande, ajustable y extra\u00edble para llevarlo c\u00f3modamente<\/li>\n<li><strong>Interior:<\/strong> Bolsillo tipo parche y bolsillo con cremallera para una mejor organizaci\u00f3n<\/li>\n<li><strong>Exterior:<\/strong> Cremallera en la parte trasera para un acceso r\u00e1pido<\/li>\n<li><strong>Dimensiones:<\/strong> 26 cm de largo x 15 cm de alto x 6,5 cm de profundidad<\/li>\n<\/ul>\n<p style=\"text-align: left;\">Este bolso combina funcionalidad y estilo vintage, perfecto para llevar tus objetos esenciales con elegancia y distinci\u00f3n.<\/p>\n<p style=\"text-align: left;\"><strong>Aviso importante<\/strong><\/p>\n<p style=\"text-align: left;\">Todos nuestros productos de cuero est\u00e1n hechos a mano y su nueva bolsa de cuero puede estar sujeta a una variaci\u00f3n natural en tama\u00f1o y color.<br \/>\nPara los tama\u00f1os, permita 1-2 cm difiere debido a la medida manual.<br \/>\nLas im\u00e1genes son 100% reales.<br \/>\nDebido al monitor del ordenador y el brillo real de la toma y otras razones, habr\u00e1 una cierta diferencia de color.<\/p>\n<!-- AddThis Advanced Settings generic via filter on the_content --><!-- AddThis Share Buttons generic via filter on the_content -->","protected":false},"excerpt":{"rendered":"<p>Descubre este elegante bolso de hombro confeccionado en piel de vacuno de estilo vintage, adornado con tachuelas que le confieren un toque \u00fanico. Este bolso es una pieza llamativa y vers\u00e1til para complementar tu estilo.<\/p>\n<p>Caracter\u00edsticas del producto:<\/p>\n<p>Material: Piel de vacuno.\u00a0Estilo: Vintage.\u00a0Decoraci\u00f3n: Tachuelas en el asa.\u00a0Cierre: Cremallera principal bajo solapa con torniquete.\u00a0Asa: Grande, ajustable y extra\u00edble para llevarlo c\u00f3modamente.\u00a0Interior: Bolsillo tipo parche y bolsillo con cremallera para una mejor organizaci\u00f3n.\u00a0Exterior: Cremallera en la parte trasera para un acceso r\u00e1pido.<\/p>\n<p>Dimensiones: 26 cm de largo x 15 cm de alto x 6,5 cm de profundidad.<\/p>\n<div class=\"woocommerce-product-details__short-description\">\n<h5 style=\"text-align: center;\"><strong>\u00bfAlguna duda? Ponte en contacto con nosotros a trav\u00e9s del bot\u00f3n del chat directo por WhatsApp y te resolveremos las dudas al instante!<\/strong><\/h5>\n<\/div>\n<p><!-- AddThis Advanced Settings generic via filter on get_the_excerpt --><!-- AddThis Share Buttons generic via filter on get_the_excerpt --><\/p>\n","protected":false},"featured_media":32865,"comment_status":"open","ping_status":"closed","template":"","meta":{"om_disable_all_campaigns":false,"_monsterinsights_skip_tracking":false,"_monsterinsights_sitenote_active":false,"_monsterinsights_sitenote_note":"","_monsterinsights_sitenote_category":0,"_uf_show_specific_survey":0,"_uf_disable_surveys":false},"product_brand":[1217],"product_cat":[240,757,1035,40],"product_tag":[301,877,736,737,266,299,305,315,268,313,255,823,1036,784,727,302,743,1102,1038],"class_list":{"0":"post-32861","1":"product","2":"type-product","3":"status-publish","4":"has-post-thumbnail","6":"product_brand-ibags-belts","7":"product_cat-bolsos-bandoleras-de-cuero-artesanal","8":"product_cat-bolso-clutch","9":"product_cat-bolso-de-cuero-italiano","10":"product_cat-bolsos-de-hombro","11":"product_tag-bandolera","12":"product_tag-bandoleras","13":"product_tag-boho","14":"product_tag-bohochic","15":"product_tag-bolso-bohemian-bolso-cuero-repujado-bolsos-cuero-retro-bolso-shopper-cuero-bolso-cuero-trenzado-bolso-cuero-troquelado","16":"product_tag-bolso-cuero","17":"product_tag-bolso-cuero-artesanal","18":"product_tag-bolso-cuero-artesano","19":"product_tag-bolso-cuero-boho-bolso-cuero-con-tachuelas-bolsos-cuero-caballero-bolso-cuero-de-hombre-bolso-cuero-de-viaje-bolso-cuero-de-vaca-bolso-de-cuero-artesanal-bolso-de-cuero","20":"product_tag-bolso-cuero-hecho-a-mano","21":"product_tag-bolso-cuero-mujer","22":"product_tag-bolso-piel","23":"product_tag-bolso-piel-italiano","24":"product_tag-bolso-trenzados","25":"product_tag-bolsos-bandoleras-cuero","26":"product_tag-bolsos-de-cuero","27":"product_tag-estilo-boho","28":"product_tag-piel","29":"product_tag-piel-lavada","31":"first","32":"instock","33":"shipping-taxable","34":"purchasable","35":"product-type-simple","36":"add-to-wishlist-after_add_to_cart","37":"layout-style-1","38":"col-md-4 col-sm-4 col-xs-6","39":"col-lg-3","40":"product-has-gallery","41":"product-style-default"},"aioseo_notices":[],"_links":{"self":[{"href":"https:\/\/www.ibagsbelts.com\/tienda\/wp-json\/wp\/v2\/product\/32861","targetHints":{"allow":["GET"]}}],"collection":[{"href":"https:\/\/www.ibagsbelts.com\/tienda\/wp-json\/wp\/v2\/product"}],"about":[{"href":"https:\/\/www.ibagsbelts.com\/tienda\/wp-json\/wp\/v2\/types\/product"}],"replies":[{"embeddable":true,"href":"https:\/\/www.ibagsbelts.com\/tienda\/wp-json\/wp\/v2\/comments?post=32861"}],"wp:featuredmedia":[{"embeddable":true,"href":"https:\/\/www.ibagsbelts.com\/tienda\/wp-json\/wp\/v2\/media\/32865"}],"wp:attachment":[{"href":"https:\/\/www.ibagsbelts.com\/tienda\/wp-json\/wp\/v2\/media?parent=32861"}],"wp:term":[{"taxonomy":"product_brand","embeddable":true,"href":"https:\/\/www.ibagsbelts.com\/tienda\/wp-json\/wp\/v2\/product_brand?post=32861"},{"taxonomy":"product_cat","embeddable":true,"href":"https:\/\/www.ibagsbelts.com\/tienda\/wp-json\/wp\/v2\/product_cat?post=32861"},{"taxonomy":"product_tag","embeddable":true,"href":"https:\/\/www.ibagsbelts.com\/tienda\/wp-json\/wp\/v2\/product_tag?post=32861"}],"curies":[{"name":"wp","href":"https:\/\/api.w.org\/{rel}","templated":true}]}}