{"id":32892,"date":"2025-01-01T18:17:23","date_gmt":"2025-01-01T17:17:23","guid":{"rendered":"https:\/\/www.ibagsbelts.com\/tienda\/?post_type=product&#038;p=32892"},"modified":"2026-03-10T21:27:05","modified_gmt":"2026-03-10T20:27:05","slug":"bolso-bandolera-redondo-negro-tejido-con-correa-de-hombro-lorena","status":"publish","type":"product","link":"https:\/\/www.ibagsbelts.com\/tienda\/producto\/bolso-bandolera-redondo-negro-tejido-con-correa-de-hombro-lorena\/","title":{"rendered":"Bolso bandolera redondo negro tejido con correa de hombro Lorena"},"content":{"rendered":"<p><span class=\"a-list-item\">Dise\u00f1o redondo con cuero trenzado en la parte frontal, hecho a mano, estilo elegante; Durable y de moda.<\/span><\/p>\n<p><span class=\"a-list-item\">Podr\u00eda llevar sus elementos esenciales diarios, como tel\u00e9fono, llaves, cargador, espejo, etc.<\/span><\/p>\n<p><span class=\"a-list-item\">Cierre de cremallera; Hay un bolsillo interior para guardar cosas de uso frecuente como el iPhone y el cargador, En su bolsillo principal puedes llevar cosas de uso diario como una tablet o un cuaderno.<\/span><\/p>\n<p><span class=\"a-list-item\">El bolso viene con asa de hombro y\u00a0 correa de bandolera larga ajustable y desmontable.<\/span><\/p>\n<p><span class=\"a-list-item\">El dise\u00f1o\u00a0 elegante combina bien con cualquier atuendo en cualquier ocasi\u00f3n, como trabajo, negocios, citas, diario, viajes, escuela y se sentir\u00e1 c\u00f3modo para llevarlo.<\/span><\/p>\n<p>Dimensiones 26 cm X 7 cm<\/p>\n<p style=\"text-align: center;\"><strong>Aviso importante<\/strong><\/p>\n<p>Todos nuestros productos de cuero puede estar sujeta a una variaci\u00f3n natural en tama\u00f1o y color.<\/p>\n<p>Las pieles utilizadas han sido procesadas y curtidas en una de las curtidur\u00edas m\u00e1s antiguas utilizando t\u00e9cnicas centenarias para dar al cuero acabado un aspecto antiguo \/ vintage.<br \/>\nPara los tama\u00f1os, permita 1-2 cm diferencia debido a la medida manual.<br \/>\nLas im\u00e1genes son 100% reales.<br \/>\nDebido al monitor del ordenador y el brillo real de la toma y otras razones, habr\u00e1 una cierta diferencia de color.<\/p>\n<!-- AddThis Advanced Settings generic via filter on the_content --><!-- AddThis Share Buttons generic via filter on the_content -->","protected":false},"excerpt":{"rendered":"<p class=\"p1\" style=\"text-align: left;\"><b>\u00a1Dale un toque de estilo a tu look con este incre\u00edble bolso redondo!<\/b> Su dise\u00f1o brillante y colorido lo convierte en el accesorio perfecto para cualquier ocasi\u00f3n. Fabricado con una elegante parte delantera de piel trenzada, combina comodidad y sofisticaci\u00f3n. Incluye asa y bandolera regulable y extra\u00edble, ideal para adaptarse a tu ritmo de vida. Adem\u00e1s, su cierre interior de cremallera y bolsillo aportan seguridad y practicidad. <b>Medidas: 26 x 26 x 7 cm.<\/b> \u00a1Perfecto para llevar todo lo que necesitas con estilo y personalidad!<\/p>\n<p style=\"text-align: left;\"><span class=\"a-list-item\">El bolso viene con asa de mano y\u00a0 correa de hombro larga ajustable y desmontable.<\/span><\/p>\n<h5 style=\"text-align: center;\"><strong>\u00bfAlguna duda? Ponte en contacto con nosotros a trav\u00e9s del bot\u00f3n del chat directo por whatsApp y te resolveremos las dudas al instante!<\/strong><\/h5>\n<p><!-- AddThis Advanced Settings generic via filter on get_the_excerpt --><!-- AddThis Share Buttons generic via filter on get_the_excerpt --><\/p>\n","protected":false},"featured_media":32893,"comment_status":"open","ping_status":"closed","template":"","meta":{"om_disable_all_campaigns":false,"_monsterinsights_skip_tracking":false,"_monsterinsights_sitenote_active":false,"_monsterinsights_sitenote_note":"","_monsterinsights_sitenote_category":0,"_uf_show_specific_survey":0,"_uf_disable_surveys":false},"product_brand":[1217],"product_cat":[240,1035,40],"product_tag":[1135,301,877,737,266,299,305,313,255,823,1036,784,727,302,1038,1206],"class_list":{"0":"post-32892","1":"product","2":"type-product","3":"status-publish","4":"has-post-thumbnail","6":"product_brand-ibags-belts","7":"product_cat-bolsos-bandoleras-de-cuero-artesanal","8":"product_cat-bolso-de-cuero-italiano","9":"product_cat-bolsos-de-hombro","10":"product_tag-accesorios-y-complementos","11":"product_tag-bandolera","12":"product_tag-bandoleras","13":"product_tag-bohochic","14":"product_tag-bolso-bohemian-bolso-cuero-repujado-bolsos-cuero-retro-bolso-shopper-cuero-bolso-cuero-trenzado-bolso-cuero-troquelado","15":"product_tag-bolso-cuero","16":"product_tag-bolso-cuero-artesanal","17":"product_tag-bolso-cuero-hecho-a-mano","18":"product_tag-bolso-cuero-mujer","19":"product_tag-bolso-piel","20":"product_tag-bolso-piel-italiano","21":"product_tag-bolso-trenzados","22":"product_tag-bolsos-bandoleras-cuero","23":"product_tag-bolsos-de-cuero","24":"product_tag-piel-lavada","25":"product_tag-redondo","27":"first","28":"outofstock","29":"shipping-taxable","30":"purchasable","31":"product-type-simple","32":"add-to-wishlist-after_add_to_cart","33":"layout-style-1","34":"col-md-4 col-sm-4 col-xs-6","35":"col-lg-3","36":"product-has-gallery","37":"product-style-default"},"aioseo_notices":[],"_links":{"self":[{"href":"https:\/\/www.ibagsbelts.com\/tienda\/wp-json\/wp\/v2\/product\/32892","targetHints":{"allow":["GET"]}}],"collection":[{"href":"https:\/\/www.ibagsbelts.com\/tienda\/wp-json\/wp\/v2\/product"}],"about":[{"href":"https:\/\/www.ibagsbelts.com\/tienda\/wp-json\/wp\/v2\/types\/product"}],"replies":[{"embeddable":true,"href":"https:\/\/www.ibagsbelts.com\/tienda\/wp-json\/wp\/v2\/comments?post=32892"}],"wp:featuredmedia":[{"embeddable":true,"href":"https:\/\/www.ibagsbelts.com\/tienda\/wp-json\/wp\/v2\/media\/32893"}],"wp:attachment":[{"href":"https:\/\/www.ibagsbelts.com\/tienda\/wp-json\/wp\/v2\/media?parent=32892"}],"wp:term":[{"taxonomy":"product_brand","embeddable":true,"href":"https:\/\/www.ibagsbelts.com\/tienda\/wp-json\/wp\/v2\/product_brand?post=32892"},{"taxonomy":"product_cat","embeddable":true,"href":"https:\/\/www.ibagsbelts.com\/tienda\/wp-json\/wp\/v2\/product_cat?post=32892"},{"taxonomy":"product_tag","embeddable":true,"href":"https:\/\/www.ibagsbelts.com\/tienda\/wp-json\/wp\/v2\/product_tag?post=32892"}],"curies":[{"name":"wp","href":"https:\/\/api.w.org\/{rel}","templated":true}]}}