{"id":33127,"date":"2025-01-06T17:39:08","date_gmt":"2025-01-06T16:39:08","guid":{"rendered":"https:\/\/www.ibagsbelts.com\/tienda\/?post_type=product&#038;p=33127"},"modified":"2026-03-10T21:01:46","modified_gmt":"2026-03-10T20:01:46","slug":"bolso-bandolera-gaucho-inspirado-en-silla-de-montar-teja","status":"publish","type":"product","link":"https:\/\/www.ibagsbelts.com\/tienda\/producto\/bolso-bandolera-gaucho-inspirado-en-silla-de-montar-teja\/","title":{"rendered":"Bolso bandolera Gaucho inspirado en silla de montar teja"},"content":{"rendered":"<div class=\"_9584ff\">\n<div id=\"bannerComponents-Container\" class=\"_788468\" style=\"text-align: left;\"><span class=\"_d561bf\"><span class=\"_d85b45 _3c73f1 _d85b45\" data-tstid=\"cardInfo-description\" data-attribute=\"15775970\">Bolso de cuero color co\u00f1ac de estilo boho inspirado en el bolso Gaucho. <\/span><\/span><span style=\"font-size: 1.4rem;\">Acabado en tono marr\u00f3n, detalle de hebilla decorativa, cierre con cremallera en el tope, correa ajustable, cierre frontal con solapa, bolsillo con solapa en la parte delantera, bolsillo en la parte trasera con cremallera.<\/span><\/div>\n<div class=\"_788468\" style=\"text-align: left;\"><span style=\"font-size: 1.4rem;\">forro interior de algodon <\/span>marr\u00f3n<span style=\"font-size: 1.4rem;\">.<\/span><\/div>\n<div class=\"_788468\" style=\"text-align: left;\"><span style=\"font-size: 1.4rem;\"> Material: cuero artesanal <\/span><\/div>\n<div class=\"_788468\" style=\"text-align: left;\"><span style=\"font-size: 1.4rem;\">Medidas del bolso 33cm de largo x 23cm alto x 9cm.<\/span><\/div>\n<\/div>\n<div style=\"text-align: left;\"><strong style=\"font-size: 1.4rem;\">Aviso importante<\/strong><\/div>\n<div>\n<p style=\"text-align: left;\">Todos nuestros productos de cuero est\u00e1n hechos a mano y su nueva bolsa de cuero puede estar sujeta a una variaci\u00f3n natural en tama\u00f1o y color.<br \/>\nPara los tama\u00f1os, permita 1-2 cm difiere debido a la medida manual.<br \/>\nLas im\u00e1genes son 100% reales.<br \/>\nDebido al monitor del ordenador y el brillo real de la toma y otras razones, habr\u00e1 una cierta diferencia de color.<\/p>\n<\/div>\n<!-- AddThis Advanced Settings generic via filter on the_content --><!-- AddThis Share Buttons generic via filter on the_content -->","protected":false},"excerpt":{"rendered":"<p id=\"bannerComponents-Container\" class=\"_788468\" style=\"text-align: left;\"><span class=\"_d561bf\"><span class=\"_d85b45 _3c73f1 _d85b45\" data-tstid=\"cardInfo-description\" data-attribute=\"15775970\">Bolso de cuero color co\u00f1ac de estilo boho inspirado en el bolso Gaucho. <\/span><\/span><span style=\"font-size: 1.4rem;\">Acabado en tono marr\u00f3n, detalle de hebilla decorativa, cierre con cremallera en el tope, correa ajustable, cierre frontal con solapa, bolsillo con solapa en la parte delantera, bolsillo en la parte trasera con cremallera.<\/span><\/p>\n<p class=\"_788468\" style=\"text-align: left;\"><span style=\"font-size: 1.4rem;\">forro interior de algodon <\/span>marr\u00f3n<span style=\"font-size: 1.4rem;\">.<\/span><\/p>\n<p class=\"_788468\" style=\"text-align: left;\"><span style=\"font-size: 1.4rem;\"> Material: cuero artesanal <\/span><\/p>\n<p class=\"_788468\" style=\"text-align: left;\"><span style=\"font-size: 1.4rem;\">Medidas del bolso 33cm de largo x 23cm alto x 9cm.<\/span><\/p>\n<div>\n<h5 style=\"text-align: center;\"><strong>\u00bfAlguna duda? Ponte en contacto con nosotros a trav\u00e9s del bot\u00f3n del chat directo por whatsApp y te resolveremos las dudas al instante!<\/strong><\/h5>\n<\/div>\n<p><!-- AddThis Advanced Settings generic via filter on get_the_excerpt --><!-- AddThis Share Buttons generic via filter on get_the_excerpt --><\/p>\n","protected":false},"featured_media":33128,"comment_status":"open","ping_status":"closed","template":"","meta":{"om_disable_all_campaigns":false,"_monsterinsights_skip_tracking":false,"_monsterinsights_sitenote_active":false,"_monsterinsights_sitenote_note":"","_monsterinsights_sitenote_category":0,"_uf_show_specific_survey":0,"_uf_disable_surveys":false},"product_brand":[1217],"product_cat":[240],"product_tag":[1135,301,877,266,303,1020,299,305,315,329,308,255,823,727,302,744,1102],"class_list":{"0":"post-33127","1":"product","2":"type-product","3":"status-publish","4":"has-post-thumbnail","6":"product_brand-ibags-belts","7":"product_cat-bolsos-bandoleras-de-cuero-artesanal","8":"product_tag-accesorios-y-complementos","9":"product_tag-bandolera","10":"product_tag-bandoleras","11":"product_tag-bolso-bohemian-bolso-cuero-repujado-bolsos-cuero-retro-bolso-shopper-cuero-bolso-cuero-trenzado-bolso-cuero-troquelado","12":"product_tag-bolso-bohemian","13":"product_tag-bolso-boho","14":"product_tag-bolso-cuero","15":"product_tag-bolso-cuero-artesanal","16":"product_tag-bolso-cuero-artesano","17":"product_tag-bolso-cuero-hippie","18":"product_tag-bolso-cuero-marron","19":"product_tag-bolso-cuero-mujer","20":"product_tag-bolso-piel","21":"product_tag-bolsos-bandoleras-cuero","22":"product_tag-bolsos-de-cuero","23":"product_tag-estilo-bohochic","24":"product_tag-piel","26":"first","27":"outofstock","28":"featured","29":"shipping-taxable","30":"purchasable","31":"product-type-simple","32":"add-to-wishlist-after_add_to_cart","33":"layout-style-1","34":"col-md-4 col-sm-4 col-xs-6","35":"col-lg-3","36":"product-has-gallery","37":"product-style-default"},"aioseo_notices":[],"_links":{"self":[{"href":"https:\/\/www.ibagsbelts.com\/tienda\/wp-json\/wp\/v2\/product\/33127","targetHints":{"allow":["GET"]}}],"collection":[{"href":"https:\/\/www.ibagsbelts.com\/tienda\/wp-json\/wp\/v2\/product"}],"about":[{"href":"https:\/\/www.ibagsbelts.com\/tienda\/wp-json\/wp\/v2\/types\/product"}],"replies":[{"embeddable":true,"href":"https:\/\/www.ibagsbelts.com\/tienda\/wp-json\/wp\/v2\/comments?post=33127"}],"wp:featuredmedia":[{"embeddable":true,"href":"https:\/\/www.ibagsbelts.com\/tienda\/wp-json\/wp\/v2\/media\/33128"}],"wp:attachment":[{"href":"https:\/\/www.ibagsbelts.com\/tienda\/wp-json\/wp\/v2\/media?parent=33127"}],"wp:term":[{"taxonomy":"product_brand","embeddable":true,"href":"https:\/\/www.ibagsbelts.com\/tienda\/wp-json\/wp\/v2\/product_brand?post=33127"},{"taxonomy":"product_cat","embeddable":true,"href":"https:\/\/www.ibagsbelts.com\/tienda\/wp-json\/wp\/v2\/product_cat?post=33127"},{"taxonomy":"product_tag","embeddable":true,"href":"https:\/\/www.ibagsbelts.com\/tienda\/wp-json\/wp\/v2\/product_tag?post=33127"}],"curies":[{"name":"wp","href":"https:\/\/api.w.org\/{rel}","templated":true}]}}