{"id":33142,"date":"2025-01-06T18:34:25","date_gmt":"2025-01-06T17:34:25","guid":{"rendered":"https:\/\/www.ibagsbelts.com\/tienda\/?post_type=product&#038;p=33142"},"modified":"2026-03-10T20:55:42","modified_gmt":"2026-03-10T19:55:42","slug":"bolso-bandolera-negro-con-sol-artesanal-brujas","status":"publish","type":"product","link":"https:\/\/www.ibagsbelts.com\/tienda\/producto\/bolso-bandolera-negro-con-sol-artesanal-brujas\/","title":{"rendered":"Bolso bandolera negro con sol artesanal Brujas"},"content":{"rendered":"<p style=\"text-align: left;\">Sum\u00e9rgete en la elegancia y la funcionalidad con nuestra hermosa Bandolera de Gran Capacidad, hecha a mano con cuero artesanal. Este bolso no solo es una obra de arte, sino que tambi\u00e9n es pr\u00e1ctico para el uso diario.<\/p>\n<p style=\"text-align: left;\">El distintivo sol central a\u00f1ade un toque de originalidad y estilo a esta bandolera. Su interior est\u00e1 cuidadosamente forrado con una suave tela de algod\u00f3n aterciopelada, proporcionando un ambiente acogedor y protegido para tus pertenencias.<\/p>\n<p style=\"text-align: left;\">Para una organizaci\u00f3n adicional, encontrar\u00e1s un peque\u00f1o bolsillo con cremallera en el interior. La comodidad y la seguridad est\u00e1n garantizadas con el cierre principal de cremallera y la asa regulable con hebilla, que te permite llevarlo con facilidad seg\u00fan tus preferencias. Eleva tu estilo y practicidad con este encantador bolso bandolera.<\/p>\n<p style=\"text-align: left;\"><strong>Aviso importante<\/strong><\/p>\n<p style=\"text-align: left;\">Todos nuestros productos de cuero puede estar sujeta a una variaci\u00f3n natural en tama\u00f1o y color.<\/p>\n<p style=\"text-align: left;\">Las pieles utilizadas han sido procesadas y curtidas en una de las curtidur\u00edas m\u00e1s antiguas utilizando t\u00e9cnicas centenarias para dar al cuero acabado un aspecto antiguo \/ vintage.<br \/>\nPara los tama\u00f1os, permita 1-2 cm diferencia debido a la medida manual.<br \/>\nLas im\u00e1genes son 100% reales.<br \/>\nDebido al monitor del ordenador y el brillo real de la toma y otras razones, habr\u00e1 una cierta diferencia de color.<\/p>\n<!-- AddThis Advanced Settings generic via filter on the_content --><!-- AddThis Share Buttons generic via filter on the_content -->","protected":false},"excerpt":{"rendered":"<p style=\"text-align: left;\">Hermoso bolso bandolera de gran capacidad esta hecho a mano con cuero artesanal.<\/p>\n<p style=\"text-align: left;\">Lleva un sol central que le da un toque de originalidad.\u00a0Esta forrado su interior con tela de algod\u00f3n aterciopelada para brindarle suavidad al tacto y cuidado a todas las cosas que lleves dentro.\u00a0Peque\u00f1o bolsillo con cremallera en el interior, cierre con cremallera y asa regulable con hebilla.<\/p>\n<p style=\"text-align: left;\">Dimensiones 36 cm x 30 cm x 10 cm.\u00a0En ella encontrar\u00e1s comodidad y ligereza llevando lo justamente imprescindible y necesario.<\/p>\n<h5 style=\"text-align: center;\"><strong>\u00bfAlguna duda? Ponte en contacto con nosotros a trav\u00e9s del bot\u00f3n del chat directo por whatsApp y te resolveremos las dudas al instante!<\/strong><\/h5>\n<p><!-- AddThis Advanced Settings generic via filter on get_the_excerpt --><!-- AddThis Share Buttons generic via filter on get_the_excerpt --><\/p>\n","protected":false},"featured_media":33143,"comment_status":"open","ping_status":"closed","template":"","meta":{"om_disable_all_campaigns":false,"_monsterinsights_skip_tracking":false,"_monsterinsights_sitenote_active":false,"_monsterinsights_sitenote_note":"","_monsterinsights_sitenote_category":0,"_uf_show_specific_survey":0,"_uf_disable_surveys":false},"product_brand":[1217],"product_cat":[40,1306],"product_tag":[301,877,737,266,303,299,305,315,268,316,313,329,255,326,302,744,745],"class_list":{"0":"post-33142","1":"product","2":"type-product","3":"status-publish","4":"has-post-thumbnail","6":"product_brand-ibags-belts","7":"product_cat-bolsos-de-hombro","8":"product_cat-bolsos-saco-hobo","9":"product_tag-bandolera","10":"product_tag-bandoleras","11":"product_tag-bohochic","12":"product_tag-bolso-bohemian-bolso-cuero-repujado-bolsos-cuero-retro-bolso-shopper-cuero-bolso-cuero-trenzado-bolso-cuero-troquelado","13":"product_tag-bolso-bohemian","14":"product_tag-bolso-cuero","15":"product_tag-bolso-cuero-artesanal","16":"product_tag-bolso-cuero-artesano","17":"product_tag-bolso-cuero-boho-bolso-cuero-con-tachuelas-bolsos-cuero-caballero-bolso-cuero-de-hombre-bolso-cuero-de-viaje-bolso-cuero-de-vaca-bolso-de-cuero-artesanal-bolso-de-cuero","18":"product_tag-bolso-cuero-con-tachuelas","19":"product_tag-bolso-cuero-hecho-a-mano","20":"product_tag-bolso-cuero-hippie","21":"product_tag-bolso-cuero-mujer","22":"product_tag-bolso-cuero-sol","23":"product_tag-bolsos-de-cuero","24":"product_tag-estilo-bohochic","25":"product_tag-estilo-hippie","27":"first","28":"instock","29":"shipping-taxable","30":"purchasable","31":"product-type-simple","32":"add-to-wishlist-after_add_to_cart","33":"layout-style-1","34":"col-md-4 col-sm-4 col-xs-6","35":"col-lg-3","36":"product-has-gallery","37":"product-style-default"},"aioseo_notices":[],"_links":{"self":[{"href":"https:\/\/www.ibagsbelts.com\/tienda\/wp-json\/wp\/v2\/product\/33142","targetHints":{"allow":["GET"]}}],"collection":[{"href":"https:\/\/www.ibagsbelts.com\/tienda\/wp-json\/wp\/v2\/product"}],"about":[{"href":"https:\/\/www.ibagsbelts.com\/tienda\/wp-json\/wp\/v2\/types\/product"}],"replies":[{"embeddable":true,"href":"https:\/\/www.ibagsbelts.com\/tienda\/wp-json\/wp\/v2\/comments?post=33142"}],"wp:featuredmedia":[{"embeddable":true,"href":"https:\/\/www.ibagsbelts.com\/tienda\/wp-json\/wp\/v2\/media\/33143"}],"wp:attachment":[{"href":"https:\/\/www.ibagsbelts.com\/tienda\/wp-json\/wp\/v2\/media?parent=33142"}],"wp:term":[{"taxonomy":"product_brand","embeddable":true,"href":"https:\/\/www.ibagsbelts.com\/tienda\/wp-json\/wp\/v2\/product_brand?post=33142"},{"taxonomy":"product_cat","embeddable":true,"href":"https:\/\/www.ibagsbelts.com\/tienda\/wp-json\/wp\/v2\/product_cat?post=33142"},{"taxonomy":"product_tag","embeddable":true,"href":"https:\/\/www.ibagsbelts.com\/tienda\/wp-json\/wp\/v2\/product_tag?post=33142"}],"curies":[{"name":"wp","href":"https:\/\/api.w.org\/{rel}","templated":true}]}}