{"id":33155,"date":"2025-01-06T18:55:44","date_gmt":"2025-01-06T17:55:44","guid":{"rendered":"https:\/\/www.ibagsbelts.com\/tienda\/?post_type=product&#038;p=33155"},"modified":"2026-03-10T20:53:33","modified_gmt":"2026-03-10T19:53:33","slug":"bolso-de-pelo-con-flecos-borla-camel-etnico","status":"publish","type":"product","link":"https:\/\/www.ibagsbelts.com\/tienda\/producto\/bolso-de-pelo-con-flecos-borla-camel-etnico\/","title":{"rendered":"Bolso de pelo con flecos borla camel \u00e9tnico"},"content":{"rendered":"<p style=\"text-align: left;\">Este bolso bandolera en el cuero en la solapa pelo de potro,\u00a0 cosido trenzado\u00a0 a mano y decorado con cabuchon artesanal central rodeados con tachas en color oro viejo.<\/p>\n<p style=\"text-align: left;\">Est\u00e1 decorado con piel en la parte frontal . Incluye una correa ajustable para el hombro.<\/p>\n<p style=\"text-align: left;\">Este bolso tiene un cierre magn\u00e9tico , incluyendo un bolsillo con un cierre de cremallera y un bolsillo interior adicional con cremallera.<\/p>\n<p style=\"text-align: left;\">Medidas 26 cm de alto x 20 cm largo.<\/p>\n<p style=\"text-align: left;\"><strong>Aviso importante<\/strong><\/p>\n<p style=\"text-align: left;\">Todos nuestros productos de cuero est\u00e1n hechos a mano y su nueva bolsa de cuero puede estar sujeta a una variaci\u00f3n natural en tama\u00f1o y color.<br \/>\nPara los tama\u00f1os, permita 1-2 cm difiere debido a la medida manual.<br \/>\nLas im\u00e1genes son 100% reales.<br \/>\nDebido al monitor del ordenador y el brillo real de la toma y otras razones, habr\u00e1 una cierta diferencia de color.<\/p>\n<!-- AddThis Advanced Settings generic via filter on the_content --><!-- AddThis Share Buttons generic via filter on the_content -->","protected":false},"excerpt":{"rendered":"<p style=\"text-align: left;\">Este bolso bandolera en el cuero en la solapa pelo de potro,\u00a0 cosido trenzado\u00a0 a mano y decorado con cabuchon artesanal central rodeados con tachas en color oro viejo.<\/p>\n<p style=\"text-align: left;\">Est\u00e1 decorado con piel en la parte frontal . Incluye una correa ajustable para el hombro.<\/p>\n<p style=\"text-align: left;\">Este bolso tiene un cierre magn\u00e9tico , incluyendo un bolsillo con un cierre de cremallera y un bolsillo interior adicional con cremallera.<\/p>\n<p style=\"text-align: left;\">Medidas 26 cm de alto x 30 cm largo 5 cm ancho.<\/p>\n<h5 style=\"text-align: center;\"><strong>\u00bfAlguna duda? Ponte en contacto con nosotros a trav\u00e9s del bot\u00f3n del chat directo por whatsApp y te resolveremos las dudas al instante!<\/strong><\/h5>\n<p><!-- AddThis Advanced Settings generic via filter on get_the_excerpt --><!-- AddThis Share Buttons generic via filter on get_the_excerpt --><\/p>\n","protected":false},"featured_media":33161,"comment_status":"open","ping_status":"closed","template":"","meta":{"om_disable_all_campaigns":false,"_monsterinsights_skip_tracking":false,"_monsterinsights_sitenote_active":false,"_monsterinsights_sitenote_note":"","_monsterinsights_sitenote_category":0,"_uf_show_specific_survey":0,"_uf_disable_surveys":false},"product_brand":[1217],"product_cat":[240],"product_tag":[1135,301,877,266,327,303,315,316,312,329,255,314,824,727,302,746,738],"class_list":{"0":"post-33155","1":"product","2":"type-product","3":"status-publish","4":"has-post-thumbnail","6":"product_brand-ibags-belts","7":"product_cat-bolsos-bandoleras-de-cuero-artesanal","8":"product_tag-accesorios-y-complementos","9":"product_tag-bandolera","10":"product_tag-bandoleras","11":"product_tag-bolso-bohemian-bolso-cuero-repujado-bolsos-cuero-retro-bolso-shopper-cuero-bolso-cuero-trenzado-bolso-cuero-troquelado","12":"product_tag-bolso-bandolera-cuero-bicolor","13":"product_tag-bolso-bohemian","14":"product_tag-bolso-cuero-artesano","15":"product_tag-bolso-cuero-con-tachuelas","16":"product_tag-bolso-cuero-flecos","17":"product_tag-bolso-cuero-hippie","18":"product_tag-bolso-cuero-mujer","19":"product_tag-bolso-cuero-pelo-vaca","20":"product_tag-bolso-flecos","21":"product_tag-bolsos-bandoleras-cuero","22":"product_tag-bolsos-de-cuero","23":"product_tag-estilo-hippiechic","24":"product_tag-hippie","26":"first","27":"outofstock","28":"sold-individually","29":"shipping-taxable","30":"purchasable","31":"product-type-simple","32":"add-to-wishlist-after_add_to_cart","33":"layout-style-1","34":"col-md-4 col-sm-4 col-xs-6","35":"col-lg-3","36":"product-has-gallery","37":"product-style-default"},"aioseo_notices":[],"_links":{"self":[{"href":"https:\/\/www.ibagsbelts.com\/tienda\/wp-json\/wp\/v2\/product\/33155","targetHints":{"allow":["GET"]}}],"collection":[{"href":"https:\/\/www.ibagsbelts.com\/tienda\/wp-json\/wp\/v2\/product"}],"about":[{"href":"https:\/\/www.ibagsbelts.com\/tienda\/wp-json\/wp\/v2\/types\/product"}],"replies":[{"embeddable":true,"href":"https:\/\/www.ibagsbelts.com\/tienda\/wp-json\/wp\/v2\/comments?post=33155"}],"wp:featuredmedia":[{"embeddable":true,"href":"https:\/\/www.ibagsbelts.com\/tienda\/wp-json\/wp\/v2\/media\/33161"}],"wp:attachment":[{"href":"https:\/\/www.ibagsbelts.com\/tienda\/wp-json\/wp\/v2\/media?parent=33155"}],"wp:term":[{"taxonomy":"product_brand","embeddable":true,"href":"https:\/\/www.ibagsbelts.com\/tienda\/wp-json\/wp\/v2\/product_brand?post=33155"},{"taxonomy":"product_cat","embeddable":true,"href":"https:\/\/www.ibagsbelts.com\/tienda\/wp-json\/wp\/v2\/product_cat?post=33155"},{"taxonomy":"product_tag","embeddable":true,"href":"https:\/\/www.ibagsbelts.com\/tienda\/wp-json\/wp\/v2\/product_tag?post=33155"}],"curies":[{"name":"wp","href":"https:\/\/api.w.org\/{rel}","templated":true}]}}