{"id":33183,"date":"2025-01-06T19:55:59","date_gmt":"2025-01-06T18:55:59","guid":{"rendered":"https:\/\/www.ibagsbelts.com\/tienda\/?post_type=product&#038;p=33183"},"modified":"2026-03-10T20:52:39","modified_gmt":"2026-03-10T19:52:39","slug":"cinturon-hippie-de-cuero-con-aros","status":"publish","type":"product","link":"https:\/\/www.ibagsbelts.com\/tienda\/producto\/cinturon-hippie-de-cuero-con-aros\/","title":{"rendered":"Cintur\u00f3n hippie de cuero con aros"},"content":{"rendered":"<p style=\"text-align: left;\">\u00a1Este cintur\u00f3n parece ser una elecci\u00f3n encantadora para realzar tu estilo! Aqu\u00ed hay algunas caracter\u00edsticas clave:<\/p>\n<ol style=\"text-align: left;\">\n<li><strong>Dise\u00f1o en tonos naturales:<\/strong> El cuero de vaca en tonos naturales agrega un toque r\u00fastico y aut\u00e9ntico.<\/li>\n<li><strong>Chapas plateadas con incrustaciones en hueso:<\/strong> Aportan un toque especial y original al dise\u00f1o, haci\u00e9ndolo destacar.<\/li>\n<li><strong>Ajustable:<\/strong> El cierre con tiras de cuero permite ajustar el cintur\u00f3n a la medida deseada, haci\u00e9ndolo vers\u00e1til para diferentes tallas y usos.<\/li>\n<li><strong>Ancho de 7 cm:<\/strong> Proporciona un impacto visual, haci\u00e9ndolo un accesorio llamativo.<\/li>\n<li><strong>Uso vers\u00e1til:<\/strong> Puede usarse tanto en la cintura como en las caderas, ofreciendo opciones de estilo variadas.<\/li>\n<li><strong>Composici\u00f3n de materiales:<\/strong> Hecho de cuero de vaca y aleaci\u00f3n de metales para mayor durabilidad y calidad.<\/li>\n<li><strong>Estilo original:<\/strong> Ideal para dar un toque \u00fanico a tus vestidos y blusones favoritos.<\/li>\n<\/ol>\n<p style=\"text-align: left;\">Si tienes alguna pregunta espec\u00edfica sobre este cintur\u00f3n o si hay algo m\u00e1s en lo que pueda ayudarte, \u00a1estar\u00e9 encantado de hacerlo!<\/p>\n<p style=\"text-align: left;\"><strong>Aviso importante<\/strong><\/p>\n<p style=\"text-align: left;\">Todos nuestros productos de cuero est\u00e1n hechos a mano y su nuevo bolso de cuero puede estar sujeta a una variaci\u00f3n natural en tama\u00f1o y color.<\/p>\n<p style=\"text-align: left;\">Las pieles utilizadas han sido procesadas y curtidas en una de las curtidur\u00edas m\u00e1s antiguas utilizando t\u00e9cnicas centenarias para dar al cuero acabado un aspecto antiguo \/ vintage.<br \/>\nPara los tama\u00f1os, permita 1-2 cm diferencia debido a la medida manual.<br \/>\nLas im\u00e1genes son 100% reales.<br \/>\nDebido al monitor del ordenador y el brillo real de la toma y otras razones, habr\u00e1 una cierta diferencia de color.<\/p>\n<!-- AddThis Advanced Settings generic via filter on the_content --><!-- AddThis Share Buttons generic via filter on the_content -->","protected":false},"excerpt":{"rendered":"<h2 style=\"text-align: center;\">El encanto natural y el dise\u00f1o lo convierten en uno de tus mejores aliados en los d\u00edas de sol y playa o simplemente un paseo por tu parque favorito.<\/h2>\n<h3 style=\"text-align: center;\">Este cinturones en tonos naturales de cuero de vaca curtido natural y sus 7 chapas plateadas con incrustaci\u00f3n en hueso le dan un toque especial y original que favorece tu cintura o cadera. Blusa, Vestido, Falda , ya sea cual sea tu estilo Este cintur\u00f3n se ajusta con tiras de cuero.<\/h3>\n<h4>Ancho: aproximadamente 7 cm. Largo aproximado del primer aro al ultimo aro 80 cm.<\/h4>\n<h5><strong>\u00bfAlguna duda? Ponte en contacto con nosotros a trav\u00e9s del bot\u00f3n del chat directo por whatsApp y te resolveremos las dudas al instante!<\/strong><\/h5>\n<p><!-- AddThis Advanced Settings generic via filter on get_the_excerpt --><!-- AddThis Share Buttons generic via filter on get_the_excerpt --><\/p>\n","protected":false},"featured_media":33191,"comment_status":"open","ping_status":"closed","template":"","meta":{"om_disable_all_campaigns":false,"_monsterinsights_skip_tracking":false,"_monsterinsights_sitenote_active":false,"_monsterinsights_sitenote_note":"","_monsterinsights_sitenote_category":0,"_uf_show_specific_survey":0,"_uf_disable_surveys":false},"product_brand":[1217],"product_cat":[393],"product_tag":[737,1087,290,258,332,341,337,333,336,1034,746,738],"class_list":{"0":"post-33183","1":"product","2":"type-product","3":"status-publish","4":"has-post-thumbnail","6":"product_brand-ibags-belts","7":"product_cat-cinturon-con-tachas","8":"product_tag-bohochic","9":"product_tag-cinto","10":"product_tag-cinturon","11":"product_tag-cinturon-cuero-cowboy-cinturon-cuero-de-vaca-cinturon-de-cuero-artesanal-bolso-de-cuero-cinturon-cuero-para-hombre-cinturon-para-mujer","12":"product_tag-cinturon-cuero","13":"product_tag-cinturon-cuero-boho-chic","14":"product_tag-cinturon-cuero-tachas","15":"product_tag-cinturon-cuero-vaca","16":"product_tag-cinturon-marruecos","17":"product_tag-cinturones","18":"product_tag-estilo-hippiechic","19":"product_tag-hippie","21":"first","22":"instock","23":"shipping-taxable","24":"purchasable","25":"product-type-variable","26":"add-to-wishlist-after_add_to_cart","27":"layout-style-1","28":"col-md-4 col-sm-4 col-xs-6","29":"col-lg-3","30":"product-has-gallery","31":"product-style-default"},"aioseo_notices":[],"_links":{"self":[{"href":"https:\/\/www.ibagsbelts.com\/tienda\/wp-json\/wp\/v2\/product\/33183","targetHints":{"allow":["GET"]}}],"collection":[{"href":"https:\/\/www.ibagsbelts.com\/tienda\/wp-json\/wp\/v2\/product"}],"about":[{"href":"https:\/\/www.ibagsbelts.com\/tienda\/wp-json\/wp\/v2\/types\/product"}],"replies":[{"embeddable":true,"href":"https:\/\/www.ibagsbelts.com\/tienda\/wp-json\/wp\/v2\/comments?post=33183"}],"wp:featuredmedia":[{"embeddable":true,"href":"https:\/\/www.ibagsbelts.com\/tienda\/wp-json\/wp\/v2\/media\/33191"}],"wp:attachment":[{"href":"https:\/\/www.ibagsbelts.com\/tienda\/wp-json\/wp\/v2\/media?parent=33183"}],"wp:term":[{"taxonomy":"product_brand","embeddable":true,"href":"https:\/\/www.ibagsbelts.com\/tienda\/wp-json\/wp\/v2\/product_brand?post=33183"},{"taxonomy":"product_cat","embeddable":true,"href":"https:\/\/www.ibagsbelts.com\/tienda\/wp-json\/wp\/v2\/product_cat?post=33183"},{"taxonomy":"product_tag","embeddable":true,"href":"https:\/\/www.ibagsbelts.com\/tienda\/wp-json\/wp\/v2\/product_tag?post=33183"}],"curies":[{"name":"wp","href":"https:\/\/api.w.org\/{rel}","templated":true}]}}