{"id":33207,"date":"2025-01-08T19:29:26","date_gmt":"2025-01-08T18:29:26","guid":{"rendered":"https:\/\/www.ibagsbelts.com\/tienda\/?post_type=product&#038;p=33207"},"modified":"2026-03-10T20:51:53","modified_gmt":"2026-03-10T19:51:53","slug":"mochila-clasica-pequena-con-tapiz-etnico","status":"publish","type":"product","link":"https:\/\/www.ibagsbelts.com\/tienda\/producto\/mochila-clasica-pequena-con-tapiz-etnico\/","title":{"rendered":"Mochila cl\u00e1sica peque\u00f1a con tapiz \u00e9tnico"},"content":{"rendered":"<p style=\"text-align: left;\">La mochila cl\u00e1sica con un toque moderno presenta un dise\u00f1o generoso y contempor\u00e1neo que no pasar\u00e1 desapercibido. Fabricada con un tapiz Indio exclusivo y cuero, esta mochila es resistente y duradera, proporcionando una s\u00f3lida protecci\u00f3n para tus art\u00edculos.<\/p>\n<p style=\"text-align: left;\">Las correas de hombro ajustables de cuero de vaca y la solapa a\u00f1aden un toque de elegancia a su dise\u00f1o, lo que la convierte en una opci\u00f3n vers\u00e1til que se adapta a cualquier \u00e9poca del a\u00f1o y sigue de cerca las tendencias de moda. Esta mochila est\u00e1 llena de juventud y estilo.<\/p>\n<p style=\"text-align: left;\">Ofrece dos formas de transporte para diversas ocasiones: puedes usarla como una mochila casual o como un bolso de mano con su asa superior. Con dos bolsillos delanteros de cuero en el exterior y un bolsillo con cremallera en el interior para tus tarjetas y tel\u00e9fono m\u00f3vil, esta mochila es pr\u00e1ctica y funcional.<\/p>\n<p style=\"text-align: left;\">Con unas dimensiones de 18 cm x 24 cm x 10 cm y un forro interior, esta mochila combina estilo y utilidad para satisfacer todas tus necesidades diarias.<\/p>\n<p style=\"text-align: left;\"><strong>Aviso importante<\/strong><\/p>\n<p style=\"text-align: left;\">Todos nuestros productos de cuero est\u00e1n hechos a mano y su nueva bolsa de cuero puede estar sujeta a una variaci\u00f3n natural en tama\u00f1o y color.<br \/>\nPara los tama\u00f1os, permita 1-2 cm difiere debido a la medida manual.<br \/>\nLas im\u00e1genes son 100% reales.<br \/>\nDebido al monitor del ordenador y el brillo real de la toma y otras razones, habr\u00e1 una cierta diferencia de color.<\/p>\n<!-- AddThis Advanced Settings generic via filter on the_content --><!-- AddThis Share Buttons generic via filter on the_content -->","protected":false},"excerpt":{"rendered":"<h2><span class=\"a-list-item\">Hecho en tapiz \u00e9tnico de la India exclusivo y cuero.<\/span><\/h2>\n<p><span class=\"a-list-item\">Es fuerte y durable, ofrece una fuerte protecci\u00f3n para sus art\u00edculos.\u00a0<\/span><span class=\"a-list-item\">Correas de hombro ajustables del cuero de la vaca y solapa, esta mochila va bien con cualquier \u00e9poca del a\u00f1o. Sigue de cerca la tendencia de la moda. Est\u00e1 lleno de juventud.\u00a0<\/span><span class=\"a-list-item\">Dos diversas maneras del transporte para las varias ocasiones, puede utilizar simplemente como morral ocasional, bolso superior de la manija.\u00a0<\/span><\/p>\n<p><span class=\"a-list-item\">Exterior: 1 bolsillos delanteros de cuero; <\/span><\/p>\n<p><span class=\"a-list-item\">Interior: 1 bolsillo con cremallera a su interior para las tarjetas y el tel\u00e9fono m\u00f3vil.<\/span><\/p>\n<p>Dimensiones: 18 cm X 24 cm X 10 cm.<\/p>\n<h5><strong>\u00bfAlguna duda? Ponte en contacto con nosotros a trav\u00e9s del bot\u00f3n del chat directo por whatsApp y te resolveremos las dudas al instante!<\/strong><\/h5>\n<p><!-- AddThis Advanced Settings generic via filter on get_the_excerpt --><!-- AddThis Share Buttons generic via filter on get_the_excerpt --><\/p>\n","protected":false},"featured_media":33210,"comment_status":"open","ping_status":"closed","template":"","meta":{"om_disable_all_campaigns":false,"_monsterinsights_skip_tracking":false,"_monsterinsights_sitenote_active":false,"_monsterinsights_sitenote_note":"","_monsterinsights_sitenote_category":0,"_uf_show_specific_survey":0,"_uf_disable_surveys":false},"product_brand":[1217],"product_cat":[399],"product_tag":[266,329,1053,259,745,738,275,322,310,1099,347,1136,1208],"class_list":{"0":"post-33207","1":"product","2":"type-product","3":"status-publish","4":"has-post-thumbnail","6":"product_brand-ibags-belts","7":"product_cat-mochilas-pequenas","8":"product_tag-bolso-bohemian-bolso-cuero-repujado-bolsos-cuero-retro-bolso-shopper-cuero-bolso-cuero-trenzado-bolso-cuero-troquelado","9":"product_tag-bolso-cuero-hippie","10":"product_tag-bolso-killim","11":"product_tag-bolso-de-cuero-hecho-a-mano-bolso-cuero-grabado-bolso-cuero-hombre-artesanal-bolso-cuero-hecho-a-mano-bolsos-cuero-y-kilim-bolso-cuero-mochila","12":"product_tag-estilo-hippie","13":"product_tag-hippie","14":"product_tag-mochila-de-cuero-para-hombre-bolso-de-cuero-para-mujer-bolso-de-cuero-hecho-a-mano-bolso-cuero-grabado-bolso-cuero-hombre-artesanal-bolso-cuero-hecho-a-mano-bolsos-cuero-y-kilim","15":"product_tag-mochila-clasica-marroqui","16":"product_tag-mochila-cuero","17":"product_tag-mochila-heavy","18":"product_tag-mochila-hecho-a-mano","19":"product_tag-mochila-piel","20":"product_tag-tapiz","22":"first","23":"instock","24":"shipping-taxable","25":"purchasable","26":"product-type-simple","27":"add-to-wishlist-after_add_to_cart","28":"layout-style-1","29":"col-md-4 col-sm-4 col-xs-6","30":"col-lg-3","31":"product-has-gallery","32":"product-style-default"},"aioseo_notices":[],"_links":{"self":[{"href":"https:\/\/www.ibagsbelts.com\/tienda\/wp-json\/wp\/v2\/product\/33207","targetHints":{"allow":["GET"]}}],"collection":[{"href":"https:\/\/www.ibagsbelts.com\/tienda\/wp-json\/wp\/v2\/product"}],"about":[{"href":"https:\/\/www.ibagsbelts.com\/tienda\/wp-json\/wp\/v2\/types\/product"}],"replies":[{"embeddable":true,"href":"https:\/\/www.ibagsbelts.com\/tienda\/wp-json\/wp\/v2\/comments?post=33207"}],"wp:featuredmedia":[{"embeddable":true,"href":"https:\/\/www.ibagsbelts.com\/tienda\/wp-json\/wp\/v2\/media\/33210"}],"wp:attachment":[{"href":"https:\/\/www.ibagsbelts.com\/tienda\/wp-json\/wp\/v2\/media?parent=33207"}],"wp:term":[{"taxonomy":"product_brand","embeddable":true,"href":"https:\/\/www.ibagsbelts.com\/tienda\/wp-json\/wp\/v2\/product_brand?post=33207"},{"taxonomy":"product_cat","embeddable":true,"href":"https:\/\/www.ibagsbelts.com\/tienda\/wp-json\/wp\/v2\/product_cat?post=33207"},{"taxonomy":"product_tag","embeddable":true,"href":"https:\/\/www.ibagsbelts.com\/tienda\/wp-json\/wp\/v2\/product_tag?post=33207"}],"curies":[{"name":"wp","href":"https:\/\/api.w.org\/{rel}","templated":true}]}}