{"id":33387,"date":"2025-01-25T14:34:04","date_gmt":"2025-01-25T13:34:04","guid":{"rendered":"https:\/\/www.ibagsbelts.com\/tienda\/?post_type=product&#038;p=33387"},"modified":"2026-03-10T20:37:09","modified_gmt":"2026-03-10T19:37:09","slug":"bolso-de-hombro-en-piel-camel-noa","status":"publish","type":"product","link":"https:\/\/www.ibagsbelts.com\/tienda\/producto\/bolso-de-hombro-en-piel-camel-noa\/","title":{"rendered":"Bolso de hombro en piel  camel Noa"},"content":{"rendered":"<p style=\"text-align: left;\">Experimenta el lujo y la versatilidad con nuestro elegante bolso bandolera de piel italiana. Confeccionado con piel suave y envejecida de la m\u00e1s alta calidad, este bolso es el complemento perfecto para cualquier ocasi\u00f3n.<\/p>\n<p style=\"text-align: left;\">Presenta una decoraci\u00f3n de cierre de lat\u00f3n envejecido que le confiere un estilo \u00fanico y sofisticado. Puedes llevarlo c\u00f3modamente como bolso de hombro o ajustar la correa de cuero ajustable y extra\u00edble para convertirlo en una bandolera pr\u00e1ctica y elegante.<\/p>\n<p style=\"text-align: left;\">El bolsillo principal cuenta con cierre de cremallera para garantizar la seguridad de tus pertenencias, mientras que en el interior encontrar\u00e1s un pr\u00e1ctico bolsillo con cremallera dise\u00f1ado para tus tel\u00e9fonos m\u00f3viles o llaves. El forro interior de algod\u00f3n lavado grueso a\u00f1ade un toque de confort y durabilidad.<\/p>\n<p style=\"text-align: left;\">Con unas medidas de 24 cm de ancho, 12 cm de profundidad y 13 cm de alto, este bolso ofrece el espacio perfecto para llevar todo lo que necesitas de forma organizada y elegante.<\/p>\n<p style=\"text-align: left;\">\u00a1Hazte con este lujoso bolso bandolera y lleva tu estilo al siguiente nivel!<\/p>\n<p style=\"text-align: left;\"><strong>Aviso importante<\/strong><\/p>\n<p style=\"text-align: left;\">Todos nuestros productos de cuero est\u00e1n hechos a mano y su nueva bolsa de cuero puede estar sujeta a una variaci\u00f3n natural en tama\u00f1o y color.<br \/>\nPara los tama\u00f1os, permita 1-2 cm difiere debido a la medida manual.<br \/>\nLas im\u00e1genes son 100% reales.<br \/>\nDebido al monitor del ordenador y el brillo real de la toma y otras razones, habr\u00e1 una cierta diferencia de color.<\/p>\n<!-- AddThis Advanced Settings generic via filter on the_content --><!-- AddThis Share Buttons generic via filter on the_content -->","protected":false},"excerpt":{"rendered":"<p class=\"p1\" style=\"text-align: left;\"><b>Este bolso que combina misterio y sofisticaci\u00f3n.<\/b><\/p>\n<p class=\"p1\" style=\"text-align: left;\">Confeccionado en piel envejecida, <b>Noa<\/b> es un bolso \u00fanico que destaca por su dise\u00f1o audaz y detalles refinados. Los laterales con un doble perfil de tachuelas le aportan un car\u00e1cter atrevido, mientras que su cierre de bronce a\u00f1ade un toque vintage que no pasa desapercibido.<\/p>\n<p class=\"p1\" style=\"text-align: left;\"><b>Detalles que enamoran:<\/b><\/p>\n<p class=\"p1\" style=\"text-align: left;\">\u2022<b>Material exclusivo:<\/b> piel envejecida de alta calidad.<\/p>\n<p class=\"p1\" style=\"text-align: left;\">\u2022<b>Versatilidad total:<\/b> bandolera ajustable y desmontable para adaptarse a cualquier ocasi\u00f3n.<\/p>\n<p class=\"p1\" style=\"text-align: left;\">\u2022<b>Espacio bien organizado:<\/b> interior forrado con un amplio compartimento principal, un bolsillo abierto y otro con cremallera (15 cm) para mayor funcionalidad.<\/p>\n<p class=\"p3\" style=\"text-align: left;\">Ideal para quienes buscan un accesorio con personalidad propia, perfecto para completar un look <b>rock chic<\/b> o a\u00f1adir un toque de elegancia atemporal.<\/p>\n<p style=\"text-align: left;\">Medidas:\u00a0 25 cm de ancho x 12 cm de profundidad x 13 cm de alto.<\/p>\n<h5><strong>\u00bfAlguna duda? Ponte en contacto con nosotros a trav\u00e9s del bot\u00f3n del chat directo por whatsApp y te resolveremos las dudas al instante!<\/strong><\/h5>\n<p><!-- AddThis Advanced Settings generic via filter on get_the_excerpt --><!-- AddThis Share Buttons generic via filter on get_the_excerpt --><\/p>\n","protected":false},"featured_media":33390,"comment_status":"open","ping_status":"closed","template":"","meta":{"om_disable_all_campaigns":false,"_monsterinsights_skip_tracking":false,"_monsterinsights_sitenote_active":false,"_monsterinsights_sitenote_note":"","_monsterinsights_sitenote_category":0,"_uf_show_specific_survey":0,"_uf_disable_surveys":false},"product_brand":[1217],"product_cat":[240,40],"product_tag":[301,877,303,315,316,255,823,1036,727,744,1102,1038],"class_list":{"0":"post-33387","1":"product","2":"type-product","3":"status-publish","4":"has-post-thumbnail","6":"product_brand-ibags-belts","7":"product_cat-bolsos-bandoleras-de-cuero-artesanal","8":"product_cat-bolsos-de-hombro","9":"product_tag-bandolera","10":"product_tag-bandoleras","11":"product_tag-bolso-bohemian","12":"product_tag-bolso-cuero-artesano","13":"product_tag-bolso-cuero-con-tachuelas","14":"product_tag-bolso-cuero-mujer","15":"product_tag-bolso-piel","16":"product_tag-bolso-piel-italiano","17":"product_tag-bolsos-bandoleras-cuero","18":"product_tag-estilo-bohochic","19":"product_tag-piel","20":"product_tag-piel-lavada","22":"first","23":"instock","24":"shipping-taxable","25":"purchasable","26":"product-type-simple","27":"add-to-wishlist-after_add_to_cart","28":"layout-style-1","29":"col-md-4 col-sm-4 col-xs-6","30":"col-lg-3","31":"product-has-gallery","32":"product-style-default"},"aioseo_notices":[],"_links":{"self":[{"href":"https:\/\/www.ibagsbelts.com\/tienda\/wp-json\/wp\/v2\/product\/33387","targetHints":{"allow":["GET"]}}],"collection":[{"href":"https:\/\/www.ibagsbelts.com\/tienda\/wp-json\/wp\/v2\/product"}],"about":[{"href":"https:\/\/www.ibagsbelts.com\/tienda\/wp-json\/wp\/v2\/types\/product"}],"replies":[{"embeddable":true,"href":"https:\/\/www.ibagsbelts.com\/tienda\/wp-json\/wp\/v2\/comments?post=33387"}],"wp:featuredmedia":[{"embeddable":true,"href":"https:\/\/www.ibagsbelts.com\/tienda\/wp-json\/wp\/v2\/media\/33390"}],"wp:attachment":[{"href":"https:\/\/www.ibagsbelts.com\/tienda\/wp-json\/wp\/v2\/media?parent=33387"}],"wp:term":[{"taxonomy":"product_brand","embeddable":true,"href":"https:\/\/www.ibagsbelts.com\/tienda\/wp-json\/wp\/v2\/product_brand?post=33387"},{"taxonomy":"product_cat","embeddable":true,"href":"https:\/\/www.ibagsbelts.com\/tienda\/wp-json\/wp\/v2\/product_cat?post=33387"},{"taxonomy":"product_tag","embeddable":true,"href":"https:\/\/www.ibagsbelts.com\/tienda\/wp-json\/wp\/v2\/product_tag?post=33387"}],"curies":[{"name":"wp","href":"https:\/\/api.w.org\/{rel}","templated":true}]}}