{"id":33398,"date":"2025-01-25T17:32:42","date_gmt":"2025-01-25T16:32:42","guid":{"rendered":"https:\/\/www.ibagsbelts.com\/tienda\/?post_type=product&#038;p=33398"},"modified":"2026-03-10T20:33:15","modified_gmt":"2026-03-10T19:33:15","slug":"maletin-de-cuero-retro-pequeno-multicolor","status":"publish","type":"product","link":"https:\/\/www.ibagsbelts.com\/tienda\/producto\/maletin-de-cuero-retro-pequeno-multicolor\/","title":{"rendered":"Malet\u00edn de cuero retro peque\u00f1o Multicolor"},"content":{"rendered":"<p class=\"p1\" style=\"text-align: left;\"><b>Hipercolorido y funcional: el portafolios que combina estilo y utilidad.<\/b><\/p>\n<p class=\"p1\" style=\"text-align: left;\">Este peque\u00f1o portafolios de oficina, confeccionado en aut\u00e9ntica piel acolchada por expertos artesanos italianos, es el accesorio ideal para quienes buscan una pieza pr\u00e1ctica y con personalidad. Su estructura r\u00edgida no solo garantiza durabilidad, sino que tambi\u00e9n le aporta un toque sofisticado.<\/p>\n<p class=\"p1\" style=\"text-align: left;\"><b>Vers\u00e1til y \u00fanico<\/b>, fue dise\u00f1ado como bolso de negocios, pero se adapta perfectamente como bolso de paseo, convirti\u00e9ndose en un aliado perfecto tanto para el trabajo como para el tiempo libre. Su dise\u00f1o multicolor lo hace destacar y se combina f\u00e1cilmente con cualquier look.<\/p>\n<p class=\"p1\" style=\"text-align: left;\"><b>Caracter\u00edsticas clave:<\/b><\/p>\n<p class=\"p1\" style=\"text-align: left;\">\u2022<b>Material premium:<\/b> piel acolchada de calidad italiana.<\/p>\n<p class=\"p1\" style=\"text-align: left;\">\u2022<b>Espacioso y organizado:<\/b><\/p>\n<p class=\"p1\" style=\"text-align: left;\">\u20222 compartimentos interiores con cierre de cremallera.<\/p>\n<p class=\"p1\" style=\"text-align: left;\">\u20222 bolsillos externos con bot\u00f3n magn\u00e9tico en el frente.<\/p>\n<p class=\"p1\" style=\"text-align: left;\">\u20221 bolsillo trasero con cremallera.<\/p>\n<p class=\"p1\" style=\"text-align: left;\">\u2022<b>Dimensiones pr\u00e1cticas:<\/b> 30 x 10 x 20 cm.<\/p>\n<p class=\"p1\" style=\"text-align: left;\">\u2022<b>Comodidad asegurada:<\/b> incluye un asa corta y una bandolera de piel extra\u00edble y extensible con ojales integrados.<\/p>\n<p class=\"p3\" style=\"text-align: left;\">Un accesorio multicolor, vibrante y lleno de car\u00e1cter que no pasar\u00e1 desapercibido. Perfecto para llevar todo lo que necesitas, desde tu smartphone y gafas de sol hasta tus llaves y cartera, siempre organizado y al alcance de tu mano.<\/p>\n<!-- AddThis Advanced Settings generic via filter on the_content --><!-- AddThis Share Buttons generic via filter on the_content -->","protected":false},"excerpt":{"rendered":"<p class=\"p1\" style=\"text-align: left;\"><b>Hipercolorido y funcional: el portafolios que combina estilo y utilidad.<\/b><\/p>\n<p class=\"p1\" style=\"text-align: left;\">Este peque\u00f1o portafolios de oficina, confeccionado en aut\u00e9ntica piel acolchada por expertos artesanos italianos, es el accesorio ideal para quienes buscan una pieza pr\u00e1ctica y con personalidad. Su estructura r\u00edgida no solo garantiza durabilidad, sino que tambi\u00e9n le aporta un toque sofisticado.<\/p>\n<p class=\"p1\" style=\"text-align: left;\"><b>Vers\u00e1til y \u00fanico<\/b>, fue dise\u00f1ado como bolso de negocios, pero se adapta perfectamente como bolso de paseo, convirti\u00e9ndose en un aliado perfecto tanto para el trabajo como para el tiempo libre. Su dise\u00f1o multicolor lo hace destacar y se combina f\u00e1cilmente con cualquier look.<\/p>\n<p class=\"p1\" style=\"text-align: left;\"><b>Caracter\u00edsticas clave, <\/b><b>Material premium, <\/b><b>Espacioso y organizado, Comodidad asegurada, <\/b><b>Dimensiones pr\u00e1cticas:<\/b> 30 x 10 x 20 cm.<\/p>\n<h3>\u2022<b>Colores atemporales:<\/b>\u00a0<strong>Preguntar para enviar fotografias de los colores disponibles.<\/strong><\/h3>\n<h5><strong>\u00bfAlguna duda? Ponte en contacto con nosotros a trav\u00e9s del bot\u00f3n del chat directo por whatsApp y te resolveremos las dudas al instante!<\/strong><\/h5>\n<p><!-- AddThis Advanced Settings generic via filter on get_the_excerpt --><!-- AddThis Share Buttons generic via filter on get_the_excerpt --><\/p>\n","protected":false},"featured_media":33405,"comment_status":"open","ping_status":"closed","template":"","meta":{"om_disable_all_campaigns":false,"_monsterinsights_skip_tracking":false,"_monsterinsights_sitenote_active":false,"_monsterinsights_sitenote_note":"","_monsterinsights_sitenote_category":0,"_uf_show_specific_survey":0,"_uf_disable_surveys":false},"product_brand":[1217],"product_cat":[240,757,402],"product_tag":[1135,1096,301,877,266,299,305,315,313,823,1036,727,302,281,885,905,753,875,1102],"class_list":{"0":"post-33398","1":"product","2":"type-product","3":"status-publish","4":"has-post-thumbnail","6":"product_brand-ibags-belts","7":"product_cat-bolsos-bandoleras-de-cuero-artesanal","8":"product_cat-bolso-clutch","9":"product_cat-maletin-liso","10":"product_tag-accesorios-y-complementos","11":"product_tag-artesania","12":"product_tag-bandolera","13":"product_tag-bandoleras","14":"product_tag-bolso-bohemian-bolso-cuero-repujado-bolsos-cuero-retro-bolso-shopper-cuero-bolso-cuero-trenzado-bolso-cuero-troquelado","15":"product_tag-bolso-cuero","16":"product_tag-bolso-cuero-artesanal","17":"product_tag-bolso-cuero-artesano","18":"product_tag-bolso-cuero-hecho-a-mano","19":"product_tag-bolso-piel","20":"product_tag-bolso-piel-italiano","21":"product_tag-bolsos-bandoleras-cuero","22":"product_tag-bolsos-de-cuero","23":"product_tag-bolso-bohemian-bolso-cuero-para-hombre-bolso-cuero-repujado-bolsos-cuero-retro-bolso-shopper-cuero-bolso-cuero-trenzado-bolso-cuero-troquelado-bolso-cuero-vaca-bolso-cuero-viaje-hombre","24":"product_tag-cartera","25":"product_tag-casual","26":"product_tag-complementos-de-cuero","27":"product_tag-maletin","28":"product_tag-piel","30":"first","31":"instock","32":"shipping-taxable","33":"purchasable","34":"product-type-variable","35":"add-to-wishlist-after_add_to_cart","36":"layout-style-1","37":"col-md-4 col-sm-4 col-xs-6","38":"col-lg-3","39":"product-has-gallery","40":"product-style-default"},"aioseo_notices":[],"_links":{"self":[{"href":"https:\/\/www.ibagsbelts.com\/tienda\/wp-json\/wp\/v2\/product\/33398","targetHints":{"allow":["GET"]}}],"collection":[{"href":"https:\/\/www.ibagsbelts.com\/tienda\/wp-json\/wp\/v2\/product"}],"about":[{"href":"https:\/\/www.ibagsbelts.com\/tienda\/wp-json\/wp\/v2\/types\/product"}],"replies":[{"embeddable":true,"href":"https:\/\/www.ibagsbelts.com\/tienda\/wp-json\/wp\/v2\/comments?post=33398"}],"wp:featuredmedia":[{"embeddable":true,"href":"https:\/\/www.ibagsbelts.com\/tienda\/wp-json\/wp\/v2\/media\/33405"}],"wp:attachment":[{"href":"https:\/\/www.ibagsbelts.com\/tienda\/wp-json\/wp\/v2\/media?parent=33398"}],"wp:term":[{"taxonomy":"product_brand","embeddable":true,"href":"https:\/\/www.ibagsbelts.com\/tienda\/wp-json\/wp\/v2\/product_brand?post=33398"},{"taxonomy":"product_cat","embeddable":true,"href":"https:\/\/www.ibagsbelts.com\/tienda\/wp-json\/wp\/v2\/product_cat?post=33398"},{"taxonomy":"product_tag","embeddable":true,"href":"https:\/\/www.ibagsbelts.com\/tienda\/wp-json\/wp\/v2\/product_tag?post=33398"}],"curies":[{"name":"wp","href":"https:\/\/api.w.org\/{rel}","templated":true}]}}