{"id":33413,"date":"2025-01-25T18:59:49","date_gmt":"2025-01-25T17:59:49","guid":{"rendered":"https:\/\/www.ibagsbelts.com\/tienda\/?post_type=product&#038;p=33413"},"modified":"2026-03-10T20:32:26","modified_gmt":"2026-03-10T19:32:26","slug":"bolso-hobo-de-piel-camel-lupe","status":"publish","type":"product","link":"https:\/\/www.ibagsbelts.com\/tienda\/producto\/bolso-hobo-de-piel-camel-lupe\/","title":{"rendered":"Bolso hobo de piel camel Lupe"},"content":{"rendered":"<p class=\"p1\" style=\"text-align: left;\"><b>LUPE: El bolso atemporal que todas desean.<\/b><\/p>\n<p class=\"p1\" style=\"text-align: left;\">Casual y elegante, <b>LUPE<\/b> es el accesorio ideal para mujeres de todas las edades que buscan un complemento \u00fanico, pr\u00e1ctico y lleno de estilo. Dise\u00f1ado y fabricado \u00edntegramente en Italia, este bolso artesanal est\u00e1 elaborado en aut\u00e9ntica piel de alta calidad, 100% <b>Made in Italy<\/b>.<\/p>\n<p class=\"p1\" style=\"text-align: left;\">Disponible en varios colores y tama\u00f1os, <b>LUPE<\/b> destaca por su dise\u00f1o original con detalles \u00fanicos como los cordones frontales, cremalleras decorativas y un pr\u00e1ctico bolsillo exterior. Vers\u00e1til y funcional, cuenta con asas para llevarlo en la mano y una bandolera ajustable para mayor comodidad.<\/p>\n<p class=\"p1\" style=\"text-align: left;\"><b>Caracter\u00edsticas clave:<\/b><\/p>\n<p class=\"p1\" style=\"text-align: left;\">\u2022<b>Material premium:<\/b> aut\u00e9ntica piel italiana.<\/p>\n<p class=\"p1\" style=\"text-align: left;\">\u2022<b>Dise\u00f1o original:<\/b> cordones decorativos y bolsillo frontal.<\/p>\n<p class=\"p1\" style=\"text-align: left;\">\u2022<b>Interior espacioso y funcional:<\/b> un compartimento amplio con un bolsillo con cremallera para organizar tus imprescindibles como el smartphone, cartera, neceser, gafas o llaves.<\/p>\n<p class=\"p1\" style=\"text-align: left;\">\u2022<b>Versatilidad total:<\/b> asas para llevarlo en la mano o bandolera ajustable para usarlo al hombro.<\/p>\n<p class=\"p1\" style=\"text-align: left;\"><b>LUPE<\/b> es el bolso perfecto para cualquier ocasi\u00f3n. Aporta estilo, elegancia y feminidad a cualquier look, convirti\u00e9ndose en un complemento indispensable para todas aquellas que buscan calidad y dise\u00f1o en una sola pieza.<\/p>\n<p style=\"text-align: left;\"><strong>Aviso importante<\/strong><\/p>\n<p style=\"text-align: left;\">Todos nuestros productos de cuero est\u00e1n hechos a mano y su nueva bolsa de cuero puede estar sujeta a una variaci\u00f3n natural en tama\u00f1o y color.<br \/>\nPara los tama\u00f1os, permita 1-2 cm difiere debido a la medida manual.<br \/>\nLas im\u00e1genes son 100% reales.<br \/>\nDebido al monitor del ordenador y el brillo real de la toma y otras razones, habr\u00e1 una cierta diferencia de color.<\/p>\n<!-- AddThis Advanced Settings generic via filter on the_content --><!-- AddThis Share Buttons generic via filter on the_content -->","protected":false},"excerpt":{"rendered":"<p class=\"p1\" style=\"text-align: center;\"><b>LUPE: El bolso atemporal que todas desean.<\/b><\/p>\n<p class=\"p1\" style=\"text-align: center;\">Casual y elegante, <b>LUPE<\/b> es el accesorio ideal para mujeres de todas las edades que buscan un complemento \u00fanico, pr\u00e1ctico y lleno de estilo. Dise\u00f1ado y fabricado \u00edntegramente en Italia, este bolso artesanal est\u00e1 elaborado en aut\u00e9ntica piel de alta calidad, 100% <b>Made in Italy<\/b>.<\/p>\n<p class=\"p1\" style=\"text-align: center;\">Disponible en varios colores y tama\u00f1os, <b>LUPE<\/b> destaca por su dise\u00f1o original con detalles \u00fanicos como los cordones frontales, cremalleras decorativas y un pr\u00e1ctico bolsillo exterior. Vers\u00e1til y funcional, cuenta con asas para llevarlo en la mano y una bandolera ajustable para mayor comodidad.<\/p>\n<p class=\"p1\" style=\"text-align: center;\"><b>Caracter\u00edsticas clave: <\/b>aut\u00e9ntica piel italiana, cordones decorativos y bolsillo frontal. Un compartimento amplio con un bolsillo con cremallera para organizar tus imprescindibles como el smartphone, cartera, neceser, gafas o llaves.<\/p>\n<p class=\"p1\" style=\"text-align: center;\"><b>E<\/b>l bolso perfecto para cualquier ocasi\u00f3n. Aporta estilo, elegancia y feminidad a cualquier look, convirti\u00e9ndose en un complemento indispensable para todas aquellas que buscan calidad y dise\u00f1o en una sola pieza.<\/p>\n<p style=\"text-align: center;\">Medidas: 30 cm largo x 9 cm x 22 cm alto<\/p>\n<h5><strong>\u00bfAlguna duda? Ponte en contacto con nosotros a trav\u00e9s del bot\u00f3n del chat directo por whatsApp y te resolveremos las dudas al instante!<\/strong><\/h5>\n<p><!-- AddThis Advanced Settings generic via filter on get_the_excerpt --><!-- AddThis Share Buttons generic via filter on get_the_excerpt --><\/p>\n","protected":false},"featured_media":33414,"comment_status":"open","ping_status":"closed","template":"","meta":{"om_disable_all_campaigns":false,"_monsterinsights_skip_tracking":false,"_monsterinsights_sitenote_active":false,"_monsterinsights_sitenote_note":"","_monsterinsights_sitenote_category":0,"_uf_show_specific_survey":0,"_uf_disable_surveys":false},"product_brand":[1217],"product_cat":[240,757,382,40],"product_tag":[301,877,737,266,303,1020,316,313,255,823,1036,727,302,281,744,1040,1038,1023],"class_list":{"0":"post-33413","1":"product","2":"type-product","3":"status-publish","4":"has-post-thumbnail","6":"product_brand-ibags-belts","7":"product_cat-bolsos-bandoleras-de-cuero-artesanal","8":"product_cat-bolso-clutch","9":"product_cat-bowling","10":"product_cat-bolsos-de-hombro","11":"product_tag-bandolera","12":"product_tag-bandoleras","13":"product_tag-bohochic","14":"product_tag-bolso-bohemian-bolso-cuero-repujado-bolsos-cuero-retro-bolso-shopper-cuero-bolso-cuero-trenzado-bolso-cuero-troquelado","15":"product_tag-bolso-bohemian","16":"product_tag-bolso-boho","17":"product_tag-bolso-cuero-con-tachuelas","18":"product_tag-bolso-cuero-hecho-a-mano","19":"product_tag-bolso-cuero-mujer","20":"product_tag-bolso-piel","21":"product_tag-bolso-piel-italiano","22":"product_tag-bolsos-bandoleras-cuero","23":"product_tag-bolsos-de-cuero","24":"product_tag-bolso-bohemian-bolso-cuero-para-hombre-bolso-cuero-repujado-bolsos-cuero-retro-bolso-shopper-cuero-bolso-cuero-trenzado-bolso-cuero-troquelado-bolso-cuero-vaca-bolso-cuero-viaje-hombre","25":"product_tag-estilo-bohochic","26":"product_tag-hobo","27":"product_tag-piel-lavada","28":"product_tag-tote","30":"first","31":"instock","32":"shipping-taxable","33":"purchasable","34":"product-type-simple","35":"add-to-wishlist-after_add_to_cart","36":"layout-style-1","37":"col-md-4 col-sm-4 col-xs-6","38":"col-lg-3","39":"product-has-gallery","40":"product-style-default"},"aioseo_notices":[],"_links":{"self":[{"href":"https:\/\/www.ibagsbelts.com\/tienda\/wp-json\/wp\/v2\/product\/33413","targetHints":{"allow":["GET"]}}],"collection":[{"href":"https:\/\/www.ibagsbelts.com\/tienda\/wp-json\/wp\/v2\/product"}],"about":[{"href":"https:\/\/www.ibagsbelts.com\/tienda\/wp-json\/wp\/v2\/types\/product"}],"replies":[{"embeddable":true,"href":"https:\/\/www.ibagsbelts.com\/tienda\/wp-json\/wp\/v2\/comments?post=33413"}],"wp:featuredmedia":[{"embeddable":true,"href":"https:\/\/www.ibagsbelts.com\/tienda\/wp-json\/wp\/v2\/media\/33414"}],"wp:attachment":[{"href":"https:\/\/www.ibagsbelts.com\/tienda\/wp-json\/wp\/v2\/media?parent=33413"}],"wp:term":[{"taxonomy":"product_brand","embeddable":true,"href":"https:\/\/www.ibagsbelts.com\/tienda\/wp-json\/wp\/v2\/product_brand?post=33413"},{"taxonomy":"product_cat","embeddable":true,"href":"https:\/\/www.ibagsbelts.com\/tienda\/wp-json\/wp\/v2\/product_cat?post=33413"},{"taxonomy":"product_tag","embeddable":true,"href":"https:\/\/www.ibagsbelts.com\/tienda\/wp-json\/wp\/v2\/product_tag?post=33413"}],"curies":[{"name":"wp","href":"https:\/\/api.w.org\/{rel}","templated":true}]}}