{"id":33564,"date":"2025-01-30T20:10:18","date_gmt":"2025-01-30T19:10:18","guid":{"rendered":"https:\/\/www.ibagsbelts.com\/tienda\/?post_type=product&#038;p=33564"},"modified":"2026-03-23T22:25:44","modified_gmt":"2026-03-23T21:25:44","slug":"bolso-shopper-de-cuero-naranja-minerva","status":"publish","type":"product","link":"https:\/\/www.ibagsbelts.com\/tienda\/producto\/bolso-shopper-de-cuero-naranja-minerva\/","title":{"rendered":"Bolso saco de cuero naranja Minerva"},"content":{"rendered":"<p class=\"p1\"><b>Bolso Shopper de Piel Italiana \u2013 Elegancia y Comodidad en un Solo Dise\u00f1o.<\/b><\/p>\n<p class=\"p1\">Descubre el <b>bolso shopper perfecto<\/b> para mujeres que buscan <b>estilo, comodidad y calidad<\/b> en su d\u00eda a d\u00eda. Fabricado en <b>piel italiana de primera calidad<\/b>, este bolso es <b>ligero, espacioso y s\u00faper vers\u00e1til<\/b>, ideal para llevar todo lo que necesitas sin perder la elegancia.<\/p>\n<p class=\"p1\"><span class=\"s1\">\u2714<\/span> <b>Formato A4<\/b>, perfecto para documentos, tablets o accesorios.<\/p>\n<p class=\"p1\"><span class=\"s1\">\u2714<\/span> <b>Cierre magn\u00e9tico<\/b> y detalles en <b>cromo plateado<\/b> para un toque sofisticado.<\/p>\n<p class=\"p1\"><span class=\"s1\">\u2714<\/span> <b>Neceser con cadena (18&#215;12 cm)<\/b> incluido, ideal para guardar lo esencial.<\/p>\n<p class=\"p1\"><span class=\"s1\">\u2714<\/span> Disponible en <b>varios tonos vibrantes<\/b> para combinar con cualquier look.<\/p>\n<p class=\"p1\"><b>Medidas:<\/b> 33 cm (alto) x 44 cm (ancho) x 16 cm (grosor).<\/p>\n<p class=\"p1\"><b>ATENCI\u00d3N:<\/b><\/p>\n<p class=\"p1\">La bolsa est\u00e1 te\u00f1ida con spray, lo que le da una capa hermosa y brillante. Sin embargo, durante el uso intensivo del bolso te\u00f1ido con esta tecnolog\u00eda, pueden producirse abrasiones. Este es un proceso natural y no constituye una base para aceptar una queja o devoluci\u00f3n.<\/p>\n<p class=\"p1\"><strong>Aviso importante<\/strong><\/p>\n<p>Todos nuestros productos de cuero est\u00e1n hechos a mano y su nueva bolsa de cuero puede estar sujeta a una variaci\u00f3n natural en tama\u00f1o y color.<br \/>\nPara los tama\u00f1os, permita 1-2 cm difiere debido a la medida manual.<br \/>\nLas im\u00e1genes son 100% reales.<br \/>\nDebido al monitor del ordenador y el brillo real de la toma y otras razones, habr\u00e1 una cierta diferencia de color.<\/p>\n<!-- AddThis Advanced Settings generic via filter on the_content --><!-- AddThis Share Buttons generic via filter on the_content -->","protected":false},"excerpt":{"rendered":"<p class=\"p1\">Descubre el <b>bolso shopper perfecto<\/b> para mujeres que buscan <b>estilo, comodidad y calidad<\/b> en su d\u00eda a d\u00eda. Fabricado en <b>piel italiana de primera calidad<\/b>, este bolso es <b>ligero, espacioso y s\u00faper vers\u00e1til<\/b>, ideal para llevar todo lo que necesitas sin perder la elegancia.<\/p>\n<p class=\"p1\">\u00a0<b>Formato A4<\/b>, perfecto para documentos, tablets o accesorios. <b>Cierre magn\u00e9tico<\/b> y detalles en <b>cromo plateado<\/b> para un toque sofisticado.<\/p>\n<p class=\"p1\">\u00a0<b>Neceser con cadena (18&#215;12 cm)<\/b> incluido, ideal para guardar lo esencial.\u00a0Disponible en <b>varios tonos vibrantes<\/b> para combinar con cualquier look.<\/p>\n<p class=\"p1\"><b>Medidas:<\/b> 33 cm (alto) x 44 cm (ancho) x 16 cm (grosor).<\/p>\n<h5 class=\"p1\" style=\"text-align: center;\"><strong>\u00bfAlguna duda? Ponte en contacto con nosotros a trav\u00e9s del bot\u00f3n del chat directo por whatsApp y te resolveremos las dudas al instante!<\/strong><\/h5>\n<p><!-- AddThis Advanced Settings generic via filter on get_the_excerpt --><!-- AddThis Share Buttons generic via filter on get_the_excerpt --><\/p>\n","protected":false},"featured_media":33566,"comment_status":"open","ping_status":"closed","template":"","meta":{"om_disable_all_campaigns":false,"_monsterinsights_skip_tracking":false,"_monsterinsights_sitenote_active":false,"_monsterinsights_sitenote_note":"","_monsterinsights_sitenote_category":0,"_uf_show_specific_survey":0,"_uf_disable_surveys":false},"product_brand":[1217],"product_cat":[40,1306],"product_tag":[1135,1020,299,305,315,313,255,1140,823,1036,727,302,281,753],"class_list":{"0":"post-33564","1":"product","2":"type-product","3":"status-publish","4":"has-post-thumbnail","6":"product_brand-ibags-belts","7":"product_cat-bolsos-de-hombro","8":"product_cat-bolsos-saco-hobo","9":"product_tag-accesorios-y-complementos","10":"product_tag-bolso-boho","11":"product_tag-bolso-cuero","12":"product_tag-bolso-cuero-artesanal","13":"product_tag-bolso-cuero-artesano","14":"product_tag-bolso-cuero-hecho-a-mano","15":"product_tag-bolso-cuero-mujer","16":"product_tag-bolso-hombro","17":"product_tag-bolso-piel","18":"product_tag-bolso-piel-italiano","19":"product_tag-bolsos-bandoleras-cuero","20":"product_tag-bolsos-de-cuero","21":"product_tag-bolso-bohemian-bolso-cuero-para-hombre-bolso-cuero-repujado-bolsos-cuero-retro-bolso-shopper-cuero-bolso-cuero-trenzado-bolso-cuero-troquelado-bolso-cuero-vaca-bolso-cuero-viaje-hombre","22":"product_tag-complementos-de-cuero","24":"first","25":"outofstock","26":"shipping-taxable","27":"purchasable","28":"product-type-simple","29":"add-to-wishlist-after_add_to_cart","30":"layout-style-1","31":"col-md-4 col-sm-4 col-xs-6","32":"col-lg-3","33":"product-has-gallery","34":"product-style-default"},"aioseo_notices":[],"_links":{"self":[{"href":"https:\/\/www.ibagsbelts.com\/tienda\/wp-json\/wp\/v2\/product\/33564","targetHints":{"allow":["GET"]}}],"collection":[{"href":"https:\/\/www.ibagsbelts.com\/tienda\/wp-json\/wp\/v2\/product"}],"about":[{"href":"https:\/\/www.ibagsbelts.com\/tienda\/wp-json\/wp\/v2\/types\/product"}],"replies":[{"embeddable":true,"href":"https:\/\/www.ibagsbelts.com\/tienda\/wp-json\/wp\/v2\/comments?post=33564"}],"wp:featuredmedia":[{"embeddable":true,"href":"https:\/\/www.ibagsbelts.com\/tienda\/wp-json\/wp\/v2\/media\/33566"}],"wp:attachment":[{"href":"https:\/\/www.ibagsbelts.com\/tienda\/wp-json\/wp\/v2\/media?parent=33564"}],"wp:term":[{"taxonomy":"product_brand","embeddable":true,"href":"https:\/\/www.ibagsbelts.com\/tienda\/wp-json\/wp\/v2\/product_brand?post=33564"},{"taxonomy":"product_cat","embeddable":true,"href":"https:\/\/www.ibagsbelts.com\/tienda\/wp-json\/wp\/v2\/product_cat?post=33564"},{"taxonomy":"product_tag","embeddable":true,"href":"https:\/\/www.ibagsbelts.com\/tienda\/wp-json\/wp\/v2\/product_tag?post=33564"}],"curies":[{"name":"wp","href":"https:\/\/api.w.org\/{rel}","templated":true}]}}