{"id":33925,"date":"2025-02-15T19:22:49","date_gmt":"2025-02-15T18:22:49","guid":{"rendered":"https:\/\/www.ibagsbelts.com\/tienda\/?post_type=product&#038;p=33925"},"modified":"2026-03-09T22:36:18","modified_gmt":"2026-03-09T21:36:18","slug":"cartera-pequena-de-cuero-beige-con-repujado-artesanal-julieta","status":"publish","type":"product","link":"https:\/\/www.ibagsbelts.com\/tienda\/producto\/cartera-pequena-de-cuero-beige-con-repujado-artesanal-julieta\/","title":{"rendered":"Cartera peque\u00f1a de cuero beige con repujado artesanal Julieta"},"content":{"rendered":"<p style=\"text-align: left;\">Descubre la funcionalidad y la elegancia con nuestra cartera de cuero repujado hecho a mano, elaborada cuidadosamente en cuero de calidad mediante t\u00e9cnicas artesanales. Con 6 ranuras para tarjetas, dos ranuras para tarjetas especiales y dos compartimentos de longitud completa para efectivo o billetes, esta cartera ofrece un amplio espacio para organizar tus pertenencias de forma segura.<\/p>\n<p style=\"text-align: left;\">Fabricada con cuero resistente al desgaste y un tacto suave y c\u00f3modo, esta cartera no solo es pr\u00e1ctica, sino tambi\u00e9n duradera. Su cierre con broche met\u00e1lico garantiza la seguridad de tus pertenencias en todo momento.<\/p>\n<p style=\"text-align: left;\">Con unas dimensiones de 10 cm de largo, 9 cm de alto y 2.5 cm de ancho, esta cartera es compacta y f\u00e1cil de transportar en tu bolso o bolsillo.<\/p>\n<p style=\"text-align: left;\">El regalo perfecto para cualquier ocasi\u00f3n, esta cartera es un organizador vers\u00e1til que ofrece espacio para tus, billetes, tarjetas.<\/p>\n<p style=\"text-align: left;\">Sorprende a tus seres queridos con este pr\u00e1ctico y elegante accesorio.<\/p>\n<p style=\"text-align: left;\"><strong>Aviso importante<\/strong><\/p>\n<p style=\"text-align: left;\">Todos nuestros productos de cuero est\u00e1n hechos a mano y su nueva bolsa de cuero puede estar sujeta a una variaci\u00f3n natural en tama\u00f1o y color.<br \/>\nPara los tama\u00f1os, permita 1-2 cm difiere debido a la medida manual.<br \/>\nLas im\u00e1genes son 100% reales.<br \/>\nDebido al monitor del ordenador y el brillo real de la toma y otras razones, habr\u00e1 una cierta diferencia de color.<\/p>\n<!-- AddThis Advanced Settings generic via filter on the_content --><!-- AddThis Share Buttons generic via filter on the_content -->","protected":false},"excerpt":{"rendered":"<p>Esta cartera no ocupar\u00e1 mucho espacio en tu bolso favorito gracias a su silueta compacta y estilizada. La tira con adorno permite abrirla para revelar seis ranuras para tarjetas y espacio para el dinero en efectivo y los recibos. L\u00facela con alguno de los bolsos de piel de la temporada.<\/p>\n<p><span class=\"a-list-item\">Dimensiones son 10cm de largo X 9cm de alto X 2.5cm.\u00a0<\/span><\/p>\n<h5><strong>\u00bfAlguna duda? Ponte en contacto con nosotros a trav\u00e9s del bot\u00f3n del chat directo por whatsApp y te resolveremos las dudas al instante!<\/strong><\/h5>\n<p><!-- AddThis Advanced Settings generic via filter on get_the_excerpt --><!-- AddThis Share Buttons generic via filter on get_the_excerpt --><\/p>\n","protected":false},"featured_media":33928,"comment_status":"open","ping_status":"closed","template":"","meta":{"om_disable_all_campaigns":false,"_monsterinsights_skip_tracking":false,"_monsterinsights_sitenote_active":false,"_monsterinsights_sitenote_note":"","_monsterinsights_sitenote_category":0,"_uf_show_specific_survey":0,"_uf_disable_surveys":false},"product_brand":[1217],"product_cat":[1301,1303],"product_tag":[1135,1096,881,736,305,21,313,309,885,905,752,753,744,745,873,1102],"class_list":{"0":"post-33925","1":"product","2":"type-product","3":"status-publish","4":"has-post-thumbnail","6":"product_brand-ibags-belts","7":"product_cat-billeteras","8":"product_cat-tarjeteros","9":"product_tag-accesorios-y-complementos","10":"product_tag-artesania","11":"product_tag-billetero","12":"product_tag-boho","13":"product_tag-bolso-cuero-artesanal","14":"product_tag-bolso-cuero-artesanal-vintage","15":"product_tag-bolso-cuero-hecho-a-mano","16":"product_tag-bolso-cuero-mano","17":"product_tag-cartera","18":"product_tag-casual","19":"product_tag-complementos","20":"product_tag-complementos-de-cuero","21":"product_tag-estilo-bohochic","22":"product_tag-estilo-hippie","23":"product_tag-monedero","24":"product_tag-piel","26":"first","27":"instock","28":"shipping-taxable","29":"purchasable","30":"product-type-simple","31":"add-to-wishlist-after_add_to_cart","32":"layout-style-1","33":"col-md-4 col-sm-4 col-xs-6","34":"col-lg-3","35":"product-has-gallery","36":"product-style-default"},"aioseo_notices":[],"_links":{"self":[{"href":"https:\/\/www.ibagsbelts.com\/tienda\/wp-json\/wp\/v2\/product\/33925","targetHints":{"allow":["GET"]}}],"collection":[{"href":"https:\/\/www.ibagsbelts.com\/tienda\/wp-json\/wp\/v2\/product"}],"about":[{"href":"https:\/\/www.ibagsbelts.com\/tienda\/wp-json\/wp\/v2\/types\/product"}],"replies":[{"embeddable":true,"href":"https:\/\/www.ibagsbelts.com\/tienda\/wp-json\/wp\/v2\/comments?post=33925"}],"wp:featuredmedia":[{"embeddable":true,"href":"https:\/\/www.ibagsbelts.com\/tienda\/wp-json\/wp\/v2\/media\/33928"}],"wp:attachment":[{"href":"https:\/\/www.ibagsbelts.com\/tienda\/wp-json\/wp\/v2\/media?parent=33925"}],"wp:term":[{"taxonomy":"product_brand","embeddable":true,"href":"https:\/\/www.ibagsbelts.com\/tienda\/wp-json\/wp\/v2\/product_brand?post=33925"},{"taxonomy":"product_cat","embeddable":true,"href":"https:\/\/www.ibagsbelts.com\/tienda\/wp-json\/wp\/v2\/product_cat?post=33925"},{"taxonomy":"product_tag","embeddable":true,"href":"https:\/\/www.ibagsbelts.com\/tienda\/wp-json\/wp\/v2\/product_tag?post=33925"}],"curies":[{"name":"wp","href":"https:\/\/api.w.org\/{rel}","templated":true}]}}