{"id":34135,"date":"2025-03-11T23:37:33","date_gmt":"2025-03-11T22:37:33","guid":{"rendered":"https:\/\/www.ibagsbelts.com\/tienda\/?post_type=product&#038;p=34135"},"modified":"2026-03-09T22:12:58","modified_gmt":"2026-03-09T21:12:58","slug":"cinturon-turquesa-de-cuero-trenzado-fino","status":"publish","type":"product","link":"https:\/\/www.ibagsbelts.com\/tienda\/producto\/cinturon-turquesa-de-cuero-trenzado-fino\/","title":{"rendered":"Cintur\u00f3n turquesa de cuero trenzado fino"},"content":{"rendered":"<p style=\"text-align: left;\">\u00a1Haz espacio en tu guardarropa para la versatilidad y el encanto del cintur\u00f3n perfecto! Este accesorio se ajusta con facilidad a toda tu ropa, convirti\u00e9ndose en la adici\u00f3n ideal a cualquier atuendo.<\/p>\n<p style=\"text-align: left;\">Confeccionados en tonos marrones de cuero de vaca curtido natural, los cinturones se entrelazan de manera \u00fanica y original, creando un patr\u00f3n individual que realza tu cintura o cadera. Este cintur\u00f3n se adapta a todos, ofreciendo un toque original que destaca por su encanto natural y dise\u00f1o simple.<\/p>\n<p style=\"text-align: left;\">El ancho, de aproximadamente 2 cm al ser trenzado, aporta elegancia sin esfuerzo, mientras que las diferentes longitudes disponibles (de 90 cm a 130 cm) aseguran que encuentres el ajuste perfecto.<\/p>\n<p style=\"text-align: left;\">Disfruta de la individualidad y el amor que este cintur\u00f3n agrega a tu estilo. \u00a1Prep\u00e1rate para destacar con este toque distintivo en tu pr\u00f3ximo conjunto!<\/p>\n<p style=\"text-align: left;\"><strong>Aviso importante<\/strong><\/p>\n<p style=\"text-align: left;\">Todos nuestros productos de cuero est\u00e1n hechos a mano y su nuevo articulo de cuero puede estar sujeta a una variaci\u00f3n natural en tama\u00f1o y color.<br \/>\nLas im\u00e1genes son 100% reales.<br \/>\nDebido al monitor del ordenador y el brillo real de la toma y otras razones, habr\u00e1 una cierta diferencia de color.<\/p>\n<!-- AddThis Advanced Settings generic via filter on the_content --><!-- AddThis Share Buttons generic via filter on the_content -->","protected":false},"excerpt":{"rendered":"<p style=\"text-align: center;\">\u00a1La adici\u00f3n perfecta a cualquier atuendo!<\/p>\n<p style=\"text-align: center;\">Este cintur\u00f3n se ajusta f\u00e1cilmente con toda su ropa y su guardarropa. Los cinturones marrones de cuero de vaca curtido natural se entrelazan de una manera \u00fanica y original. Te dan un patr\u00f3n individual que favorece tu cintura o cadera.<br \/>\nBlusa, Vestido, Falda , ya sea cual sea tu estilo.<br \/>\nEste cintur\u00f3n se ajusta a todos, d\u00e1ndole un toque original . El encanto natural y el dise\u00f1o simple lo convierten en una pieza de amor. Una hebilla plateada sirve como un simple cierre<\/p>\n<p style=\"text-align: center;\">Ancho aproximadamente 2 cm al ser trenzado.<\/p>\n<h5><strong>\u00bfAlguna duda? Ponte en contacto con nosotros a trav\u00e9s del bot\u00f3n del chat directo por whatsApp y te resolveremos las dudas al instante<\/strong><\/h5>\n<p>&nbsp;<!-- AddThis Advanced Settings generic via filter on get_the_excerpt --><!-- AddThis Share Buttons generic via filter on get_the_excerpt --><\/p>\n","protected":false},"featured_media":34136,"comment_status":"open","ping_status":"closed","template":"","meta":{"om_disable_all_campaigns":false,"_monsterinsights_skip_tracking":false,"_monsterinsights_sitenote_active":false,"_monsterinsights_sitenote_note":"","_monsterinsights_sitenote_category":0,"_uf_show_specific_survey":0,"_uf_disable_surveys":false},"product_brand":[1217],"product_cat":[396],"product_tag":[290,332,271,335,20,333,336,31],"class_list":{"0":"post-34135","1":"product","2":"type-product","3":"status-publish","4":"has-post-thumbnail","6":"product_brand-ibags-belts","7":"product_cat-trenzados-cinturon","8":"product_tag-cinturon","9":"product_tag-cinturon-cuero","10":"product_tag-cinturon-cuero-para-hombre-cinturones-cuero-repujado-cinturon-cuero-trenzado-troquelado-cuero-vaca","11":"product_tag-cinturon-cuero-natural","12":"product_tag-cinturon-cuero-trenzado-fino","13":"product_tag-cinturon-cuero-vaca","14":"product_tag-cinturon-marruecos","15":"product_tag-cinturon-trenzado-de-cuero","17":"first","18":"instock","19":"shipping-taxable","20":"purchasable","21":"product-type-simple","22":"add-to-wishlist-after_add_to_cart","23":"layout-style-1","24":"col-md-4 col-sm-4 col-xs-6","25":"col-lg-3","26":"product-has-gallery","27":"product-style-default"},"aioseo_notices":[],"_links":{"self":[{"href":"https:\/\/www.ibagsbelts.com\/tienda\/wp-json\/wp\/v2\/product\/34135","targetHints":{"allow":["GET"]}}],"collection":[{"href":"https:\/\/www.ibagsbelts.com\/tienda\/wp-json\/wp\/v2\/product"}],"about":[{"href":"https:\/\/www.ibagsbelts.com\/tienda\/wp-json\/wp\/v2\/types\/product"}],"replies":[{"embeddable":true,"href":"https:\/\/www.ibagsbelts.com\/tienda\/wp-json\/wp\/v2\/comments?post=34135"}],"wp:featuredmedia":[{"embeddable":true,"href":"https:\/\/www.ibagsbelts.com\/tienda\/wp-json\/wp\/v2\/media\/34136"}],"wp:attachment":[{"href":"https:\/\/www.ibagsbelts.com\/tienda\/wp-json\/wp\/v2\/media?parent=34135"}],"wp:term":[{"taxonomy":"product_brand","embeddable":true,"href":"https:\/\/www.ibagsbelts.com\/tienda\/wp-json\/wp\/v2\/product_brand?post=34135"},{"taxonomy":"product_cat","embeddable":true,"href":"https:\/\/www.ibagsbelts.com\/tienda\/wp-json\/wp\/v2\/product_cat?post=34135"},{"taxonomy":"product_tag","embeddable":true,"href":"https:\/\/www.ibagsbelts.com\/tienda\/wp-json\/wp\/v2\/product_tag?post=34135"}],"curies":[{"name":"wp","href":"https:\/\/api.w.org\/{rel}","templated":true}]}}