{"id":34174,"date":"2025-03-15T22:00:05","date_gmt":"2025-03-15T21:00:05","guid":{"rendered":"https:\/\/www.ibagsbelts.com\/tienda\/?post_type=product&#038;p=34174"},"modified":"2026-03-09T22:03:53","modified_gmt":"2026-03-09T21:03:53","slug":"bolso-de-hombro-en-piel-trenzada-color-marron-yuri","status":"publish","type":"product","link":"https:\/\/www.ibagsbelts.com\/tienda\/producto\/bolso-de-hombro-en-piel-trenzada-color-marron-yuri\/","title":{"rendered":"Bolso de hombro en piel trenzada color marr\u00f3n Yuri"},"content":{"rendered":"<p style=\"text-align: left;\">\u00bfTe gusta el modelo? bolso fabricado en cuero\u00a0 artesanal color marr\u00f3n con de dise\u00f1o en la parte frontal de cuero tejido dandole un toque boho, cierra con broche de dos correas con hebillas met\u00e1licas que lo hace muy sofisticado.<br \/>\nSe puede llevar de mano o colgado del hombro, eso t\u00fa decides.<\/p>\n<p style=\"text-align: left;\">Forro interior de algod\u00f3n con un bolsillo para el tel\u00e9fono o monedero, bolsillo con cremallera es amplio. Sus dos asas est\u00e1n adecuadas para llevarlo en mano o en el hombro.<\/p>\n<p style=\"text-align: left;\"><strong>Aviso importante<\/strong><\/p>\n<p style=\"text-align: left;\">Todos nuestros productos de cuero est\u00e1n hechos a mano y su nueva bolsa de cuero puede estar sujeta a una variaci\u00f3n natural en tama\u00f1o y color.<br \/>\nPara los tama\u00f1os, permita 1-2 cm difiere debido a la medida manual.<br \/>\nLas im\u00e1genes son 100% reales.<br \/>\nDebido al monitor del ordenador y el brillo real de la toma y otras razones, habr\u00e1 una cierta diferencia de color.<\/p>\n<!-- AddThis Advanced Settings generic via filter on the_content --><!-- AddThis Share Buttons generic via filter on the_content -->","protected":false},"excerpt":{"rendered":"<p style=\"text-align: left;\">\u00bfTe gusta el modelo? bolso fabricado en cuero\u00a0 artesanal color marr\u00f3n con de dise\u00f1o en la parte frontal de cuero tejido dandole un toque boho, cierra con broche de dos correas con hebillas met\u00e1licas que lo hace muy sofisticado.<br \/>\nSe puede llevar de mano o colgado del hombro, eso t\u00fa decides.<\/p>\n<p style=\"text-align: left;\">Forro interior de algod\u00f3n con un bolsillo para el tel\u00e9fono o monedero, bolsillo con cremallera es amplio. Sus dos asas est\u00e1n adecuadas para llevarlo en mano o en el hombro.<\/p>\n<h5 style=\"text-align: center;\"><strong>\u00bfAlguna duda? Ponte en contacto con nosotros a trav\u00e9s del bot\u00f3n del chat directo por whatsApp y te resolveremos las dudas al instante!<\/strong><\/h5>\n<p style=\"text-align: left;\">\n<p><!-- AddThis Advanced Settings generic via filter on get_the_excerpt --><!-- AddThis Share Buttons generic via filter on get_the_excerpt --><\/p>\n","protected":false},"featured_media":34176,"comment_status":"open","ping_status":"closed","template":"","meta":{"om_disable_all_campaigns":false,"_monsterinsights_skip_tracking":false,"_monsterinsights_sitenote_active":false,"_monsterinsights_sitenote_note":"","_monsterinsights_sitenote_category":0,"_uf_show_specific_survey":0,"_uf_disable_surveys":false},"product_brand":[1217],"product_cat":[40,41],"product_tag":[1096,737,303,299,305,315,268,255,1140,823,784,727,1128,1166],"class_list":{"0":"post-34174","1":"product","2":"type-product","3":"status-publish","4":"has-post-thumbnail","6":"product_brand-ibags-belts","7":"product_cat-bolsos-de-hombro","8":"product_cat-shoppers","9":"product_tag-artesania","10":"product_tag-bohochic","11":"product_tag-bolso-bohemian","12":"product_tag-bolso-cuero","13":"product_tag-bolso-cuero-artesanal","14":"product_tag-bolso-cuero-artesano","15":"product_tag-bolso-cuero-boho-bolso-cuero-con-tachuelas-bolsos-cuero-caballero-bolso-cuero-de-hombre-bolso-cuero-de-viaje-bolso-cuero-de-vaca-bolso-de-cuero-artesanal-bolso-de-cuero","16":"product_tag-bolso-cuero-mujer","17":"product_tag-bolso-hombro","18":"product_tag-bolso-piel","19":"product_tag-bolso-trenzados","20":"product_tag-bolsos-bandoleras-cuero","21":"product_tag-shoopers","22":"product_tag-shopper","24":"first","25":"outofstock","26":"shipping-taxable","27":"product-type-variable","28":"add-to-wishlist-after_add_to_cart","29":"layout-style-1","30":"col-md-4 col-sm-4 col-xs-6","31":"col-lg-3","32":"product-has-gallery","33":"product-style-default"},"aioseo_notices":[],"_links":{"self":[{"href":"https:\/\/www.ibagsbelts.com\/tienda\/wp-json\/wp\/v2\/product\/34174","targetHints":{"allow":["GET"]}}],"collection":[{"href":"https:\/\/www.ibagsbelts.com\/tienda\/wp-json\/wp\/v2\/product"}],"about":[{"href":"https:\/\/www.ibagsbelts.com\/tienda\/wp-json\/wp\/v2\/types\/product"}],"replies":[{"embeddable":true,"href":"https:\/\/www.ibagsbelts.com\/tienda\/wp-json\/wp\/v2\/comments?post=34174"}],"wp:featuredmedia":[{"embeddable":true,"href":"https:\/\/www.ibagsbelts.com\/tienda\/wp-json\/wp\/v2\/media\/34176"}],"wp:attachment":[{"href":"https:\/\/www.ibagsbelts.com\/tienda\/wp-json\/wp\/v2\/media?parent=34174"}],"wp:term":[{"taxonomy":"product_brand","embeddable":true,"href":"https:\/\/www.ibagsbelts.com\/tienda\/wp-json\/wp\/v2\/product_brand?post=34174"},{"taxonomy":"product_cat","embeddable":true,"href":"https:\/\/www.ibagsbelts.com\/tienda\/wp-json\/wp\/v2\/product_cat?post=34174"},{"taxonomy":"product_tag","embeddable":true,"href":"https:\/\/www.ibagsbelts.com\/tienda\/wp-json\/wp\/v2\/product_tag?post=34174"}],"curies":[{"name":"wp","href":"https:\/\/api.w.org\/{rel}","templated":true}]}}