{"id":34425,"date":"2025-04-18T16:16:04","date_gmt":"2025-04-18T14:16:04","guid":{"rendered":"https:\/\/www.ibagsbelts.com\/tienda\/?post_type=product&#038;p=34425"},"modified":"2026-03-09T21:42:42","modified_gmt":"2026-03-09T20:42:42","slug":"bolso-de-piel-azul-clain-de-estilo-iconico-harlow","status":"publish","type":"product","link":"https:\/\/www.ibagsbelts.com\/tienda\/producto\/bolso-de-piel-azul-clain-de-estilo-iconico-harlow\/","title":{"rendered":"Bolso de piel azul Clain de estilo ic\u00f3nico Harlow"},"content":{"rendered":"<p class=\"p1\" style=\"text-align: left;\"><b>Bolso de piel estilo ic\u00f3nico \u2013 Elegancia atemporal<\/b><\/p>\n<p class=\"p1\" style=\"text-align: left;\">Descubre uno de los bolsos m\u00e1s deseados de la historia de la moda. Con un dise\u00f1o que fusiona sofisticaci\u00f3n y funcionalidad, este bolso de piel natural de vacuno <strong>Pregato<\/strong> se convierte en el complemento ideal tanto para un look cl\u00e1sico como para uno de tendencia.<\/p>\n<p class=\"p1\" style=\"text-align: left;\">Confeccionado en Italia, cuenta con detalles como doble solapa, asas circulares de mano, cierre con candado y llave decorativa, interior forrado con bolsillo lateral con cremallera y compartimento plano para tarjetas. Los acabados met\u00e1licos en tono plateado elevan a\u00fan m\u00e1s su estilo refinado.<\/p>\n<p class=\"p1\" style=\"text-align: left;\"><b>Medidas:<\/b><\/p>\n<p class=\"p1\" style=\"text-align: left;\">Largo: 39 cm<\/p>\n<p class=\"p1\" style=\"text-align: left;\">Alto: 28 cm<\/p>\n<p class=\"p1\" style=\"text-align: left;\">Fondo: 18 cm<\/p>\n<p class=\"p1\" style=\"text-align: left;\">Altura de las asas: 18 cm<\/p>\n<p class=\"p1\" style=\"text-align: left;\">Un bolso ic\u00f3nico que habla por s\u00ed solo. Ideal para quienes valoran el dise\u00f1o, la calidad y una presencia atemporal.<\/p>\n<p style=\"text-align: left;\"><strong>Aviso importante<\/strong><\/p>\n<p style=\"text-align: left;\">Todos nuestros productos de cuero est\u00e1n hechos a mano y su nueva bolsa de cuero puede estar sujeta a una variaci\u00f3n natural en tama\u00f1o y color.<br \/>\nPara los tama\u00f1os, permita 1-2 cm difiere debido a la medida manual.<br \/>\nLas im\u00e1genes son 100% reales.<br \/>\nDebido al monitor del ordenador y el brillo real de la toma y otras razones, habr\u00e1 una cierta diferencia de color.<\/p>\n<!-- AddThis Advanced Settings generic via filter on the_content --><!-- AddThis Share Buttons generic via filter on the_content -->","protected":false},"excerpt":{"rendered":"<p class=\"p1\" style=\"text-align: left;\"><b>Bolso de Piel Estilo Ic\u00f3nico \u2013 Hecho en Italia<\/b><\/p>\n<p class=\"p1\" style=\"text-align: left;\">Este bolso de dise\u00f1o ic\u00f3nico es una declaraci\u00f3n de elegancia. Confeccionado en piel natural de vacuno r\u00edgida graneada, destaca por su estructura firme, l\u00edneas sofisticadas y detalles cuidadosamente acabados.<\/p>\n<p class=\"p1\" style=\"text-align: left;\">Caracter\u00edsticas:<\/p>\n<p class=\"p1\" style=\"text-align: left;\">\u2022Medidas: 39 cm (Largo) x 28 cm (Alto) x 18 cm (Fondo)<\/p>\n<p class=\"p1\" style=\"text-align: left;\">\u2022Asas de mano circulares con altura de 18 cm<\/p>\n<p class=\"p1\" style=\"text-align: left;\">\u2022Doble solapa con cierre de candado y llave decorativa<\/p>\n<p class=\"p1\" style=\"text-align: left;\">\u2022Interior forrado con bolsillo lateral con cremallera y compartimento plano de piel para tarjetas<\/p>\n<p class=\"p1\" style=\"text-align: left;\">\u2022Detalles met\u00e1licos plateados<\/p>\n<p class=\"p1\" style=\"text-align: left;\">\u2022Fabricaci\u00f3n artesanal en Italia<\/p>\n<p class=\"p3\" style=\"text-align: left;\">Dise\u00f1ado para quienes buscan un bolso elegante, funcional y atemporal que acompa\u00f1e tanto en el d\u00eda a d\u00eda como en ocasiones especiales.<\/p>\n<h5 style=\"text-align: left;\"><strong>\u00bfAlguna duda? Ponte en contacto con nosotros a trav\u00e9s del bot\u00f3n del chat directo por whatsApp y te resolveremos las dudas al instante!<\/strong><\/h5>\n<p><!-- AddThis Advanced Settings generic via filter on get_the_excerpt --><!-- AddThis Share Buttons generic via filter on get_the_excerpt --><\/p>\n","protected":false},"featured_media":34427,"comment_status":"open","ping_status":"closed","template":"","meta":{"om_disable_all_campaigns":false,"_monsterinsights_skip_tracking":false,"_monsterinsights_sitenote_active":false,"_monsterinsights_sitenote_note":"","_monsterinsights_sitenote_category":0,"_uf_show_specific_survey":0,"_uf_disable_surveys":false},"product_brand":[1217],"product_cat":[757,41],"product_tag":[1135,1096,303,299,315,313,255,823,1036,727,302,281,1102],"class_list":{"0":"post-34425","1":"product","2":"type-product","3":"status-publish","4":"has-post-thumbnail","6":"product_brand-ibags-belts","7":"product_cat-bolso-clutch","8":"product_cat-shoppers","9":"product_tag-accesorios-y-complementos","10":"product_tag-artesania","11":"product_tag-bolso-bohemian","12":"product_tag-bolso-cuero","13":"product_tag-bolso-cuero-artesano","14":"product_tag-bolso-cuero-hecho-a-mano","15":"product_tag-bolso-cuero-mujer","16":"product_tag-bolso-piel","17":"product_tag-bolso-piel-italiano","18":"product_tag-bolsos-bandoleras-cuero","19":"product_tag-bolsos-de-cuero","20":"product_tag-bolso-bohemian-bolso-cuero-para-hombre-bolso-cuero-repujado-bolsos-cuero-retro-bolso-shopper-cuero-bolso-cuero-trenzado-bolso-cuero-troquelado-bolso-cuero-vaca-bolso-cuero-viaje-hombre","21":"product_tag-piel","23":"first","24":"instock","25":"shipping-taxable","26":"purchasable","27":"product-type-simple","28":"add-to-wishlist-after_add_to_cart","29":"layout-style-1","30":"col-md-4 col-sm-4 col-xs-6","31":"col-lg-3","32":"product-has-gallery","33":"product-style-default"},"aioseo_notices":[],"_links":{"self":[{"href":"https:\/\/www.ibagsbelts.com\/tienda\/wp-json\/wp\/v2\/product\/34425","targetHints":{"allow":["GET"]}}],"collection":[{"href":"https:\/\/www.ibagsbelts.com\/tienda\/wp-json\/wp\/v2\/product"}],"about":[{"href":"https:\/\/www.ibagsbelts.com\/tienda\/wp-json\/wp\/v2\/types\/product"}],"replies":[{"embeddable":true,"href":"https:\/\/www.ibagsbelts.com\/tienda\/wp-json\/wp\/v2\/comments?post=34425"}],"wp:featuredmedia":[{"embeddable":true,"href":"https:\/\/www.ibagsbelts.com\/tienda\/wp-json\/wp\/v2\/media\/34427"}],"wp:attachment":[{"href":"https:\/\/www.ibagsbelts.com\/tienda\/wp-json\/wp\/v2\/media?parent=34425"}],"wp:term":[{"taxonomy":"product_brand","embeddable":true,"href":"https:\/\/www.ibagsbelts.com\/tienda\/wp-json\/wp\/v2\/product_brand?post=34425"},{"taxonomy":"product_cat","embeddable":true,"href":"https:\/\/www.ibagsbelts.com\/tienda\/wp-json\/wp\/v2\/product_cat?post=34425"},{"taxonomy":"product_tag","embeddable":true,"href":"https:\/\/www.ibagsbelts.com\/tienda\/wp-json\/wp\/v2\/product_tag?post=34425"}],"curies":[{"name":"wp","href":"https:\/\/api.w.org\/{rel}","templated":true}]}}