{"id":34572,"date":"2025-04-20T23:08:11","date_gmt":"2025-04-20T21:08:11","guid":{"rendered":"https:\/\/www.ibagsbelts.com\/tienda\/?post_type=product&#038;p=34572"},"modified":"2026-03-09T21:05:19","modified_gmt":"2026-03-09T20:05:19","slug":"mochila-color-caoba-de-cuero-artesanal-andres","status":"publish","type":"product","link":"https:\/\/www.ibagsbelts.com\/tienda\/producto\/mochila-color-caoba-de-cuero-artesanal-andres\/","title":{"rendered":"Mochila color caoba de cuero artesanal  Andres"},"content":{"rendered":"<p style=\"text-align: left;\">Esta original mochila de cuero artesanal es la compa\u00f1era perfecta para aventureros y aventureras que suelen llevar consigo muchas cosas. Su dise\u00f1o \u00fanico se abre mediante un cierre tupi, revelando una parte enrollada que oculta una cremallera para un acceso seguro. Con un interior espacioso, esta mochila es ideal para llevar todo lo necesario en tus aventuras.<\/p>\n<p style=\"text-align: left;\">Cuenta con dos asas adaptables a diferentes alturas para mayor comodidad, as\u00ed como dos bolsillos frontales: uno con hebilla y otro con cremallera, que brindan un acceso r\u00e1pido y seguro a tus objetos m\u00e1s peque\u00f1os. Con un tama\u00f1o de Tama\u00f1o: 31cm (plegada) 40cm (abierta) Longitud x 28cm x 15cm en el bolsillo., esta mochila es pr\u00e1ctica y vers\u00e1til para cualquier tipo de viaje o actividad al aire libre.<\/p>\n<p style=\"text-align: left;\"><strong>A<\/strong><strong>viso importante<\/strong><\/p>\n<p style=\"text-align: left;\">Todos nuestros productos de cuero est\u00e1n hechos a mano y su nuevo bolso de cuero puede estar sujeta a una variaci\u00f3n natural en tama\u00f1o y color.<\/p>\n<p style=\"text-align: left;\">Las pieles utilizadas han sido procesadas y curtidas en una de las curtidur\u00edas m\u00e1s antiguas utilizando t\u00e9cnicas centenarias para dar al cuero acabado un aspecto antiguo \/ vintage.<br \/>\nPara los tama\u00f1os, permita 1-2 cm diferencia debido a la medida manual.<br \/>\nLas im\u00e1genes son 100% reales.<br \/>\nDebido al monitor del ordenador y el brillo real de la toma y otras razones, habr\u00e1 una cierta diferencia de color.<\/p>\n<!-- AddThis Advanced Settings generic via filter on the_content --><!-- AddThis Share Buttons generic via filter on the_content -->","protected":false},"excerpt":{"rendered":"<p class=\"content\">Original mochila de cuero artesanal. Ideal para aventureros o aventureras y que llevan normalmente muchas cosas con ellas.<\/p>\n<p class=\"content\">Se abre mediante un cierre tupi, que alberga una parte enrollada en la que se accede a una cremallera.\u00a0Su interior es amplio, estupendo para albergar todo lo necesario. Tiene dos asas adaptables a diferentes alturas dos bolsillos frontales uno con hebilla y otro con cremallera<\/p>\n<p>Tama\u00f1o: 31cm (plegada) 40cm (abierta) Longitud x 28cm x 15cm en el bolsillo.<\/p>\n<h5><strong>\u00bfAlguna duda? Ponte en contacto con nosotros a trav\u00e9s del bot\u00f3n del chat directo por whatsApp y te resolveremos las dudas al instante!<\/strong><\/h5>\n<p><!-- AddThis Advanced Settings generic via filter on get_the_excerpt --><!-- AddThis Share Buttons generic via filter on get_the_excerpt --><\/p>\n","protected":false},"featured_media":34573,"comment_status":"open","ping_status":"closed","template":"","meta":{"om_disable_all_campaigns":false,"_monsterinsights_skip_tracking":false,"_monsterinsights_sitenote_active":false,"_monsterinsights_sitenote_note":"","_monsterinsights_sitenote_category":0,"_uf_show_specific_survey":0,"_uf_disable_surveys":false},"product_brand":[1217],"product_cat":[985],"product_tag":[1096,753,275,310,347,1136,325,304],"class_list":{"0":"post-34572","1":"product","2":"type-product","3":"status-publish","4":"has-post-thumbnail","6":"product_brand-ibags-belts","7":"product_cat-mochilas-grandes","8":"product_tag-artesania","9":"product_tag-complementos-de-cuero","10":"product_tag-mochila-de-cuero-para-hombre-bolso-de-cuero-para-mujer-bolso-de-cuero-hecho-a-mano-bolso-cuero-grabado-bolso-cuero-hombre-artesanal-bolso-cuero-hecho-a-mano-bolsos-cuero-y-kilim","11":"product_tag-mochila-cuero","12":"product_tag-mochila-hecho-a-mano","13":"product_tag-mochila-piel","14":"product_tag-mochilas","15":"product_tag-mochilas-cuero-con-cremalleras","17":"first","18":"instock","19":"sale","20":"shipping-taxable","21":"purchasable","22":"product-type-simple","23":"add-to-wishlist-after_add_to_cart","24":"layout-style-1","25":"col-md-4 col-sm-4 col-xs-6","26":"col-lg-3","27":"product-has-gallery","28":"product-style-default"},"aioseo_notices":[],"_links":{"self":[{"href":"https:\/\/www.ibagsbelts.com\/tienda\/wp-json\/wp\/v2\/product\/34572","targetHints":{"allow":["GET"]}}],"collection":[{"href":"https:\/\/www.ibagsbelts.com\/tienda\/wp-json\/wp\/v2\/product"}],"about":[{"href":"https:\/\/www.ibagsbelts.com\/tienda\/wp-json\/wp\/v2\/types\/product"}],"replies":[{"embeddable":true,"href":"https:\/\/www.ibagsbelts.com\/tienda\/wp-json\/wp\/v2\/comments?post=34572"}],"wp:featuredmedia":[{"embeddable":true,"href":"https:\/\/www.ibagsbelts.com\/tienda\/wp-json\/wp\/v2\/media\/34573"}],"wp:attachment":[{"href":"https:\/\/www.ibagsbelts.com\/tienda\/wp-json\/wp\/v2\/media?parent=34572"}],"wp:term":[{"taxonomy":"product_brand","embeddable":true,"href":"https:\/\/www.ibagsbelts.com\/tienda\/wp-json\/wp\/v2\/product_brand?post=34572"},{"taxonomy":"product_cat","embeddable":true,"href":"https:\/\/www.ibagsbelts.com\/tienda\/wp-json\/wp\/v2\/product_cat?post=34572"},{"taxonomy":"product_tag","embeddable":true,"href":"https:\/\/www.ibagsbelts.com\/tienda\/wp-json\/wp\/v2\/product_tag?post=34572"}],"curies":[{"name":"wp","href":"https:\/\/api.w.org\/{rel}","templated":true}]}}