{"id":34579,"date":"2025-04-20T23:34:41","date_gmt":"2025-04-20T21:34:41","guid":{"rendered":"https:\/\/www.ibagsbelts.com\/tienda\/?post_type=product&#038;p=34579"},"modified":"2026-03-09T21:04:05","modified_gmt":"2026-03-09T20:04:05","slug":"bolso-de-cuero-con-cierre-de-hueso-estilo-boho-sienna","status":"publish","type":"product","link":"https:\/\/www.ibagsbelts.com\/tienda\/producto\/bolso-de-cuero-con-cierre-de-hueso-estilo-boho-sienna\/","title":{"rendered":"Bolso de cuero con cierre de hueso estilo boho Sienna"},"content":{"rendered":"<p style=\"text-align: left;\">Explora la elegancia y la calidad con nuestro bonito bolso de cuero artesanal. Con un acabado impecable y una gran atenci\u00f3n al detalle, este bolso es el complemento perfecto para cualquier ocasi\u00f3n.<\/p>\n<p style=\"text-align: left;\">La versatilidad es una caracter\u00edstica destacada, ya que las asas de hombro anchas y c\u00f3modas lo que te permite llevarlo c\u00f3modamente como bolso de mano o como bolso de hombro seg\u00fan tus necesidades.<\/p>\n<p style=\"text-align: left;\">Este bolso est\u00e1 dise\u00f1ado para la comodidad y la practicidad. Su solapa de cuero salvaje en forma de mapa de Africa lo hace \u00fanico, Un acceso r\u00e1pido y seguro, adem\u00e1s de otro bolsillo con cremallera en el interior para organizar tus pertenencias de forma ordenada.<\/p>\n<p style=\"text-align: left;\">Fabricado con cuero artesanal de primera calidad, este bolso garantiza durabilidad y resistencia. Con medidas de 30 cm de alto, 38 cm de largo y 12 cm de ancho, es el complemento perfecto para agregar un toque de estilo a tu look diario. \u00a1Hazte con este bolso y disfruta de su elegancia atemporal y su funcionalidad excepcional!<\/p>\n<p style=\"text-align: left;\"><strong>Aviso importante<\/strong><\/p>\n<p style=\"text-align: left;\">Todos nuestros productos de cuero est\u00e1n hechos a mano y su nueva bolsa de cuero puede estar sujeta a una variaci\u00f3n natural en tama\u00f1o y color.<br \/>\nPara los tama\u00f1os, permita 1-2 cm difiere debido a la medida manual.<br \/>\nLas im\u00e1genes son 100% reales.<br \/>\nDebido al monitor del ordenador y el brillo real de la toma y otras razones, habr\u00e1 una cierta diferencia de color.<\/p>\n<!-- AddThis Advanced Settings generic via filter on the_content --><!-- AddThis Share Buttons generic via filter on the_content -->","protected":false},"excerpt":{"rendered":"<p style=\"text-align: left;\">Explora la elegancia y la calidad con nuestro bonito bolso de cuero artesanal. Con un acabado impecable y una gran atenci\u00f3n al detalle, este bolso es el complemento perfecto para cualquier ocasi\u00f3n.<\/p>\n<p style=\"text-align: left;\">La versatilidad es una caracter\u00edstica destacada, ya que las asas de hombro anchas y c\u00f3modas lo que te permite llevarlo c\u00f3modamente como bolso de mano o como bolso de hombro seg\u00fan tus necesidades<\/p>\n<p>Fabricado con cuero artesanal de primera calidad, este bolso garantiza durabilidad y resistencia. Con medidas de 30 cm de alto, 38 cm de largo y 12 cm de ancho, es el complemento perfecto para agregar un toque de estilo a tu look diario. \u00a1Hazte con este bolso y disfruta de su elegancia atemporal y su funcionalidad excepcional!<\/p>\n<h5><strong>\u00bfAlguna duda? Ponte en contacto con nosotros a trav\u00e9s del bot\u00f3n del chat directo por whatsApp y te resolveremos las dudas al instante!<\/strong><\/h5>\n<p><!-- AddThis Advanced Settings generic via filter on get_the_excerpt --><!-- AddThis Share Buttons generic via filter on get_the_excerpt --><\/p>\n","protected":false},"featured_media":34582,"comment_status":"open","ping_status":"closed","template":"","meta":{"om_disable_all_campaigns":false,"_monsterinsights_skip_tracking":false,"_monsterinsights_sitenote_active":false,"_monsterinsights_sitenote_note":"","_monsterinsights_sitenote_category":0,"_uf_show_specific_survey":0,"_uf_disable_surveys":false},"product_brand":[1217],"product_cat":[40,41],"product_tag":[301,736,737,1202,266,303,1020,299,268,255,298,743,744,746],"class_list":{"0":"post-34579","1":"product","2":"type-product","3":"status-publish","4":"has-post-thumbnail","6":"product_brand-ibags-belts","7":"product_cat-bolsos-de-hombro","8":"product_cat-shoppers","9":"product_tag-bandolera","10":"product_tag-boho","11":"product_tag-bohochic","12":"product_tag-bohosoul","13":"product_tag-bolso-bohemian-bolso-cuero-repujado-bolsos-cuero-retro-bolso-shopper-cuero-bolso-cuero-trenzado-bolso-cuero-troquelado","14":"product_tag-bolso-bohemian","15":"product_tag-bolso-boho","16":"product_tag-bolso-cuero","17":"product_tag-bolso-cuero-boho-bolso-cuero-con-tachuelas-bolsos-cuero-caballero-bolso-cuero-de-hombre-bolso-cuero-de-viaje-bolso-cuero-de-vaca-bolso-de-cuero-artesanal-bolso-de-cuero","18":"product_tag-bolso-cuero-mujer","19":"product_tag-bolso-cuero-natural","20":"product_tag-estilo-boho","21":"product_tag-estilo-bohochic","22":"product_tag-estilo-hippiechic","24":"first","25":"outofstock","26":"sale","27":"shipping-taxable","28":"purchasable","29":"product-type-simple","30":"add-to-wishlist-after_add_to_cart","31":"layout-style-1","32":"col-md-4 col-sm-4 col-xs-6","33":"col-lg-3","34":"product-has-gallery","35":"product-style-default"},"aioseo_notices":[],"_links":{"self":[{"href":"https:\/\/www.ibagsbelts.com\/tienda\/wp-json\/wp\/v2\/product\/34579","targetHints":{"allow":["GET"]}}],"collection":[{"href":"https:\/\/www.ibagsbelts.com\/tienda\/wp-json\/wp\/v2\/product"}],"about":[{"href":"https:\/\/www.ibagsbelts.com\/tienda\/wp-json\/wp\/v2\/types\/product"}],"replies":[{"embeddable":true,"href":"https:\/\/www.ibagsbelts.com\/tienda\/wp-json\/wp\/v2\/comments?post=34579"}],"wp:featuredmedia":[{"embeddable":true,"href":"https:\/\/www.ibagsbelts.com\/tienda\/wp-json\/wp\/v2\/media\/34582"}],"wp:attachment":[{"href":"https:\/\/www.ibagsbelts.com\/tienda\/wp-json\/wp\/v2\/media?parent=34579"}],"wp:term":[{"taxonomy":"product_brand","embeddable":true,"href":"https:\/\/www.ibagsbelts.com\/tienda\/wp-json\/wp\/v2\/product_brand?post=34579"},{"taxonomy":"product_cat","embeddable":true,"href":"https:\/\/www.ibagsbelts.com\/tienda\/wp-json\/wp\/v2\/product_cat?post=34579"},{"taxonomy":"product_tag","embeddable":true,"href":"https:\/\/www.ibagsbelts.com\/tienda\/wp-json\/wp\/v2\/product_tag?post=34579"}],"curies":[{"name":"wp","href":"https:\/\/api.w.org\/{rel}","templated":true}]}}