{"id":34590,"date":"2025-04-21T20:30:52","date_gmt":"2025-04-21T18:30:52","guid":{"rendered":"https:\/\/www.ibagsbelts.com\/tienda\/?post_type=product&#038;p=34590"},"modified":"2026-03-09T21:02:57","modified_gmt":"2026-03-09T20:02:57","slug":"bolso-bohemio-camel-con-flecos-marley","status":"publish","type":"product","link":"https:\/\/www.ibagsbelts.com\/tienda\/producto\/bolso-bohemio-camel-con-flecos-marley\/","title":{"rendered":"Bolso bohemio camel con flecos Marley"},"content":{"rendered":"<p style=\"text-align: left;\">\u00a1Hazte con este incre\u00edble bolso bolso de cuero con flecos en sus laterales, es un verdadero tesoro artesanal!<\/p>\n<p style=\"text-align: left;\">Sus detalles \u00fanicos hacen que este bolso sea una verdadera joya. Los flecos de cuero de 20 cm que cuelgan le dan un toque bohemio y chic.<\/p>\n<p style=\"text-align: left;\">Este vers\u00e1til bolso puede ser usado como bolso de hombro o colgado elegantemente en la mano, este bolso seguramente destacar\u00e1 en cualquier ocasi\u00f3n.<\/p>\n<p style=\"text-align: left;\">En su interior, encontrar\u00e1s un pr\u00e1ctico bolsillo con cremallera y un forro de tela de algod\u00f3n que te ayudar\u00e1 a mantener tus pertenencias organizadas y protegidas. No te pierdas la oportunidad de a\u00f1adir este exquisito bolso a tu colecci\u00f3n de accesorios. \u00a1Haz una declaraci\u00f3n de estilo con este bolso \u00fanico y artesanal!<\/p>\n<p style=\"text-align: left;\"><strong>Aviso importante<\/strong><\/p>\n<p style=\"text-align: left;\">Todos nuestros productos de cuero est\u00e1n hechos a mano y su nueva bolsa de cuero puede estar sujeta a una variaci\u00f3n natural en tama\u00f1o y color.<br \/>\nPara los tama\u00f1os, permita 1-2 cm difiere debido a la medida manual.<br \/>\nLas im\u00e1genes son 100% reales.<br \/>\nDebido al monitor del ordenador y el brillo real de la toma y otras razones, habr\u00e1 una cierta diferencia de color.<\/p>\n<!-- AddThis Advanced Settings generic via filter on the_content --><!-- AddThis Share Buttons generic via filter on the_content -->","protected":false},"excerpt":{"rendered":"<p style=\"text-align: left;\">\u00a1Hazte con este incre\u00edble bolso bolso de cuero con flecos, un verdadero tesoro artesanal!<\/p>\n<p style=\"text-align: left;\">Sus detalles \u00fanicos hacen que este bolso sea una verdadera joya. Los flecos de cuero de 20 cm que cuelgan en las partes laterales que le dan un toque bohemio y chic.<\/p>\n<p style=\"text-align: left;\">Este vers\u00e1til bolso puede ser usado sobre el hombro o colgado elegantemente en la mano, este bolso seguramente destacar\u00e1 en cualquier ocasi\u00f3n.<\/p>\n<p style=\"text-align: left;\">En su interior, encontrar\u00e1s un pr\u00e1ctico bolsillo con cremallera y un forro de tela de algod\u00f3n que te ayudar\u00e1 a mantener tus pertenencias organizadas y protegidas. No te pierdas la oportunidad de a\u00f1adir este exquisito bolso a tu colecci\u00f3n de accesorios. \u00a1Haz una declaraci\u00f3n de estilo con este bolso \u00fanico y artesanal!<\/p>\n<p class=\"_788468\">Medidas del bolso 37cm de largo x 40cm alto x 12cm.<\/p>\n<h5 style=\"text-align: center;\"><strong>\u00bfAlguna duda? Ponte en contacto con nosotros a trav\u00e9s del bot\u00f3n del chat directo por whatsApp y te resolveremos las dudas al instante!<\/strong><\/h5>\n<p><!-- AddThis Advanced Settings generic via filter on get_the_excerpt --><!-- AddThis Share Buttons generic via filter on get_the_excerpt --><\/p>\n","protected":false},"featured_media":34594,"comment_status":"open","ping_status":"closed","template":"","meta":{"om_disable_all_campaigns":false,"_monsterinsights_skip_tracking":false,"_monsterinsights_sitenote_active":false,"_monsterinsights_sitenote_note":"","_monsterinsights_sitenote_category":0,"_uf_show_specific_survey":0,"_uf_disable_surveys":false},"product_brand":[1217],"product_cat":[1306,41],"product_tag":[1135,266,303,299,305,315,312,313,255,1153,824,1140,823,727,744,746],"class_list":{"0":"post-34590","1":"product","2":"type-product","3":"status-publish","4":"has-post-thumbnail","6":"product_brand-ibags-belts","7":"product_cat-bolsos-saco-hobo","8":"product_cat-shoppers","9":"product_tag-accesorios-y-complementos","10":"product_tag-bolso-bohemian-bolso-cuero-repujado-bolsos-cuero-retro-bolso-shopper-cuero-bolso-cuero-trenzado-bolso-cuero-troquelado","11":"product_tag-bolso-bohemian","12":"product_tag-bolso-cuero","13":"product_tag-bolso-cuero-artesanal","14":"product_tag-bolso-cuero-artesano","15":"product_tag-bolso-cuero-flecos","16":"product_tag-bolso-cuero-hecho-a-mano","17":"product_tag-bolso-cuero-mujer","18":"product_tag-bolso-de-mano","19":"product_tag-bolso-flecos","20":"product_tag-bolso-hombro","21":"product_tag-bolso-piel","22":"product_tag-bolsos-bandoleras-cuero","23":"product_tag-estilo-bohochic","24":"product_tag-estilo-hippiechic","26":"first","27":"instock","28":"sale","29":"shipping-taxable","30":"purchasable","31":"product-type-simple","32":"add-to-wishlist-after_add_to_cart","33":"layout-style-1","34":"col-md-4 col-sm-4 col-xs-6","35":"col-lg-3","36":"product-has-gallery","37":"product-style-default"},"aioseo_notices":[],"_links":{"self":[{"href":"https:\/\/www.ibagsbelts.com\/tienda\/wp-json\/wp\/v2\/product\/34590","targetHints":{"allow":["GET"]}}],"collection":[{"href":"https:\/\/www.ibagsbelts.com\/tienda\/wp-json\/wp\/v2\/product"}],"about":[{"href":"https:\/\/www.ibagsbelts.com\/tienda\/wp-json\/wp\/v2\/types\/product"}],"replies":[{"embeddable":true,"href":"https:\/\/www.ibagsbelts.com\/tienda\/wp-json\/wp\/v2\/comments?post=34590"}],"wp:featuredmedia":[{"embeddable":true,"href":"https:\/\/www.ibagsbelts.com\/tienda\/wp-json\/wp\/v2\/media\/34594"}],"wp:attachment":[{"href":"https:\/\/www.ibagsbelts.com\/tienda\/wp-json\/wp\/v2\/media?parent=34590"}],"wp:term":[{"taxonomy":"product_brand","embeddable":true,"href":"https:\/\/www.ibagsbelts.com\/tienda\/wp-json\/wp\/v2\/product_brand?post=34590"},{"taxonomy":"product_cat","embeddable":true,"href":"https:\/\/www.ibagsbelts.com\/tienda\/wp-json\/wp\/v2\/product_cat?post=34590"},{"taxonomy":"product_tag","embeddable":true,"href":"https:\/\/www.ibagsbelts.com\/tienda\/wp-json\/wp\/v2\/product_tag?post=34590"}],"curies":[{"name":"wp","href":"https:\/\/api.w.org\/{rel}","templated":true}]}}