{"id":34618,"date":"2025-04-23T21:01:30","date_gmt":"2025-04-23T19:01:30","guid":{"rendered":"https:\/\/www.ibagsbelts.com\/tienda\/?post_type=product&#038;p=34618"},"modified":"2026-04-15T19:59:24","modified_gmt":"2026-04-15T17:59:24","slug":"mini-bolso-bandolera-de-piel-taupe-june","status":"publish","type":"product","link":"https:\/\/www.ibagsbelts.com\/tienda\/producto\/mini-bolso-bandolera-de-piel-taupe-june\/","title":{"rendered":"Mini bolso bandolera de piel taupe June"},"content":{"rendered":"<p class=\"p1\" style=\"text-align: left;\">Dise\u00f1o ic\u00f3nico en tama\u00f1o mini, para ofrecerte un accesorio de lujo, compacto y atemporal. Confeccionado en piel de alta calidad, este bolso destaca por su estilo refinado y funcionalidad.<\/p>\n<p class=\"p1\" style=\"text-align: left;\"><b>Caracter\u00edsticas principales:<\/b><\/p>\n<p class=\"p1\" style=\"text-align: left;\">\u2022Fabricado en piel, suave y estructurada<\/p>\n<p class=\"p1\" style=\"text-align: left;\">\u2022Interior forrado en piel, con dos compartimentos divididos por una partici\u00f3n r\u00edgida<\/p>\n<p class=\"p1\" style=\"text-align: left;\">\u2022Cierre de cremallera doble zip y herrajes met\u00e1licos con acabado dorado<\/p>\n<p class=\"p1\" style=\"text-align: left;\">\u2022Asas doble para llevarlo en mano<\/p>\n<p class=\"p1\" style=\"text-align: left;\">\u2022Hecho en Italia con acabados artesanales de alta gama<\/p>\n<p class=\"p1\" style=\"text-align: left;\">\u2022Dimensiones: 28 cm (ancho) x 11 cm (alto) x 12 cm (profundidad)<\/p>\n<p class=\"p1\" style=\"text-align: left;\">\u2022Altura del asa: 14 cm<\/p>\n<p class=\"p1\" style=\"text-align: left;\">\u2022Cierre superior con cremallera<\/p>\n<p class=\"p1\" style=\"text-align: left;\">\u2022Incluye correa de cuero extra\u00edble y ajustable (hasta 100 cm), para llevarlo al hombro o cruzado<\/p>\n<p class=\"p3\" style=\"text-align: left;\">Un bolso ideal para ocasiones especiales o para dar un toque chic a tu d\u00eda a d\u00eda. Compacto, elegante y con el encanto inconfundible de los cl\u00e1sicos que nunca pasan de moda.<\/p>\n<p class=\"p1\" style=\"text-align: left;\"><strong style=\"font-size: 1.4rem;\">Aviso importante<\/strong><\/p>\n<div class=\"woocommerce-tabs wc-tabs-wrapper\">\n<div id=\"tab-description\" class=\"woocommerce-Tabs-panel woocommerce-Tabs-panel--description panel entry-content wc-tab\" role=\"tabpanel\" aria-labelledby=\"tab-title-description\">\n<div class=\"container\">\n<p style=\"text-align: left;\">Todos nuestros productos de cuero est\u00e1n hechos a mano y su nueva bolsa de cuero puede estar sujeta a una variaci\u00f3n natural en tama\u00f1o y color.<br \/>\nPara los tama\u00f1os, permita 1-2 cm difiere debido a la medida manual.<br \/>\nLas im\u00e1genes son 100% reales.<br \/>\nDebido al monitor del ordenador y el brillo real de la toma y otras razones, habr\u00e1 una cierta diferencia de color.<\/p>\n<\/div>\n<\/div>\n<\/div>\n<!-- AddThis Advanced Settings generic via filter on the_content --><!-- AddThis Share Buttons generic via filter on the_content -->","protected":false},"excerpt":{"rendered":"<p class=\"p1\">Dise\u00f1o compacto, l\u00edneas elegantes y materiales de alta calidad. Este bolso tipo bauletto es el complemento perfecto para quienes buscan estilo y funcionalidad en un solo accesorio.<\/p>\n<p class=\"p1\"><b>Detalles del producto:<\/b><\/p>\n<p class=\"p1\" style=\"text-align: left;\">\u2022Material: 100% cuero genuino<\/p>\n<p class=\"p1\">\u2022Dimensiones: 28 cm (largo) x 11 cm (alto) x 12 cm (fondo)<\/p>\n<p class=\"p1\">\u2022Correa ajustable y removible para llevar al hombro o cruzado<\/p>\n<p class=\"p1\">\u2022Bolsillo interno oculto para objetos peque\u00f1os<\/p>\n<p class=\"p1\">\u2022Dise\u00f1o italiano con acabados cuidados<\/p>\n<p class=\"p3\" style=\"text-align: left;\">Perfecto para el d\u00eda a d\u00eda o para llevar lo esencial con un toque de sofisticaci\u00f3n.<\/p>\n<h5 style=\"text-align: center;\"><strong>\u00bfAlguna duda? Ponte en contacto con nosotros a trav\u00e9s del bot\u00f3n del chat directo por whatsApp y te resolveremos las dudas al instante!<\/strong><\/h5>\n<p><!-- AddThis Advanced Settings generic via filter on get_the_excerpt --><!-- AddThis Share Buttons generic via filter on get_the_excerpt --><\/p>\n","protected":false},"featured_media":34619,"comment_status":"open","ping_status":"closed","template":"","meta":{"om_disable_all_campaigns":false,"_monsterinsights_skip_tracking":false,"_monsterinsights_sitenote_active":false,"_monsterinsights_sitenote_note":"","_monsterinsights_sitenote_category":0,"_uf_show_specific_survey":0,"_uf_disable_surveys":false},"product_brand":[1217],"product_cat":[240,757],"product_tag":[1135,301,877,266,299,255,823,1036,727,905,753,1214,1102],"class_list":{"0":"post-34618","1":"product","2":"type-product","3":"status-publish","4":"has-post-thumbnail","6":"product_brand-ibags-belts","7":"product_cat-bolsos-bandoleras-de-cuero-artesanal","8":"product_cat-bolso-clutch","9":"product_tag-accesorios-y-complementos","10":"product_tag-bandolera","11":"product_tag-bandoleras","12":"product_tag-bolso-bohemian-bolso-cuero-repujado-bolsos-cuero-retro-bolso-shopper-cuero-bolso-cuero-trenzado-bolso-cuero-troquelado","13":"product_tag-bolso-cuero","14":"product_tag-bolso-cuero-mujer","15":"product_tag-bolso-piel","16":"product_tag-bolso-piel-italiano","17":"product_tag-bolsos-bandoleras-cuero","18":"product_tag-casual","19":"product_tag-complementos-de-cuero","20":"product_tag-mini","21":"product_tag-piel","23":"first","24":"instock","25":"shipping-taxable","26":"purchasable","27":"product-type-simple","28":"add-to-wishlist-after_add_to_cart","29":"layout-style-1","30":"col-md-4 col-sm-4 col-xs-6","31":"col-lg-3","32":"product-has-gallery","33":"product-style-default"},"aioseo_notices":[],"_links":{"self":[{"href":"https:\/\/www.ibagsbelts.com\/tienda\/wp-json\/wp\/v2\/product\/34618","targetHints":{"allow":["GET"]}}],"collection":[{"href":"https:\/\/www.ibagsbelts.com\/tienda\/wp-json\/wp\/v2\/product"}],"about":[{"href":"https:\/\/www.ibagsbelts.com\/tienda\/wp-json\/wp\/v2\/types\/product"}],"replies":[{"embeddable":true,"href":"https:\/\/www.ibagsbelts.com\/tienda\/wp-json\/wp\/v2\/comments?post=34618"}],"wp:featuredmedia":[{"embeddable":true,"href":"https:\/\/www.ibagsbelts.com\/tienda\/wp-json\/wp\/v2\/media\/34619"}],"wp:attachment":[{"href":"https:\/\/www.ibagsbelts.com\/tienda\/wp-json\/wp\/v2\/media?parent=34618"}],"wp:term":[{"taxonomy":"product_brand","embeddable":true,"href":"https:\/\/www.ibagsbelts.com\/tienda\/wp-json\/wp\/v2\/product_brand?post=34618"},{"taxonomy":"product_cat","embeddable":true,"href":"https:\/\/www.ibagsbelts.com\/tienda\/wp-json\/wp\/v2\/product_cat?post=34618"},{"taxonomy":"product_tag","embeddable":true,"href":"https:\/\/www.ibagsbelts.com\/tienda\/wp-json\/wp\/v2\/product_tag?post=34618"}],"curies":[{"name":"wp","href":"https:\/\/api.w.org\/{rel}","templated":true}]}}