{"id":34701,"date":"2025-05-15T22:09:44","date_gmt":"2025-05-15T20:09:44","guid":{"rendered":"https:\/\/www.ibagsbelts.com\/tienda\/?post_type=product&#038;p=34701"},"modified":"2026-03-09T20:27:03","modified_gmt":"2026-03-09T19:27:03","slug":"bolso-baul-pequeno-para-mujer-en-piel-celeste-sonia","status":"publish","type":"product","link":"https:\/\/www.ibagsbelts.com\/tienda\/producto\/bolso-baul-pequeno-para-mujer-en-piel-celeste-sonia\/","title":{"rendered":"Bolso ba\u00fal peque\u00f1o para mujer en piel celeste Sonia"},"content":{"rendered":"<p class=\"p1\" style=\"text-align: left;\">Viaja con estilo y comodidad con el bolso de viaje peque\u00f1o de cuero. Fabricado en piel de becerro italiana, ofrece un dise\u00f1o elegante y vers\u00e1til, ideal para cualquier viajera. Su tama\u00f1o compacto (22 x 17 x 9 cm) proporciona un amplio espacio para llevar tus esenciales, mientras que el interior forrado en algod\u00f3n incluye un bolsillo con cremallera y otro para el m\u00f3vil, manteniendo todo organizado.<\/p>\n<p class=\"p1\" style=\"text-align: left;\">Disponible en variedad de colores, este bolso bandolera funcionalidad y sofisticaci\u00f3n. Cuenta con doble mango, cierre de cremallera y una correa de hombro extra\u00edble y ajustable para mayor comodidad. Perfecto para escapadas de fin de semana o viajes largos, ser\u00e1 tu compa\u00f1ero ideal en cualquier aventura.<\/p>\n<p class=\"p1\" style=\"text-align: left;\"><strong>Aviso importante<\/strong><\/p>\n<p style=\"text-align: left;\">Todos nuestros productos de cuero est\u00e1n hechos a mano y su nueva bolsa de cuero puede estar sujeta a una variaci\u00f3n natural en tama\u00f1o y color.<br \/>\nPara los tama\u00f1os, permita 1-2 cm difiere debido a la medida manual.<br \/>\nLas im\u00e1genes son 100% reales.<br \/>\nDebido al monitor del ordenador y el brillo real de la toma y otras razones, habr\u00e1 una cierta diferencia de color.<\/p>\n<!-- AddThis Advanced Settings generic via filter on the_content --><!-- AddThis Share Buttons generic via filter on the_content -->","protected":false},"excerpt":{"rendered":"<div class=\"\">\n<div id=\":nx\" style=\"text-align: left;\" tabindex=\"-1\"><span style=\"font-size: 1.4rem;\">Bolso Ba\u00fal de Mujer en Piel Aut\u00e9ntica<\/span><\/div>\n<div id=\":nn\" class=\"ii gt\" style=\"text-align: left;\">\n<div id=\":nm\" class=\"a3s aiL \">\n<div dir=\"auto\">\n<p>Elegante y funcional, este bolso ba\u00fal est\u00e1 confeccionado en piel aut\u00e9ntica y equipado con una correa bandolera ajustable de cuero para mayor comodidad. Su dise\u00f1o incluye bolsillos internos para accesorios y un amplio compartimento principal con cierre de cremallera, ideal para llevar todo lo que necesitas.<\/p>\n<p>Los accesorios met\u00e1licos en dorado a\u00f1aden un toque sofisticado.<\/p>\n<p>Dimensiones:<\/p>\n<ul>\n<li>Base: 22 cm<\/li>\n<li>Altura: 17 cm<\/li>\n<li>Fondo: 9 cm<\/li>\n<\/ul>\n<p>Un cl\u00e1sico atemporal que combina estilo y practicidad.<\/p>\n<\/div>\n<\/div>\n<\/div>\n<\/div>\n<h4 style=\"text-align: left;\"><strong>\u00bfAlguna duda? Ponte en contacto con nosotros a trav\u00e9s del bot\u00f3n del chat directo por whatsApp y te resolveremos las dudas al instante!<\/strong><\/h4>\n<p><!-- AddThis Advanced Settings generic via filter on get_the_excerpt --><!-- AddThis Share Buttons generic via filter on get_the_excerpt --><\/p>\n","protected":false},"featured_media":34703,"comment_status":"open","ping_status":"closed","template":"","meta":{"om_disable_all_campaigns":false,"_monsterinsights_skip_tracking":false,"_monsterinsights_sitenote_active":false,"_monsterinsights_sitenote_note":"","_monsterinsights_sitenote_category":0,"_uf_show_specific_survey":0,"_uf_disable_surveys":false},"product_brand":[1217],"product_cat":[240,757,382],"product_tag":[1135,301,877,266,305,315,268,313,330,294,823,1036,753,1111,279],"class_list":{"0":"post-34701","1":"product","2":"type-product","3":"status-publish","4":"has-post-thumbnail","6":"product_brand-ibags-belts","7":"product_cat-bolsos-bandoleras-de-cuero-artesanal","8":"product_cat-bolso-clutch","9":"product_cat-bowling","10":"product_tag-accesorios-y-complementos","11":"product_tag-bandolera","12":"product_tag-bandoleras","13":"product_tag-bolso-bohemian-bolso-cuero-repujado-bolsos-cuero-retro-bolso-shopper-cuero-bolso-cuero-trenzado-bolso-cuero-troquelado","14":"product_tag-bolso-cuero-artesanal","15":"product_tag-bolso-cuero-artesano","16":"product_tag-bolso-cuero-boho-bolso-cuero-con-tachuelas-bolsos-cuero-caballero-bolso-cuero-de-hombre-bolso-cuero-de-viaje-bolso-cuero-de-vaca-bolso-de-cuero-artesanal-bolso-de-cuero","17":"product_tag-bolso-cuero-hecho-a-mano","18":"product_tag-bolso-cuero-viaje","19":"product_tag-bolso-de-viaje","20":"product_tag-bolso-piel","21":"product_tag-bolso-piel-italiano","22":"product_tag-complementos-de-cuero","23":"product_tag-gym","24":"product_tag-bolso-cuero-artesanal-hombre-bolso-cuero-boho-bolso-cuero-con-tachuelas-bolsos-cuero-caballero-bolso-cuero-de-hombre-bolso-cuero-de-viaje-bolso-cuero-de-vaca","26":"first","27":"instock","28":"shipping-taxable","29":"purchasable","30":"product-type-simple","31":"add-to-wishlist-after_add_to_cart","32":"layout-style-1","33":"col-md-4 col-sm-4 col-xs-6","34":"col-lg-3","35":"product-has-gallery","36":"product-style-default"},"aioseo_notices":[],"_links":{"self":[{"href":"https:\/\/www.ibagsbelts.com\/tienda\/wp-json\/wp\/v2\/product\/34701","targetHints":{"allow":["GET"]}}],"collection":[{"href":"https:\/\/www.ibagsbelts.com\/tienda\/wp-json\/wp\/v2\/product"}],"about":[{"href":"https:\/\/www.ibagsbelts.com\/tienda\/wp-json\/wp\/v2\/types\/product"}],"replies":[{"embeddable":true,"href":"https:\/\/www.ibagsbelts.com\/tienda\/wp-json\/wp\/v2\/comments?post=34701"}],"wp:featuredmedia":[{"embeddable":true,"href":"https:\/\/www.ibagsbelts.com\/tienda\/wp-json\/wp\/v2\/media\/34703"}],"wp:attachment":[{"href":"https:\/\/www.ibagsbelts.com\/tienda\/wp-json\/wp\/v2\/media?parent=34701"}],"wp:term":[{"taxonomy":"product_brand","embeddable":true,"href":"https:\/\/www.ibagsbelts.com\/tienda\/wp-json\/wp\/v2\/product_brand?post=34701"},{"taxonomy":"product_cat","embeddable":true,"href":"https:\/\/www.ibagsbelts.com\/tienda\/wp-json\/wp\/v2\/product_cat?post=34701"},{"taxonomy":"product_tag","embeddable":true,"href":"https:\/\/www.ibagsbelts.com\/tienda\/wp-json\/wp\/v2\/product_tag?post=34701"}],"curies":[{"name":"wp","href":"https:\/\/api.w.org\/{rel}","templated":true}]}}