{"id":34774,"date":"2025-05-16T01:37:31","date_gmt":"2025-05-15T23:37:31","guid":{"rendered":"https:\/\/www.ibagsbelts.com\/tienda\/?post_type=product&#038;p=34774"},"modified":"2026-03-15T23:15:05","modified_gmt":"2026-03-15T22:15:05","slug":"cinturon-sin-agujeros-en-cuero-real","status":"publish","type":"product","link":"https:\/\/www.ibagsbelts.com\/tienda\/producto\/cinturon-sin-agujeros-en-cuero-real\/","title":{"rendered":"Cintur\u00f3n sin agujeros en cuero real"},"content":{"rendered":"<p style=\"text-align: left;\">\u00a1Este cintur\u00f3n de cuero liso suena elegante y vers\u00e1til!<\/p>\n<p class=\"p1\" style=\"text-align: left;\"><b>Cintur\u00f3n sin agujeros en cuero real \u2013 Ajuste perfecto y estilo personalizado<\/b><\/p>\n<p class=\"p1\" style=\"text-align: left;\">Dise\u00f1ado para ofrecer comodidad y elegancia, este cintur\u00f3n <b>sin agujeros<\/b> se adapta perfectamente a tu cintura.<\/p>\n<p class=\"p1\" style=\"text-align: left;\">Hecho de <b>cuero real<\/b> y con <b>herrajes dorados<\/b>, es el accesorio ideal para elevar cualquier look.<\/p>\n<p class=\"p1\" style=\"text-align: left;\">\ud83d\udfe4 <b>Circunferencia ajustable: 45 a 90 cm<\/b><\/p>\n<p class=\"p1\" style=\"text-align: left;\">\u2728 Elige la versi\u00f3n <b>sencilla<\/b><span class=\"Apple-converted-space\">\u00a0 <\/span>que m\u00e1s te guste<\/p>\n<p class=\"p1\" style=\"text-align: left;\">Porque el estilo tambi\u00e9n est\u00e1 en los detalles.<\/p>\n<p style=\"text-align: left;\"><strong>Aviso importante<\/strong><\/p>\n<p style=\"text-align: left;\">Todos nuestros productos de cuero est\u00e1n hechos a mano y su nuevo bolso de cuero puede estar sujeta a una variaci\u00f3n natural en tama\u00f1o y color.<\/p>\n<p style=\"text-align: left;\">Las pieles utilizadas han sido procesadas y curtidas en una de las curtidur\u00edas m\u00e1s antiguas utilizando t\u00e9cnicas centenarias para dar al cuero acabado un aspecto antiguo \/ vintage.<br \/>\nPara los tama\u00f1os, permita 1-2 cm diferencia debido a la medida manual.<br \/>\nLas im\u00e1genes son 100% reales.<br \/>\nDebido al monitor del ordenador y el brillo real de la toma y otras razones, habr\u00e1 una cierta diferencia de color.<\/p>\n<!-- AddThis Advanced Settings generic via filter on the_content --><!-- AddThis Share Buttons generic via filter on the_content -->","protected":false},"excerpt":{"rendered":"<p class=\"p1\" style=\"text-align: center;\"><b>Cintur\u00f3n sin agujeros en cuero real \u2013 Ajuste perfecto y estilo personalizado<\/b><\/p>\n<p class=\"p1\" style=\"text-align: center;\">Dise\u00f1ado para ofrecer comodidad y elegancia, este cintur\u00f3n <b>sin agujeros<\/b> se adapta perfectamente a tu cintura.<\/p>\n<p class=\"p1\" style=\"text-align: center;\">Hecho de <b>cuero real<\/b> y con <b>herrajes dorados<\/b>, es el accesorio ideal para elevar cualquier look.<\/p>\n<p class=\"p1\" style=\"text-align: center;\">\ud83d\udfe4 <b>Circunferencia ajustable: 45 a 90 cm<\/b><\/p>\n<p class=\"p1\" style=\"text-align: center;\">\u2728 Elige la versi\u00f3n <b>sencilla<\/b><span class=\"Apple-converted-space\">\u00a0 <\/span>que m\u00e1s te guste<\/p>\n<p class=\"p1\" style=\"text-align: center;\">Porque el estilo tambi\u00e9n est\u00e1 en los detalles.<\/p>\n<h5 style=\"text-align: center;\"><strong>\u00bfAlguna duda? Ponte en contacto con nosotros a trav\u00e9s del bot\u00f3n del chat directo por whatsApp y te resolveremos las dudas al instante!<\/strong><\/h5>\n<p><!-- AddThis Advanced Settings generic via filter on get_the_excerpt --><!-- AddThis Share Buttons generic via filter on get_the_excerpt --><\/p>\n","protected":false},"featured_media":34816,"comment_status":"open","ping_status":"closed","template":"","meta":{"om_disable_all_campaigns":false,"_monsterinsights_skip_tracking":false,"_monsterinsights_sitenote_active":false,"_monsterinsights_sitenote_note":"","_monsterinsights_sitenote_category":0,"_uf_show_specific_survey":0,"_uf_disable_surveys":false},"product_brand":[1217],"product_cat":[980,1017],"product_tag":[1087,290,332,340,341,334,343,335,333,1034,1088],"class_list":{"0":"post-34774","1":"product","2":"type-product","3":"status-publish","4":"has-post-thumbnail","6":"product_brand-ibags-belts","7":"product_cat-cinturones-lisos","8":"product_cat-mas-vendidos","9":"product_tag-cinto","10":"product_tag-cinturon","11":"product_tag-cinturon-cuero","12":"product_tag-cinturon-cuero-ancho-bohemian","13":"product_tag-cinturon-cuero-boho-chic","14":"product_tag-cinturon-cuero-marron","15":"product_tag-cinturon-cuero-moderno","16":"product_tag-cinturon-cuero-natural","17":"product_tag-cinturon-cuero-vaca","18":"product_tag-cinturones","19":"product_tag-correa","21":"first","22":"instock","23":"shipping-taxable","24":"purchasable","25":"product-type-variable","26":"add-to-wishlist-after_add_to_cart","27":"layout-style-1","28":"col-md-4 col-sm-4 col-xs-6","29":"col-lg-3","30":"product-has-gallery","31":"product-style-default"},"aioseo_notices":[],"_links":{"self":[{"href":"https:\/\/www.ibagsbelts.com\/tienda\/wp-json\/wp\/v2\/product\/34774","targetHints":{"allow":["GET"]}}],"collection":[{"href":"https:\/\/www.ibagsbelts.com\/tienda\/wp-json\/wp\/v2\/product"}],"about":[{"href":"https:\/\/www.ibagsbelts.com\/tienda\/wp-json\/wp\/v2\/types\/product"}],"replies":[{"embeddable":true,"href":"https:\/\/www.ibagsbelts.com\/tienda\/wp-json\/wp\/v2\/comments?post=34774"}],"wp:featuredmedia":[{"embeddable":true,"href":"https:\/\/www.ibagsbelts.com\/tienda\/wp-json\/wp\/v2\/media\/34816"}],"wp:attachment":[{"href":"https:\/\/www.ibagsbelts.com\/tienda\/wp-json\/wp\/v2\/media?parent=34774"}],"wp:term":[{"taxonomy":"product_brand","embeddable":true,"href":"https:\/\/www.ibagsbelts.com\/tienda\/wp-json\/wp\/v2\/product_brand?post=34774"},{"taxonomy":"product_cat","embeddable":true,"href":"https:\/\/www.ibagsbelts.com\/tienda\/wp-json\/wp\/v2\/product_cat?post=34774"},{"taxonomy":"product_tag","embeddable":true,"href":"https:\/\/www.ibagsbelts.com\/tienda\/wp-json\/wp\/v2\/product_tag?post=34774"}],"curies":[{"name":"wp","href":"https:\/\/api.w.org\/{rel}","templated":true}]}}