{"id":35074,"date":"2025-05-24T17:44:03","date_gmt":"2025-05-24T15:44:03","guid":{"rendered":"https:\/\/www.ibagsbelts.com\/tienda\/?post_type=product&#038;p=35074"},"modified":"2026-03-09T19:41:02","modified_gmt":"2026-03-09T18:41:02","slug":"bolso-mini-shopper-bronce-de-piel-lidia","status":"publish","type":"product","link":"https:\/\/www.ibagsbelts.com\/tienda\/producto\/bolso-mini-shopper-bronce-de-piel-lidia\/","title":{"rendered":"Bolso mini shopper bronce de piel Lidia"},"content":{"rendered":"<p class=\"p1\" style=\"text-align: left;\"><b>Bolso de piel tipo saquito<\/b><\/p>\n<p class=\"p1\" style=\"text-align: left;\">Dise\u00f1o elegante y funcional, este bolso de piel estilo saquito es perfecto para el d\u00eda a d\u00eda. Cuenta con un cierre de lazo que le da un toque desenfadado y chic. Incluye asas cortas para llevarlo en la mano y una asa larga regulable para usarlo c\u00f3modamente como bandolera. Su tama\u00f1o es ideal para llevar lo esencial sin renunciar al estilo.<\/p>\n<p class=\"p1\" style=\"text-align: left;\"><b>Medidas:<\/b> 23,5 cm (ancho) x 24 cm (alto) x 7 cm (fondo)<\/p>\n<p class=\"p1\" style=\"text-align: left;\"><b>Caracter\u00edsticas:<\/b><\/p>\n<p class=\"p1\" style=\"text-align: left;\">\u2022Cierre con cord\u00f3n<\/p>\n<p class=\"p1\" style=\"text-align: left;\">\u2022Asas de mano + asa larga ajustable<\/p>\n<p class=\"p1\" style=\"text-align: left;\">\u2022Dise\u00f1o compacto y c\u00f3modo<\/p>\n<p class=\"p3\" style=\"text-align: left;\">Ideal para completar tus looks con un toque de sofisticaci\u00f3n casual.<\/p>\n<p style=\"text-align: left;\">El bolso 100% piel hecho en Europa. Compartimento principal con cierre mediante lazo. Interior de piel vuelta. Su estilo juvenil hace que el bolso sea un compa\u00f1ero a temporal.<\/p>\n<p style=\"text-align: left;\"><strong>Aviso importante<\/strong><\/p>\n<p style=\"text-align: left;\">Todos nuestros productos de cuero est\u00e1n hechos a mano y su nueva bolsa de cuero puede estar sujeta a una variaci\u00f3n natural en tama\u00f1o y color.<br \/>\nPara los tama\u00f1os, permita 1-2 cm difiere debido a la medida manual.<br \/>\nLas im\u00e1genes son 100% reales.<br \/>\nDebido al monitor del ordenador y el brillo real de la toma y otras razones, habr\u00e1 una cierta diferencia de color.<\/p>\n<!-- AddThis Advanced Settings generic via filter on the_content --><!-- AddThis Share Buttons generic via filter on the_content -->","protected":false},"excerpt":{"rendered":"<p class=\"p1\" style=\"text-align: left;\"><b>Bolso de piel tipo saquito<\/b><\/p>\n<p class=\"p1\" style=\"text-align: left;\">Dise\u00f1o elegante y funcional, este bolso de piel estilo saquito es perfecto para el d\u00eda a d\u00eda. Cuenta con un cierre de lazo que le da un toque desenfadado y chic. Incluye asas cortas para llevarlo en la mano y una asa larga regulable para usarlo c\u00f3modamente como bandolera. Su tama\u00f1o es ideal para llevar lo esencial sin renunciar al estilo.<\/p>\n<p class=\"p1\" style=\"text-align: left;\"><b>Medidas:<\/b> 23,5 cm (ancho) x 24 cm (alto) x 7 cm (fondo)<\/p>\n<p class=\"p1\" style=\"text-align: left;\"><b>Caracter\u00edsticas:<\/b><\/p>\n<p class=\"p1\" style=\"text-align: left;\">\u2022Cierre con cord\u00f3n<\/p>\n<p class=\"p1\" style=\"text-align: left;\">\u2022Asas de mano + asa larga ajustable<\/p>\n<p class=\"p1\" style=\"text-align: left;\">\u2022Dise\u00f1o compacto y c\u00f3modo<\/p>\n<p class=\"p3\" style=\"text-align: left;\">Ideal para completar tus looks con un toque de sofisticaci\u00f3n casual.<\/p>\n<h5 style=\"text-align: center;\"><strong>\u00bfAlguna duda? Ponte en contacto con nosotros a trav\u00e9s del bot\u00f3n del chat directo por whatsApp y te resolveremos las dudas al instante!<\/strong><\/h5>\n<p><!-- AddThis Advanced Settings generic via filter on get_the_excerpt --><!-- AddThis Share Buttons generic via filter on get_the_excerpt --><\/p>\n","protected":false},"featured_media":35076,"comment_status":"open","ping_status":"closed","template":"","meta":{"om_disable_all_campaigns":false,"_monsterinsights_skip_tracking":false,"_monsterinsights_sitenote_active":false,"_monsterinsights_sitenote_note":"","_monsterinsights_sitenote_category":0,"_uf_show_specific_survey":0,"_uf_disable_surveys":false},"product_brand":[1217],"product_cat":[240,757],"product_tag":[1135,301,877,266,303,299,315,268,778,313,255,823,1036,1041,727,302,1215,753,1102,1166],"class_list":{"0":"post-35074","1":"product","2":"type-product","3":"status-publish","4":"has-post-thumbnail","6":"product_brand-ibags-belts","7":"product_cat-bolsos-bandoleras-de-cuero-artesanal","8":"product_cat-bolso-clutch","9":"product_tag-accesorios-y-complementos","10":"product_tag-bandolera","11":"product_tag-bandoleras","12":"product_tag-bolso-bohemian-bolso-cuero-repujado-bolsos-cuero-retro-bolso-shopper-cuero-bolso-cuero-trenzado-bolso-cuero-troquelado","13":"product_tag-bolso-bohemian","14":"product_tag-bolso-cuero","15":"product_tag-bolso-cuero-artesano","16":"product_tag-bolso-cuero-boho-bolso-cuero-con-tachuelas-bolsos-cuero-caballero-bolso-cuero-de-hombre-bolso-cuero-de-viaje-bolso-cuero-de-vaca-bolso-de-cuero-artesanal-bolso-de-cuero","17":"product_tag-bolso-cuero-de-vaca","18":"product_tag-bolso-cuero-hecho-a-mano","19":"product_tag-bolso-cuero-mujer","20":"product_tag-bolso-piel","21":"product_tag-bolso-piel-italiano","22":"product_tag-bolso-saco","23":"product_tag-bolsos-bandoleras-cuero","24":"product_tag-bolsos-de-cuero","25":"product_tag-bolsosaco","26":"product_tag-complementos-de-cuero","27":"product_tag-piel","28":"product_tag-shopper","30":"first","31":"instock","32":"shipping-taxable","33":"purchasable","34":"product-type-simple","35":"add-to-wishlist-after_add_to_cart","36":"layout-style-1","37":"col-md-4 col-sm-4 col-xs-6","38":"col-lg-3","39":"product-has-gallery","40":"product-style-default"},"aioseo_notices":[],"_links":{"self":[{"href":"https:\/\/www.ibagsbelts.com\/tienda\/wp-json\/wp\/v2\/product\/35074","targetHints":{"allow":["GET"]}}],"collection":[{"href":"https:\/\/www.ibagsbelts.com\/tienda\/wp-json\/wp\/v2\/product"}],"about":[{"href":"https:\/\/www.ibagsbelts.com\/tienda\/wp-json\/wp\/v2\/types\/product"}],"replies":[{"embeddable":true,"href":"https:\/\/www.ibagsbelts.com\/tienda\/wp-json\/wp\/v2\/comments?post=35074"}],"wp:featuredmedia":[{"embeddable":true,"href":"https:\/\/www.ibagsbelts.com\/tienda\/wp-json\/wp\/v2\/media\/35076"}],"wp:attachment":[{"href":"https:\/\/www.ibagsbelts.com\/tienda\/wp-json\/wp\/v2\/media?parent=35074"}],"wp:term":[{"taxonomy":"product_brand","embeddable":true,"href":"https:\/\/www.ibagsbelts.com\/tienda\/wp-json\/wp\/v2\/product_brand?post=35074"},{"taxonomy":"product_cat","embeddable":true,"href":"https:\/\/www.ibagsbelts.com\/tienda\/wp-json\/wp\/v2\/product_cat?post=35074"},{"taxonomy":"product_tag","embeddable":true,"href":"https:\/\/www.ibagsbelts.com\/tienda\/wp-json\/wp\/v2\/product_tag?post=35074"}],"curies":[{"name":"wp","href":"https:\/\/api.w.org\/{rel}","templated":true}]}}