{"id":35121,"date":"2025-05-25T11:39:07","date_gmt":"2025-05-25T09:39:07","guid":{"rendered":"https:\/\/www.ibagsbelts.com\/tienda\/?post_type=product&#038;p=35121"},"modified":"2026-03-09T19:32:43","modified_gmt":"2026-03-09T18:32:43","slug":"bolso-tipo-cubo-mini-en-cuero-taupe-zaira","status":"publish","type":"product","link":"https:\/\/www.ibagsbelts.com\/tienda\/producto\/bolso-tipo-cubo-mini-en-cuero-taupe-zaira\/","title":{"rendered":"Bolso tipo cubo mini en cuero taupe Zaira"},"content":{"rendered":"<p class=\"p1\" style=\"text-align: left;\"><b>Bolso de Piel \u2013 Elegancia Compacta<\/b><\/p>\n<p class=\"p1\" style=\"text-align: left;\">Descubre la perfecta fusi\u00f3n entre sofisticaci\u00f3n y funcionalidad con nuestro bolso tipo cubo. Dise\u00f1ado para acompa\u00f1arte en cualquier ocasi\u00f3n, este bolso combina elegancia atemporal con detalles pr\u00e1cticos para el d\u00eda a d\u00eda.<\/p>\n<p class=\"p1\" style=\"text-align: left;\"><b>Caracter\u00edsticas principales:<\/b><\/p>\n<p class=\"p1\" style=\"text-align: left;\">\u2022 <b>Material:<\/b> 100% piel de vacuno granulada de alta calidad \u2013 resistente, duradera y con un tacto excepcional.<\/p>\n<p class=\"p1\" style=\"text-align: left;\">\u2022 <b>Dise\u00f1o:<\/b> Estilo cubo con cierre seguro mediante cord\u00f3n y detalles met\u00e1licos dorados que aportan un toque de distinci\u00f3n.<\/p>\n<p class=\"p1\" style=\"text-align: left;\">\u2022 <b>Versatilidad:<\/b> Ll\u00e9valo al hombro con la correa ajustable o en la mano gracias a su asa superior.<\/p>\n<p class=\"p1\" style=\"text-align: left;\">\u2022 <b>Color:<\/b> Taupe, ideal para combinar con todos tus conjuntos.<\/p>\n<p class=\"p1\" style=\"text-align: left;\">\u2022 <b>Dimensiones:<\/b> Compacto y funcional \u2013 perfecto para llevar tus imprescindibles con estilo.<\/p>\n<p class=\"p1\" style=\"text-align: left;\">Un bolso refinado y vers\u00e1til que elevar\u00e1 tu armario con un toque de clase y practicidad. Ideal para quienes buscan un complemento elegante sin renunciar a la comodidad.<\/p>\n<div class=\"woocommerce-tabs wc-tabs-wrapper\">\n<div id=\"tab-description\" class=\"woocommerce-Tabs-panel woocommerce-Tabs-panel--description panel entry-content wc-tab\" role=\"tabpanel\" aria-labelledby=\"tab-title-description\">\n<div class=\"container\">\n<p style=\"text-align: left;\"><strong>Aviso importante<\/strong><\/p>\n<p style=\"text-align: left;\">Todos nuestros productos de cuero est\u00e1n hechos a mano y su nueva bolsa de cuero puede estar sujeta a una variaci\u00f3n natural en tama\u00f1o y color.<br \/>\nPara los tama\u00f1os, permita 1-2 cm difiere debido a la medida manual.<br \/>\nLas im\u00e1genes son 100% reales.<br \/>\nDebido al monitor del ordenador y el brillo real de la toma y otras razones, habr\u00e1 una cierta diferencia de color.<\/p>\n<\/div>\n<\/div>\n<\/div>\n<!-- AddThis Advanced Settings generic via filter on the_content --><!-- AddThis Share Buttons generic via filter on the_content -->","protected":false},"excerpt":{"rendered":"<p class=\"p1\" style=\"text-align: left;\"><b>Bolso de Piel \u2013 Elegancia Compacta<\/b><\/p>\n<p class=\"p1\" style=\"text-align: left;\">Descubre la perfecta fusi\u00f3n entre sofisticaci\u00f3n y funcionalidad con nuestro bolso tipo cubo. Dise\u00f1ado para acompa\u00f1arte en cualquier ocasi\u00f3n, este bolso combina elegancia atemporal con detalles pr\u00e1cticos para el d\u00eda a d\u00eda.<\/p>\n<p class=\"p1\" style=\"text-align: left;\"><b>Caracter\u00edsticas principales:<\/b><\/p>\n<p class=\"p1\" style=\"text-align: left;\">\u2022 <b>Material:<\/b> 100% piel de vacuno granulada de alta calidad \u2013 resistente, duradera y con un tacto excepcional.<\/p>\n<p class=\"p1\" style=\"text-align: left;\">\u2022 <b>Dise\u00f1o:<\/b> Estilo cubo con cierre seguro mediante cord\u00f3n y detalles met\u00e1licos dorados que aportan un toque de distinci\u00f3n.<\/p>\n<p class=\"p1\" style=\"text-align: left;\">\u2022 <b>Versatilidad:<\/b> Ll\u00e9valo al hombro con la correa ajustable o en la mano gracias a su asa superior.<\/p>\n<p class=\"p1\" style=\"text-align: left;\">\u2022 <b>Color:<\/b> Taupe, ideal para combinar con todos tus conjuntos.<\/p>\n<p class=\"p1\" style=\"text-align: left;\">\u2022 <b>Dimensiones:<\/b> Compacto y funcional 20cm X 15cm \u2013 perfecto para llevar tus imprescindibles con estilo.<\/p>\n<p class=\"p1\" style=\"text-align: left;\">Un bolso refinado y vers\u00e1til que elevar\u00e1 tu armario con un toque de clase y practicidad. Ideal para quienes buscan un complemento elegante sin renunciar a la comodidad.<\/p>\n<h5 style=\"text-align: center;\"><strong>\u00bfAlguna duda? Ponte en contacto con nosotros a trav\u00e9s del bot\u00f3n del chat directo por whatsApp y te resolveremos las dudas al instante!<\/strong><\/h5>\n<p><!-- AddThis Advanced Settings generic via filter on get_the_excerpt --><!-- AddThis Share Buttons generic via filter on get_the_excerpt --><\/p>\n","protected":false},"featured_media":35122,"comment_status":"open","ping_status":"closed","template":"","meta":{"om_disable_all_campaigns":false,"_monsterinsights_skip_tracking":false,"_monsterinsights_sitenote_active":false,"_monsterinsights_sitenote_note":"","_monsterinsights_sitenote_category":0,"_uf_show_specific_survey":0,"_uf_disable_surveys":false},"product_brand":[1217],"product_cat":[240,757,381],"product_tag":[1135,301,877,266,299,255,823,1036,1210,727,302,905,753,1222,1102],"class_list":{"0":"post-35121","1":"product","2":"type-product","3":"status-publish","4":"has-post-thumbnail","6":"product_brand-ibags-belts","7":"product_cat-bolsos-bandoleras-de-cuero-artesanal","8":"product_cat-bolso-clutch","9":"product_cat-bomboneras","10":"product_tag-accesorios-y-complementos","11":"product_tag-bandolera","12":"product_tag-bandoleras","13":"product_tag-bolso-bohemian-bolso-cuero-repujado-bolsos-cuero-retro-bolso-shopper-cuero-bolso-cuero-trenzado-bolso-cuero-troquelado","14":"product_tag-bolso-cuero","15":"product_tag-bolso-cuero-mujer","16":"product_tag-bolso-piel","17":"product_tag-bolso-piel-italiano","18":"product_tag-bolsocubo","19":"product_tag-bolsos-bandoleras-cuero","20":"product_tag-bolsos-de-cuero","21":"product_tag-casual","22":"product_tag-complementos-de-cuero","23":"product_tag-cubo","24":"product_tag-piel","26":"first","27":"instock","28":"shipping-taxable","29":"purchasable","30":"product-type-simple","31":"add-to-wishlist-after_add_to_cart","32":"layout-style-1","33":"col-md-4 col-sm-4 col-xs-6","34":"col-lg-3","35":"product-has-gallery","36":"product-style-default"},"aioseo_notices":[],"_links":{"self":[{"href":"https:\/\/www.ibagsbelts.com\/tienda\/wp-json\/wp\/v2\/product\/35121","targetHints":{"allow":["GET"]}}],"collection":[{"href":"https:\/\/www.ibagsbelts.com\/tienda\/wp-json\/wp\/v2\/product"}],"about":[{"href":"https:\/\/www.ibagsbelts.com\/tienda\/wp-json\/wp\/v2\/types\/product"}],"replies":[{"embeddable":true,"href":"https:\/\/www.ibagsbelts.com\/tienda\/wp-json\/wp\/v2\/comments?post=35121"}],"wp:featuredmedia":[{"embeddable":true,"href":"https:\/\/www.ibagsbelts.com\/tienda\/wp-json\/wp\/v2\/media\/35122"}],"wp:attachment":[{"href":"https:\/\/www.ibagsbelts.com\/tienda\/wp-json\/wp\/v2\/media?parent=35121"}],"wp:term":[{"taxonomy":"product_brand","embeddable":true,"href":"https:\/\/www.ibagsbelts.com\/tienda\/wp-json\/wp\/v2\/product_brand?post=35121"},{"taxonomy":"product_cat","embeddable":true,"href":"https:\/\/www.ibagsbelts.com\/tienda\/wp-json\/wp\/v2\/product_cat?post=35121"},{"taxonomy":"product_tag","embeddable":true,"href":"https:\/\/www.ibagsbelts.com\/tienda\/wp-json\/wp\/v2\/product_tag?post=35121"}],"curies":[{"name":"wp","href":"https:\/\/api.w.org\/{rel}","templated":true}]}}