{"id":35678,"date":"2025-07-12T21:50:25","date_gmt":"2025-07-12T19:50:25","guid":{"rendered":"https:\/\/www.ibagsbelts.com\/tienda\/?post_type=product&#038;p=35678"},"modified":"2026-03-08T23:19:29","modified_gmt":"2026-03-08T22:19:29","slug":"cinturon-trenzado-beige-con-hebilla-artesanal-redonda-coachella","status":"publish","type":"product","link":"https:\/\/www.ibagsbelts.com\/tienda\/producto\/cinturon-trenzado-beige-con-hebilla-artesanal-redonda-coachella\/","title":{"rendered":"Cintur\u00f3n trenzado beige con hebilla artesanal redonda Coachella"},"content":{"rendered":"<div class=\"woocommerce-tabs wc-tabs-wrapper\">\n<div id=\"tab-description\" class=\"woocommerce-Tabs-panel woocommerce-Tabs-panel--description panel entry-content wc-tab\" role=\"tabpanel\" aria-labelledby=\"tab-title-description\">\n<div class=\"container\">\n<p class=\"p1\" style=\"text-align: left;\"><b>Cintur\u00f3n trenzado beige con hebilla artesanal redonda \u2013 Modelo Coachella<\/b><\/p>\n<p class=\"p1\" style=\"text-align: left;\">Dise\u00f1ado para mujeres que valoran tanto la funcionalidad como el estilo, este cintur\u00f3n trenzado en tono beige es el complemento perfecto para elevar cualquier look. Hecho a mano en cuero de alta calidad, sus 14 tiras trenzadas crean un patr\u00f3n \u00fanico que se adapta con elegancia a tu figura.<\/p>\n<p class=\"p1\" style=\"text-align: left;\">Gracias a su dise\u00f1o ajustable, puedes llevarlo a la cintura o a la cadera, combin\u00e1ndolo con blusas, vestidos, faldas o pantalones. Su hebilla artesanal redonda en color plata con detalles a tono aporta un toque original que no pasa desapercibido.<\/p>\n<p class=\"p1\" style=\"text-align: left;\"><b>Caracter\u00edsticas:<\/b><\/p>\n<p class=\"p1\" style=\"text-align: left;\">\u2022<b>Material<\/b>: Cuero curtido de forma tradicional, trenzado a mano<\/p>\n<p class=\"p1\" style=\"text-align: left;\">\u2022<b>Color<\/b>: Beige natural<\/p>\n<p class=\"p1\" style=\"text-align: left;\">\u2022<b>Hebilla<\/b>: Redonda, artesanal, met\u00e1lica en color plata con detalle en cuero<\/p>\n<p class=\"p1\" style=\"text-align: left;\">\u2022<b>Dise\u00f1o<\/b>: 14 tiras entrelazadas que se adaptan al cuerpo<\/p>\n<p class=\"p1\" style=\"text-align: left;\">\u2022<b>Vers\u00e1til<\/b>: Ideal para todo tipo de prendas y estilos<\/p>\n<p class=\"p1\" style=\"text-align: left;\">Un accesorio con alma boho y esp\u00edritu libre, pensado para destacar tu personalidad.<\/p>\n<p style=\"text-align: left;\"><strong>Aviso importante<\/strong><\/p>\n<p style=\"text-align: left;\">Todos nuestros productos de cuero est\u00e1n hechos a mano y su nuevo bolso o cintur\u00f3n de cuero puede estar sujeta a una variaci\u00f3n natural en tama\u00f1o y color.<\/p>\n<p style=\"text-align: left;\">Las pieles utilizadas han sido procesadas y curtidas en una de las curtidur\u00edas m\u00e1s antiguas utilizando t\u00e9cnicas centenarias para dar al cuero acabado un aspecto antiguo \/ vintage.<br \/>\nPara los tama\u00f1os, permita 1-2 cm diferencia debido a la medida manual.<br \/>\nLas im\u00e1genes son 100% reales.<br \/>\nDebido al monitor del ordenador y el brillo real de la toma y otras razones, habr\u00e1 una cierta diferencia de color.<\/p>\n<div class=\"at-below-post addthis_tool\" data-url=\"https:\/\/www.ibagsbelts.com\/tienda\/producto\/cinturon-asta-trenzado-marron\/\"><\/div>\n<\/div>\n<\/div>\n<\/div>\n<!-- AddThis Advanced Settings generic via filter on the_content --><!-- AddThis Share Buttons generic via filter on the_content -->","protected":false},"excerpt":{"rendered":"<p class=\"p1\" style=\"text-align: center;\">Dise\u00f1ado para mujeres que valoran tanto la funcionalidad como el estilo, este cintur\u00f3n trenzado en tono beige es el complemento perfecto para elevar cualquier look. Hecho a mano en cuero de alta calidad, sus 14 tiras trenzadas crean un patr\u00f3n \u00fanico que se adapta con elegancia a tu figura.<\/p>\n<p class=\"p1\" style=\"text-align: center;\">Gracias a su dise\u00f1o ajustable, puedes llevarlo a la cintura o a la cadera, combin\u00e1ndolo con blusas, vestidos, faldas o pantalones. Su hebilla artesanal redonda en color plata con detalles a tono aporta un toque original que no pasa desapercibido.<\/p>\n<p class=\"p1\" style=\"text-align: center;\">Un accesorio con alma boho y esp\u00edritu libre, pensado para destacar tu personalidad.<\/p>\n<p class=\"p1\" style=\"text-align: center;\">\u2022<b>Medidas<\/b>:\u2022Ancho: entre 6 y 7 cm. Largo m\u00e1ximo: 110 cm<\/p>\n<div class=\"woocommerce-tabs wc-tabs-wrapper\">\n<div id=\"tab-description\" class=\"woocommerce-Tabs-panel woocommerce-Tabs-panel--description panel entry-content wc-tab\" role=\"tabpanel\" aria-labelledby=\"tab-title-description\">\n<div class=\"container\">\n<h5 style=\"text-align: center;\"><strong>\u00bfAlguna duda? Ponte en contacto con nosotros a trav\u00e9s del bot\u00f3n del chat directo por whatsApp y te resolveremos las dudas al instante!<\/strong><\/h5>\n<div class=\"at-below-post addthis_tool\" data-url=\"https:\/\/www.ibagsbelts.com\/tienda\/producto\/cinturon-asta-trenzado-marron\/\"><\/div>\n<\/div>\n<\/div>\n<\/div>\n<p><!-- AddThis Advanced Settings generic via filter on get_the_excerpt --><!-- AddThis Share Buttons generic via filter on get_the_excerpt --><\/p>\n","protected":false},"featured_media":35935,"comment_status":"open","ping_status":"closed","template":"","meta":{"om_disable_all_campaigns":false,"_monsterinsights_skip_tracking":false,"_monsterinsights_sitenote_active":false,"_monsterinsights_sitenote_note":"","_monsterinsights_sitenote_category":0,"_uf_show_specific_survey":0,"_uf_disable_surveys":false},"product_brand":[1217],"product_cat":[396,951],"product_tag":[1135,1096,290,332,340,341,264,335,333,1034,31,753],"class_list":{"0":"post-35678","1":"product","2":"type-product","3":"status-publish","4":"has-post-thumbnail","6":"product_brand-ibags-belts","7":"product_cat-trenzados-cinturon","8":"product_cat-fajin","9":"product_tag-accesorios-y-complementos","10":"product_tag-artesania","11":"product_tag-cinturon","12":"product_tag-cinturon-cuero","13":"product_tag-cinturon-cuero-ancho-bohemian","14":"product_tag-cinturon-cuero-boho-chic","15":"product_tag-cinturon-cuero-de-vaca-cuero-de-cuero-cinturon-de-cuero-chapa","16":"product_tag-cinturon-cuero-natural","17":"product_tag-cinturon-cuero-vaca","18":"product_tag-cinturones","19":"product_tag-cinturon-trenzado-de-cuero","20":"product_tag-complementos-de-cuero","22":"first","23":"instock","24":"shipping-taxable","25":"purchasable","26":"product-type-simple","27":"add-to-wishlist-after_add_to_cart","28":"layout-style-1","29":"col-md-4 col-sm-4 col-xs-6","30":"col-lg-3","31":"product-has-gallery","32":"product-style-default"},"aioseo_notices":[],"_links":{"self":[{"href":"https:\/\/www.ibagsbelts.com\/tienda\/wp-json\/wp\/v2\/product\/35678","targetHints":{"allow":["GET"]}}],"collection":[{"href":"https:\/\/www.ibagsbelts.com\/tienda\/wp-json\/wp\/v2\/product"}],"about":[{"href":"https:\/\/www.ibagsbelts.com\/tienda\/wp-json\/wp\/v2\/types\/product"}],"replies":[{"embeddable":true,"href":"https:\/\/www.ibagsbelts.com\/tienda\/wp-json\/wp\/v2\/comments?post=35678"}],"wp:featuredmedia":[{"embeddable":true,"href":"https:\/\/www.ibagsbelts.com\/tienda\/wp-json\/wp\/v2\/media\/35935"}],"wp:attachment":[{"href":"https:\/\/www.ibagsbelts.com\/tienda\/wp-json\/wp\/v2\/media?parent=35678"}],"wp:term":[{"taxonomy":"product_brand","embeddable":true,"href":"https:\/\/www.ibagsbelts.com\/tienda\/wp-json\/wp\/v2\/product_brand?post=35678"},{"taxonomy":"product_cat","embeddable":true,"href":"https:\/\/www.ibagsbelts.com\/tienda\/wp-json\/wp\/v2\/product_cat?post=35678"},{"taxonomy":"product_tag","embeddable":true,"href":"https:\/\/www.ibagsbelts.com\/tienda\/wp-json\/wp\/v2\/product_tag?post=35678"}],"curies":[{"name":"wp","href":"https:\/\/api.w.org\/{rel}","templated":true}]}}