{"id":35714,"date":"2025-07-14T13:22:41","date_gmt":"2025-07-14T11:22:41","guid":{"rendered":"https:\/\/www.ibagsbelts.com\/tienda\/?post_type=product&#038;p=35714"},"modified":"2026-03-08T23:11:13","modified_gmt":"2026-03-08T22:11:13","slug":"cinturon-de-piel-3cm-burdeos-con-tachas","status":"publish","type":"product","link":"https:\/\/www.ibagsbelts.com\/tienda\/producto\/cinturon-de-piel-3cm-burdeos-con-tachas\/","title":{"rendered":"Cintur\u00f3n de piel 3cm burdeos con tachas"},"content":{"rendered":"<p><span class=\"a-list-item\">Cinturones de cuero de alta resistencia, cintur\u00f3n de cuero m\u00e1s grueso y duradero, garantizamos que no se romper\u00e1n al menos en 10 a\u00f1os<\/span><\/p>\n<p><span class=\"a-list-item\">100% cuero genuino, una pieza entera, sin capas intermedias, sin flacidez. <\/span><span class=\"a-list-item\" style=\"font-size: 1.4rem;\">Cinturones con un ancho de 3 cm. <\/span><span class=\"a-list-item\" style=\"font-size: 1.4rem;\">Aleaci\u00f3n de zinc de alta calidad, acabado met\u00e1lico<\/span><\/p>\n<p><span class=\"a-list-item\">Imprescindible en tu armario: el cintur\u00f3n de piel de vacuno duradero es un cintur\u00f3n perfecto para el d\u00eda a d\u00eda. Se puede combinar f\u00e1cilmente con jeans, pantalones casuales y ropa formal para diversas ocasiones<\/span><\/p>\n<p><span class=\"a-list-item\">Ideas de regalos para su esposo o novio, hijos y amigos del padre, hermanos en cumplea\u00f1os.<\/span><\/p>\n<p>El cintur\u00f3n con hebilla de animales combina con cualquier ropa o conjunto en tu armario. Perfecto para vaqueros informales, pantalones de vestir o como accesorio para tu vestido favorito. No importa con qu\u00e9 lo lleves, seguro que recibir\u00e1s muchos halagos.<\/p>\n<p>Esta serie de productos te permite ir a la moda y mantener tus principios \u00e9ticos de una manera divertida y respetuosa con los animales. El cintur\u00f3n conjunta perfectamente con muchos tipos de ropa ya sea informal o elegante. Ibags Belts sabe que la moda no tiene que ser cruel para ser divertida. Puedes ser elegante y \u00e9tico a la vez.<\/p>\n<p>&nbsp;<\/p>\n<p style=\"text-align: center;\"><strong>Aviso importante<\/strong><\/p>\n<p>Todos nuestros productos de cuero est\u00e1n hechos a mano y su nueva bolsa de cuero puede estar sujeta a una variaci\u00f3n natural en tama\u00f1o y color.<br \/>\nPara los tama\u00f1os, permita 1-2 cm difiere debido a la medida manual.<br \/>\nLas im\u00e1genes son 100% reales.<br \/>\nDebido al monitor del ordenador y el brillo real de la toma y otras razones, habr\u00e1 una cierta diferencia de color.<\/p>\n<!-- AddThis Advanced Settings generic via filter on the_content --><!-- AddThis Share Buttons generic via filter on the_content -->","protected":false},"excerpt":{"rendered":"<p><span class=\"a-list-item\">Cinturones de cuero de alta resistencia, cintur\u00f3n de cuero m\u00e1s grueso y duradero, garantizamos que no se romper\u00e1n al menos en 10 a\u00f1os<\/span><\/p>\n<p><span class=\"a-list-item\">100% cuero genuino, una pieza entera, sin capas intermedias, sin flacidez. <\/span><span class=\"a-list-item\" style=\"font-size: 1.4rem;\">Cinturones con un ancho de 3 cm. <\/span><span class=\"a-list-item\" style=\"font-size: 1.4rem;\">Aleaci\u00f3n de zinc de alta calidad, acabado met\u00e1lico<\/span><\/p>\n<p><span class=\"a-list-item\">Imprescindible en tu armario: el cintur\u00f3n de piel de vacuno duradero es un cintur\u00f3n perfecto para el d\u00eda a d\u00eda. Se puede combinar f\u00e1cilmente con jeans, pantalones casuales y ropa formal para diversas ocasiones.<\/span><\/p>\n<h5><strong>\u00bfAlguna duda? Ponte en contacto con nosotros a trav\u00e9s del bot\u00f3n del chat directo por whatsApp y te resolveremos las dudas al instante!<\/strong><\/h5>\n<p><!-- AddThis Advanced Settings generic via filter on get_the_excerpt --><!-- AddThis Share Buttons generic via filter on get_the_excerpt --><\/p>\n","protected":false},"featured_media":38096,"comment_status":"open","ping_status":"closed","template":"","meta":{"om_disable_all_campaigns":false,"_monsterinsights_skip_tracking":false,"_monsterinsights_sitenote_active":false,"_monsterinsights_sitenote_note":"","_monsterinsights_sitenote_category":0,"_uf_show_specific_survey":0,"_uf_disable_surveys":false},"product_brand":[1217],"product_cat":[393],"product_tag":[290,332,335,337,333,1209,1034,1118,1129],"class_list":{"0":"post-35714","1":"product","2":"type-product","3":"status-publish","4":"has-post-thumbnail","6":"product_brand-ibags-belts","7":"product_cat-cinturon-con-tachas","8":"product_tag-cinturon","9":"product_tag-cinturon-cuero","10":"product_tag-cinturon-cuero-natural","11":"product_tag-cinturon-cuero-tachas","12":"product_tag-cinturon-cuero-vaca","13":"product_tag-cinturon-remaches","14":"product_tag-cinturones","15":"product_tag-remaches","16":"product_tag-tachas","18":"first","19":"instock","20":"shipping-taxable","21":"purchasable","22":"product-type-simple","23":"add-to-wishlist-after_add_to_cart","24":"layout-style-1","25":"col-md-4 col-sm-4 col-xs-6","26":"col-lg-3","27":"product-has-gallery","28":"product-style-default"},"aioseo_notices":[],"_links":{"self":[{"href":"https:\/\/www.ibagsbelts.com\/tienda\/wp-json\/wp\/v2\/product\/35714","targetHints":{"allow":["GET"]}}],"collection":[{"href":"https:\/\/www.ibagsbelts.com\/tienda\/wp-json\/wp\/v2\/product"}],"about":[{"href":"https:\/\/www.ibagsbelts.com\/tienda\/wp-json\/wp\/v2\/types\/product"}],"replies":[{"embeddable":true,"href":"https:\/\/www.ibagsbelts.com\/tienda\/wp-json\/wp\/v2\/comments?post=35714"}],"wp:featuredmedia":[{"embeddable":true,"href":"https:\/\/www.ibagsbelts.com\/tienda\/wp-json\/wp\/v2\/media\/38096"}],"wp:attachment":[{"href":"https:\/\/www.ibagsbelts.com\/tienda\/wp-json\/wp\/v2\/media?parent=35714"}],"wp:term":[{"taxonomy":"product_brand","embeddable":true,"href":"https:\/\/www.ibagsbelts.com\/tienda\/wp-json\/wp\/v2\/product_brand?post=35714"},{"taxonomy":"product_cat","embeddable":true,"href":"https:\/\/www.ibagsbelts.com\/tienda\/wp-json\/wp\/v2\/product_cat?post=35714"},{"taxonomy":"product_tag","embeddable":true,"href":"https:\/\/www.ibagsbelts.com\/tienda\/wp-json\/wp\/v2\/product_tag?post=35714"}],"curies":[{"name":"wp","href":"https:\/\/api.w.org\/{rel}","templated":true}]}}