{"id":35857,"date":"2025-07-17T18:22:03","date_gmt":"2025-07-17T16:22:03","guid":{"rendered":"https:\/\/www.ibagsbelts.com\/tienda\/?post_type=product&#038;p=35857"},"modified":"2026-03-08T22:50:53","modified_gmt":"2026-03-08T21:50:53","slug":"bolso-mochila-rojo-de-piel-italiana-lavada-marie","status":"publish","type":"product","link":"https:\/\/www.ibagsbelts.com\/tienda\/producto\/bolso-mochila-rojo-de-piel-italiana-lavada-marie\/","title":{"rendered":"Bolso mochila rojo de piel italiana lavada Marie"},"content":{"rendered":"<p style=\"text-align: left;\">El bolso mochila de cuero es una combinaci\u00f3n perfecta de elegancia y funcionalidad. Hecho en cuero de alta calidad, es el complemento perfecto para el estilo urbano. Tiene una funci\u00f3n innovadora de transformarse de un bolso de mano en una mochila, lo que lo hace extremadamente pr\u00e1ctico. Gracias a ello, podr\u00e1s llevarlo de diferentes maneras, adapt\u00e1ndolo a tus necesidades y preferencias. Esta mochila \u00fanica es muy espaciosa. Gracias a ello, cabr\u00e1 todo lo que necesites durante el d\u00eda. Ha sido cuidadosamente dise\u00f1ado pensando en la comodidad y la funcionalidad,<span class=\"Apple-converted-space\">\u00a0 <\/span>El interior de la bolsa est\u00e1 rematado con un forro. Capacidad para formato A4. En el interior tiene un bolsillo abiertos y uno cubierto con cremallera.<\/p>\n<p style=\"text-align: left;\">El bolso mochila de la colecci\u00f3n IBAGS BELTS Est\u00e1 fabricado en piel natural de primera calidad, suavizada, lo que garantiza durabilidad y durabilidad del producto durante mucho tiempo. El cuero utilizado para la producci\u00f3n es resistente a las cargas. Tiene un hermoso aspecto de cuero natural que, con el tiempo, a\u00f1adir\u00e1 a\u00fan m\u00e1s encanto al bolso. El bolso estaba realizado en piel blanca, y tras su costura fue te\u00f1ido y suavizado en su totalidad junto con herrajes y cierres utilizando las \u00faltimas t\u00e9cnicas de curtidur\u00eda. Como resultado, se crean art\u00edculos de la m\u00e1s alta calidad. Gracias a la acumulaci\u00f3n de varios procesos a la vez, es posible reducir al m\u00ednimo el consumo de agua y energ\u00eda. De acuerdo con los principios de producci\u00f3n sostenible.<\/p>\n<p style=\"text-align: left;\">Cuero italiano vintage lavado suave. Piel lavada. Medidas: 38 cm largo x 11 cm x 38 cm alto.<\/p>\n<p style=\"text-align: left;\"><strong>Aviso importante<\/strong><\/p>\n<p style=\"text-align: left;\">Todos nuestros productos de cuero est\u00e1n hechos a mano y su nueva bolsa de cuero puede estar sujeta a una variaci\u00f3n natural en tama\u00f1o y color.<br \/>\nPara los tama\u00f1os, permita 1-2 cm difiere debido a la medida manual.<br \/>\nLas im\u00e1genes son 100% reales.<br \/>\nDebido al monitor del ordenador y el brillo real de la toma y otras razones, habr\u00e1 una cierta diferencia de color.<\/p>\n<!-- AddThis Advanced Settings generic via filter on the_content --><!-- AddThis Share Buttons generic via filter on the_content -->","protected":false},"excerpt":{"rendered":"<p>El bolso mochila de cuero es una combinaci\u00f3n perfecta de elegancia y funcionalidad. Hecho en cuero de alta calidad, es el complemento perfecto para el estilo urbano.<\/p>\n<p>Tiene una funci\u00f3n innovadora de transformarse de un bolso de mano en una mochila, lo que lo hace extremadamente pr\u00e1ctico. Gracias a ello, podr\u00e1s llevarlo de diferentes maneras, adapt\u00e1ndolo a tus necesidades y preferencias. Esta mochila \u00fanica es muy espaciosa. Gracias a ello, cabr\u00e1 todo lo que necesites durante el d\u00eda. Ha sido cuidadosamente dise\u00f1ado pensando en la comodidad y la funcionalidad,<span class=\"Apple-converted-space\">\u00a0 <\/span>El interior de la bolsa est\u00e1 rematado con un forro. Capacidad para formato A4. En el interior tiene un bolsillo abiertos y uno cubierto con cremallera.<\/p>\n<div class=\"woocommerce-product-details__short-description\">\n<p>Cuero italiano vintage lavado suave. Piel lavada.<\/p>\n<p>Medidas: 38 cm largo x 11 cm x 38 cm alto.<\/p>\n<div class=\"woocommerce-product-details__short-description\">\n<h5><strong>\u00bfAlguna duda? Ponte en contacto con nosotros a trav\u00e9s del bot\u00f3n del chat directo por whatsApp y te resolveremos las dudas al instante!<\/strong><\/h5>\n<\/div>\n<\/div>\n<p><!-- AddThis Advanced Settings generic via filter on get_the_excerpt --><!-- AddThis Share Buttons generic via filter on get_the_excerpt --><\/p>\n","protected":false},"featured_media":35861,"comment_status":"open","ping_status":"closed","template":"","meta":{"om_disable_all_campaigns":false,"_monsterinsights_skip_tracking":false,"_monsterinsights_sitenote_active":false,"_monsterinsights_sitenote_note":"","_monsterinsights_sitenote_category":0,"_uf_show_specific_survey":0,"_uf_disable_surveys":false},"product_brand":[1217],"product_cat":[1035,40,1306,400],"product_tag":[1020,299,305,315,268,313,255,823,1036,727,302,743,746,275,310,325,1102,1038],"class_list":{"0":"post-35857","1":"product","2":"type-product","3":"status-publish","4":"has-post-thumbnail","6":"product_brand-ibags-belts","7":"product_cat-bolso-de-cuero-italiano","8":"product_cat-bolsos-de-hombro","9":"product_cat-bolsos-saco-hobo","10":"product_cat-mochilas-medianas","11":"product_tag-bolso-boho","12":"product_tag-bolso-cuero","13":"product_tag-bolso-cuero-artesanal","14":"product_tag-bolso-cuero-artesano","15":"product_tag-bolso-cuero-boho-bolso-cuero-con-tachuelas-bolsos-cuero-caballero-bolso-cuero-de-hombre-bolso-cuero-de-viaje-bolso-cuero-de-vaca-bolso-de-cuero-artesanal-bolso-de-cuero","16":"product_tag-bolso-cuero-hecho-a-mano","17":"product_tag-bolso-cuero-mujer","18":"product_tag-bolso-piel","19":"product_tag-bolso-piel-italiano","20":"product_tag-bolsos-bandoleras-cuero","21":"product_tag-bolsos-de-cuero","22":"product_tag-estilo-boho","23":"product_tag-estilo-hippiechic","24":"product_tag-mochila-de-cuero-para-hombre-bolso-de-cuero-para-mujer-bolso-de-cuero-hecho-a-mano-bolso-cuero-grabado-bolso-cuero-hombre-artesanal-bolso-cuero-hecho-a-mano-bolsos-cuero-y-kilim","25":"product_tag-mochila-cuero","26":"product_tag-mochilas","27":"product_tag-piel","28":"product_tag-piel-lavada","30":"first","31":"outofstock","32":"shipping-taxable","33":"purchasable","34":"product-type-simple","35":"add-to-wishlist-after_add_to_cart","36":"layout-style-1","37":"col-md-4 col-sm-4 col-xs-6","38":"col-lg-3","39":"product-has-gallery","40":"product-style-default"},"aioseo_notices":[],"_links":{"self":[{"href":"https:\/\/www.ibagsbelts.com\/tienda\/wp-json\/wp\/v2\/product\/35857","targetHints":{"allow":["GET"]}}],"collection":[{"href":"https:\/\/www.ibagsbelts.com\/tienda\/wp-json\/wp\/v2\/product"}],"about":[{"href":"https:\/\/www.ibagsbelts.com\/tienda\/wp-json\/wp\/v2\/types\/product"}],"replies":[{"embeddable":true,"href":"https:\/\/www.ibagsbelts.com\/tienda\/wp-json\/wp\/v2\/comments?post=35857"}],"wp:featuredmedia":[{"embeddable":true,"href":"https:\/\/www.ibagsbelts.com\/tienda\/wp-json\/wp\/v2\/media\/35861"}],"wp:attachment":[{"href":"https:\/\/www.ibagsbelts.com\/tienda\/wp-json\/wp\/v2\/media?parent=35857"}],"wp:term":[{"taxonomy":"product_brand","embeddable":true,"href":"https:\/\/www.ibagsbelts.com\/tienda\/wp-json\/wp\/v2\/product_brand?post=35857"},{"taxonomy":"product_cat","embeddable":true,"href":"https:\/\/www.ibagsbelts.com\/tienda\/wp-json\/wp\/v2\/product_cat?post=35857"},{"taxonomy":"product_tag","embeddable":true,"href":"https:\/\/www.ibagsbelts.com\/tienda\/wp-json\/wp\/v2\/product_tag?post=35857"}],"curies":[{"name":"wp","href":"https:\/\/api.w.org\/{rel}","templated":true}]}}