{"id":35879,"date":"2025-07-18T12:27:35","date_gmt":"2025-07-18T10:27:35","guid":{"rendered":"https:\/\/www.ibagsbelts.com\/tienda\/?post_type=product&#038;p=35879"},"modified":"2026-03-08T22:45:26","modified_gmt":"2026-03-08T21:45:26","slug":"cinturon-marron-de-cuero-trenzado-con-hebilla-leopardo","status":"publish","type":"product","link":"https:\/\/www.ibagsbelts.com\/tienda\/producto\/cinturon-marron-de-cuero-trenzado-con-hebilla-leopardo\/","title":{"rendered":"Cintur\u00f3n marr\u00f3n de cuero trenzado con hebilla leopardo"},"content":{"rendered":"<p style=\"text-align: left;\">Experimenta el encanto del estilo con nuestra Correa de Cuero Trenzado Artesanal, una fusi\u00f3n de elegancia y durabilidad.<\/p>\n<p style=\"text-align: left;\"><strong>Detalles Distintivos:<\/strong><\/p>\n<ul style=\"text-align: left;\">\n<li><strong>Cuero Trenzado Artesanal:<\/strong> Cada hilo de esta correa es cuidadosamente trenzado a mano, creando una textura \u00fanica que refleja autenticidad.<\/li>\n<li><strong>Hebilla Animal Print Leopardo:<\/strong> La hebilla es el acento audaz, con un estampado de leopardo que agrega un toque salvaje y elegante.<\/li>\n<li><strong>Base de Aleaci\u00f3n de Metal:<\/strong> La resistente base met\u00e1lica asegura durabilidad y estabilidad, mientras que su forma redonda aporta simplicidad y versatilidad.<\/li>\n<li><strong>Uso Diario sin Problemas:<\/strong> Dise\u00f1ado para ser llevado c\u00f3modamente en la cintura o cadera, es perfecto para el uso diario y se adapta a cualquier ocasi\u00f3n.<\/li>\n<li><strong>Combina con Todo:<\/strong> Su dise\u00f1o vers\u00e1til hace que esta correa sea f\u00e1cil de combinar con una variedad de conjuntos, elevando tu estilo en cualquier momento.<\/li>\n<\/ul>\n<p style=\"text-align: left;\"><strong>Dimensiones Perfectas:<\/strong><\/p>\n<ul style=\"text-align: left;\">\n<li><strong>Largo Ajustable:<\/strong> Con longitudes que var\u00edan entre 90 y 115 cm, puedes ajustarlo para lograr el ajuste perfecto.<\/li>\n<li><strong>Ancho Distintivo:<\/strong> Con un ancho de 6 cm, esta correa es una declaraci\u00f3n de moda que resalta tu estilo \u00fanico.<\/li>\n<\/ul>\n<p style=\"text-align: left;\">Descubre la fusi\u00f3n perfecta de artesan\u00eda y moda con esta correa que a\u00f1adir\u00e1 un toque de sofisticaci\u00f3n a cada paso.<\/p>\n<p style=\"text-align: left;\"><strong>Aviso importante<\/strong><\/p>\n<p style=\"text-align: left;\">Todos nuestros productos de cuero puede estar sujeta a una variaci\u00f3n natural en tama\u00f1o y color.<\/p>\n<p style=\"text-align: left;\">Las pieles utilizadas han sido procesadas y curtidas en una de las curtidoras m\u00e1s antiguas utilizando t\u00e9cnicas centenarias para dar al cuero acabado un aspecto antiguo \/ vintage.<br \/>\nPara los tama\u00f1os, permita 1-2 cm diferencia debido a la medida manual.<br \/>\nLas im\u00e1genes son 100% reales.<br \/>\nDebido al monitor del ordenador y el brillo real de la toma y otras razones, habr\u00e1 una cierta diferencia de color.<\/p>\n<!-- AddThis Advanced Settings generic via filter on the_content --><!-- AddThis Share Buttons generic via filter on the_content -->","protected":false},"excerpt":{"rendered":"<h2>La correa es de cuero trenzado a mano.<\/h2>\n<p>Hebilla animal print Leopardo y base de aleaci\u00f3n de metal, el cintur\u00f3n es fuerte y durable.\u00a0Su forma\u00a0 redonda es elegante, simple y vers\u00e1til.\u00a0Puedes llevarlo todos los d\u00edas sin ning\u00fan problema y la podr\u00e1s llevar c\u00f3modamente en la cintura o cadera. Esta correa de cuero combinar\u00e1 con todos tus looks.<\/p>\n<p>Dimensiones: Largo entre 90 y 115 cm, Ancho\u00a0 6 cm.<\/p>\n<h5><strong>\u00bfAlguna duda? Ponte en contacto con nosotros a trav\u00e9s del bot\u00f3n del chat directo por whatsApp y te resolveremos las dudas al instante!<\/strong><\/h5>\n<p><!-- AddThis Advanced Settings generic via filter on get_the_excerpt --><!-- AddThis Share Buttons generic via filter on get_the_excerpt --><\/p>\n","protected":false},"featured_media":35880,"comment_status":"open","ping_status":"closed","template":"","meta":{"om_disable_all_campaigns":false,"_monsterinsights_skip_tracking":false,"_monsterinsights_sitenote_active":false,"_monsterinsights_sitenote_note":"","_monsterinsights_sitenote_category":0,"_uf_show_specific_survey":0,"_uf_disable_surveys":false},"product_brand":[1217],"product_cat":[396,951],"product_tag":[1135,1026,1096,1087,290,332,341,264,333,1089,31,753,1088,743,1048],"class_list":{"0":"post-35879","1":"product","2":"type-product","3":"status-publish","4":"has-post-thumbnail","6":"product_brand-ibags-belts","7":"product_cat-trenzados-cinturon","8":"product_cat-fajin","9":"product_tag-accesorios-y-complementos","10":"product_tag-animal-print","11":"product_tag-artesania","12":"product_tag-cinto","13":"product_tag-cinturon","14":"product_tag-cinturon-cuero","15":"product_tag-cinturon-cuero-boho-chic","16":"product_tag-cinturon-cuero-de-vaca-cuero-de-cuero-cinturon-de-cuero-chapa","17":"product_tag-cinturon-cuero-vaca","18":"product_tag-cinturon-piel","19":"product_tag-cinturon-trenzado-de-cuero","20":"product_tag-complementos-de-cuero","21":"product_tag-correa","22":"product_tag-estilo-boho","23":"product_tag-trenzado","25":"first","26":"instock","27":"shipping-taxable","28":"purchasable","29":"product-type-simple","30":"add-to-wishlist-after_add_to_cart","31":"layout-style-1","32":"col-md-4 col-sm-4 col-xs-6","33":"col-lg-3","34":"product-has-gallery","35":"product-style-default"},"aioseo_notices":[],"_links":{"self":[{"href":"https:\/\/www.ibagsbelts.com\/tienda\/wp-json\/wp\/v2\/product\/35879","targetHints":{"allow":["GET"]}}],"collection":[{"href":"https:\/\/www.ibagsbelts.com\/tienda\/wp-json\/wp\/v2\/product"}],"about":[{"href":"https:\/\/www.ibagsbelts.com\/tienda\/wp-json\/wp\/v2\/types\/product"}],"replies":[{"embeddable":true,"href":"https:\/\/www.ibagsbelts.com\/tienda\/wp-json\/wp\/v2\/comments?post=35879"}],"wp:featuredmedia":[{"embeddable":true,"href":"https:\/\/www.ibagsbelts.com\/tienda\/wp-json\/wp\/v2\/media\/35880"}],"wp:attachment":[{"href":"https:\/\/www.ibagsbelts.com\/tienda\/wp-json\/wp\/v2\/media?parent=35879"}],"wp:term":[{"taxonomy":"product_brand","embeddable":true,"href":"https:\/\/www.ibagsbelts.com\/tienda\/wp-json\/wp\/v2\/product_brand?post=35879"},{"taxonomy":"product_cat","embeddable":true,"href":"https:\/\/www.ibagsbelts.com\/tienda\/wp-json\/wp\/v2\/product_cat?post=35879"},{"taxonomy":"product_tag","embeddable":true,"href":"https:\/\/www.ibagsbelts.com\/tienda\/wp-json\/wp\/v2\/product_tag?post=35879"}],"curies":[{"name":"wp","href":"https:\/\/api.w.org\/{rel}","templated":true}]}}