{"id":35899,"date":"2025-07-20T20:08:43","date_gmt":"2025-07-20T18:08:43","guid":{"rendered":"https:\/\/www.ibagsbelts.com\/tienda\/?post_type=product&#038;p=35899"},"modified":"2026-03-08T22:44:24","modified_gmt":"2026-03-08T21:44:24","slug":"llavero-de-cuero-personalizado","status":"publish","type":"product","link":"https:\/\/www.ibagsbelts.com\/tienda\/producto\/llavero-de-cuero-personalizado\/","title":{"rendered":"Llavero de cuero personalizado"},"content":{"rendered":"<p style=\"text-align: left;\"><strong>Elegancia y Estilo en Cada Detalle<\/strong><\/p>\n<p class=\"p1\" style=\"text-align: left;\">Este llavero artesanal est\u00e1 fabricado en cuero genuino de alta calidad con costuras visibles que le aportan un acabado cl\u00e1sico y duradero. Su dise\u00f1o en forma de lazo le da un toque moderno y funcional, ideal para llevar tus llaves con estilo.<\/p>\n<p class=\"p1\" style=\"text-align: left;\">El remate met\u00e1lico en acabado pulido aporta resistencia y sofisticaci\u00f3n, mientras que la opci\u00f3n de personalizaci\u00f3n con iniciales lo convierte en un regalo perfecto y \u00fanico. Ya sea para uso diario o como detalle especial, este llavero es la combinaci\u00f3n ideal entre utilidad y buen gusto.<\/p>\n<p class=\"p1\" style=\"text-align: left;\"><b>Caracter\u00edsticas:<\/b><\/p>\n<p class=\"p1\" style=\"text-align: left;\">\u2022Material: Cuero genuino con interior de textura natural<\/p>\n<p class=\"p1\" style=\"text-align: left;\">\u2022Herraje met\u00e1lico resistente en tono plateado<\/p>\n<p class=\"p1\" style=\"text-align: left;\">\u2022Costura decorativa blanca a contraste<\/p>\n<p class=\"p1\" style=\"text-align: left;\">\u2022Personalizable con iniciales<\/p>\n<p class=\"p1\" style=\"text-align: left;\">\u2022Tama\u00f1o c\u00f3modo y pr\u00e1ctico para el bolsillo o bolso<\/p>\n<p class=\"p3\" style=\"text-align: left;\">Perfecto para regalar o darte un capricho. \u00a1Un peque\u00f1o detalle que marca la diferencia!<\/p>\n<p style=\"text-align: left;\"><strong>Aviso importante<\/strong><\/p>\n<p style=\"text-align: left;\">Todos nuestros productos de cuero est\u00e1n hechos a mano y su nuevo articulo de cuero puede estar sujeta a una variaci\u00f3n natural en tama\u00f1o y color.<br \/>\nLas im\u00e1genes son 100% reales.<br \/>\nDebido al monitor del ordenador y el brillo real de la toma y otras razones, habr\u00e1 una cierta diferencia de color.<\/p>\n<!-- AddThis Advanced Settings generic via filter on the_content --><!-- AddThis Share Buttons generic via filter on the_content -->","protected":false},"excerpt":{"rendered":"<p class=\"p1\" style=\"text-align: left;\">Este llavero artesanal est\u00e1 fabricado en cuero genuino de alta calidad con costuras visibles que le aportan un acabado cl\u00e1sico y duradero. Su dise\u00f1o en forma de lazo le da un toque moderno y funcional, ideal para llevar tus llaves con estilo.<\/p>\n<p class=\"p1\" style=\"text-align: left;\">El remate met\u00e1lico en acabado pulido aporta resistencia y sofisticaci\u00f3n, mientras que la opci\u00f3n de personalizaci\u00f3n con iniciales lo convierte en un regalo perfecto y \u00fanico. Ya sea para uso diario o como detalle especial, este llavero es la combinaci\u00f3n ideal entre utilidad y buen gusto.<\/p>\n<p class=\"p3\" style=\"text-align: left;\">Perfecto para regalar o darte un capricho. \u00a1Un peque\u00f1o detalle que marca la diferencia!<\/p>\n<p style=\"text-align: left;\">Si alguna inicial no sale disponible, escr\u00edbenos y te lo encargamos bajo pedido.<\/p>\n<div class=\"woocommerce-product-details__short-description\">\n<h5 style=\"text-align: center;\"><strong>\u00bfAlguna duda? Ponte en contacto con nosotros a trav\u00e9s del bot\u00f3n del chat directo por whatsApp y te resolveremos las dudas al instante!<\/strong><\/h5>\n<\/div>\n<p><!-- AddThis Advanced Settings generic via filter on get_the_excerpt --><!-- AddThis Share Buttons generic via filter on get_the_excerpt --><\/p>\n","protected":false},"featured_media":35926,"comment_status":"open","ping_status":"closed","template":"","meta":{"om_disable_all_campaigns":false,"_monsterinsights_skip_tracking":false,"_monsterinsights_sitenote_active":false,"_monsterinsights_sitenote_note":"","_monsterinsights_sitenote_category":0,"_uf_show_specific_survey":0,"_uf_disable_surveys":false},"product_brand":[1217],"product_cat":[1304],"product_tag":[1135,1096,753,1072,1195],"class_list":{"0":"post-35899","1":"product","2":"type-product","3":"status-publish","4":"has-post-thumbnail","6":"product_brand-ibags-belts","7":"product_cat-llaveros","8":"product_tag-accesorios-y-complementos","9":"product_tag-artesania","10":"product_tag-complementos-de-cuero","11":"product_tag-cuero","12":"product_tag-llavero","14":"first","15":"instock","16":"shipping-taxable","17":"purchasable","18":"product-type-variable","19":"add-to-wishlist-after_add_to_cart","20":"layout-style-1","21":"col-md-4 col-sm-4 col-xs-6","22":"col-lg-3","23":"product-has-gallery","24":"product-style-default"},"aioseo_notices":[],"_links":{"self":[{"href":"https:\/\/www.ibagsbelts.com\/tienda\/wp-json\/wp\/v2\/product\/35899","targetHints":{"allow":["GET"]}}],"collection":[{"href":"https:\/\/www.ibagsbelts.com\/tienda\/wp-json\/wp\/v2\/product"}],"about":[{"href":"https:\/\/www.ibagsbelts.com\/tienda\/wp-json\/wp\/v2\/types\/product"}],"replies":[{"embeddable":true,"href":"https:\/\/www.ibagsbelts.com\/tienda\/wp-json\/wp\/v2\/comments?post=35899"}],"wp:featuredmedia":[{"embeddable":true,"href":"https:\/\/www.ibagsbelts.com\/tienda\/wp-json\/wp\/v2\/media\/35926"}],"wp:attachment":[{"href":"https:\/\/www.ibagsbelts.com\/tienda\/wp-json\/wp\/v2\/media?parent=35899"}],"wp:term":[{"taxonomy":"product_brand","embeddable":true,"href":"https:\/\/www.ibagsbelts.com\/tienda\/wp-json\/wp\/v2\/product_brand?post=35899"},{"taxonomy":"product_cat","embeddable":true,"href":"https:\/\/www.ibagsbelts.com\/tienda\/wp-json\/wp\/v2\/product_cat?post=35899"},{"taxonomy":"product_tag","embeddable":true,"href":"https:\/\/www.ibagsbelts.com\/tienda\/wp-json\/wp\/v2\/product_tag?post=35899"}],"curies":[{"name":"wp","href":"https:\/\/api.w.org\/{rel}","templated":true}]}}