{"id":35979,"date":"2025-07-22T23:41:22","date_gmt":"2025-07-22T21:41:22","guid":{"rendered":"https:\/\/www.ibagsbelts.com\/tienda\/?post_type=product&#038;p=35979"},"modified":"2026-03-08T22:40:10","modified_gmt":"2026-03-08T21:40:10","slug":"set-de-neceseres-estampado-tie-die","status":"publish","type":"product","link":"https:\/\/www.ibagsbelts.com\/tienda\/producto\/set-de-neceseres-estampado-tie-die\/","title":{"rendered":"Set de neceseres estampado tie die"},"content":{"rendered":"<p class=\"p1\" style=\"text-align: left;\"><b>Set de Neceseres Estampado Tie Die<\/b><\/p>\n<p class=\"p1\" style=\"text-align: left;\">Este set de neceseres es perfecto para quienes buscan organizaci\u00f3n con estilo. Confeccionados en tela acolchada de alta calidad, destacan por su original estampado <strong>TIE DIE<\/strong>, que aporta un toque ex\u00f3tico y sofisticado.<\/p>\n<p class=\"p1\" style=\"text-align: left;\">Cada neceser incluye cierre con cremallera y detalle de borla decorativa, ideal para guardar maquillaje, productos de higiene o accesorios personales. Su dise\u00f1o ligero y funcional los convierte en el compa\u00f1ero ideal para viajes o el d\u00eda a d\u00eda.<\/p>\n<p class=\"p1\" style=\"text-align: left;\"><b>Caracter\u00edsticas:<\/b><\/p>\n<p class=\"p1\" style=\"text-align: left;\">\u2022Set de 3 tama\u00f1os diferentes<\/p>\n<p style=\"text-align: left;\"><strong>Peque\u00f1o<\/strong>: 7 cm X 21 cm, <strong>Mediano<\/strong>: 21cm X 11cm X 8cm, <strong>Grande<\/strong>: 25cm\u00a0 X 12,50cm X 10cm<\/p>\n<p class=\"p1\" style=\"text-align: left;\">\u2022Tela acolchada suave y resistente<\/p>\n<p class=\"p1\" style=\"text-align: left;\">\u2022Estampado exclusivo de Tie Die<\/p>\n<p class=\"p1\" style=\"text-align: left;\">\u2022Cierre de cremallera con borla decorativa<\/p>\n<p class=\"p1\" style=\"text-align: left;\">\u2022Interior forrado<\/p>\n<p class=\"p1\" style=\"text-align: left;\">\u2022Lavable y duradero<\/p>\n<p class=\"p3\" style=\"text-align: left;\">\u00a1Haz que tu rutina tenga un toque chic!<\/p>\n<!-- AddThis Advanced Settings generic via filter on the_content --><!-- AddThis Share Buttons generic via filter on the_content -->","protected":false},"excerpt":{"rendered":"<p class=\"p1\" style=\"text-align: left;\">Este set de neceseres es perfecto para quienes buscan organizaci\u00f3n con estilo. Confeccionados en tela acolchada de alta calidad, destacan por su original estampado de Tia die aporta un toque ex\u00f3tico y sofisticado.<\/p>\n<p class=\"p1\" style=\"text-align: left;\">Cada neceser incluye cierre con cremallera y detalle de borla decorativa, ideal para guardar maquillaje, productos de higiene o accesorios personales. Su dise\u00f1o ligero y funcional los convierte en el compa\u00f1ero ideal para viajes o el d\u00eda a d\u00eda.<\/p>\n<p class=\"p1\" style=\"text-align: left;\">\u2022Set de 3 tama\u00f1os diferentes<\/p>\n<p style=\"text-align: left;\"><strong>Peque\u00f1o<\/strong>: 7 cm X 21 cm, <strong>Mediano<\/strong>: 21cm X 11cm X 8cm, <strong>Grande<\/strong>: 25cm\u00a0 X 12,50cm X 10cm<\/p>\n<p class=\"p1\" style=\"text-align: left;\">Tela acolchada suave y resistente. Estampado exclusivo de Tie Die. Cierre de cremallera con borla decorativa. Interior forrado, Lavable y duradero<\/p>\n<p class=\"p3\" style=\"text-align: left;\">\u00a1Haz que tu rutina tenga un toque chic!<\/p>\n<p><!-- AddThis Advanced Settings generic via filter on get_the_excerpt --><!-- AddThis Share Buttons generic via filter on get_the_excerpt --><\/p>\n","protected":false},"featured_media":35981,"comment_status":"open","ping_status":"closed","template":"","meta":{"om_disable_all_campaigns":false,"_monsterinsights_skip_tracking":false,"_monsterinsights_sitenote_active":false,"_monsterinsights_sitenote_note":"","_monsterinsights_sitenote_category":0,"_uf_show_specific_survey":0,"_uf_disable_surveys":false},"product_brand":[1217],"product_cat":[1305],"product_tag":[1135,1096,1020,743,744,745,746,1227,738,1112,1228,742],"class_list":{"0":"post-35979","1":"product","2":"type-product","3":"status-publish","4":"has-post-thumbnail","6":"product_brand-ibags-belts","7":"product_cat-estuches","8":"product_tag-accesorios-y-complementos","9":"product_tag-artesania","10":"product_tag-bolso-boho","11":"product_tag-estilo-boho","12":"product_tag-estilo-bohochic","13":"product_tag-estilo-hippie","14":"product_tag-estilo-hippiechic","15":"product_tag-estuche","16":"product_tag-hippie","17":"product_tag-neceser","18":"product_tag-tie-die","19":"product_tag-tiendaonline","21":"first","22":"instock","23":"shipping-taxable","24":"purchasable","25":"product-type-simple","26":"add-to-wishlist-after_add_to_cart","27":"layout-style-1","28":"col-md-4 col-sm-4 col-xs-6","29":"col-lg-3","30":"product-has-gallery","31":"product-style-default"},"aioseo_notices":[],"_links":{"self":[{"href":"https:\/\/www.ibagsbelts.com\/tienda\/wp-json\/wp\/v2\/product\/35979","targetHints":{"allow":["GET"]}}],"collection":[{"href":"https:\/\/www.ibagsbelts.com\/tienda\/wp-json\/wp\/v2\/product"}],"about":[{"href":"https:\/\/www.ibagsbelts.com\/tienda\/wp-json\/wp\/v2\/types\/product"}],"replies":[{"embeddable":true,"href":"https:\/\/www.ibagsbelts.com\/tienda\/wp-json\/wp\/v2\/comments?post=35979"}],"wp:featuredmedia":[{"embeddable":true,"href":"https:\/\/www.ibagsbelts.com\/tienda\/wp-json\/wp\/v2\/media\/35981"}],"wp:attachment":[{"href":"https:\/\/www.ibagsbelts.com\/tienda\/wp-json\/wp\/v2\/media?parent=35979"}],"wp:term":[{"taxonomy":"product_brand","embeddable":true,"href":"https:\/\/www.ibagsbelts.com\/tienda\/wp-json\/wp\/v2\/product_brand?post=35979"},{"taxonomy":"product_cat","embeddable":true,"href":"https:\/\/www.ibagsbelts.com\/tienda\/wp-json\/wp\/v2\/product_cat?post=35979"},{"taxonomy":"product_tag","embeddable":true,"href":"https:\/\/www.ibagsbelts.com\/tienda\/wp-json\/wp\/v2\/product_tag?post=35979"}],"curies":[{"name":"wp","href":"https:\/\/api.w.org\/{rel}","templated":true}]}}