{"id":36030,"date":"2025-07-23T02:49:59","date_gmt":"2025-07-23T00:49:59","guid":{"rendered":"https:\/\/www.ibagsbelts.com\/tienda\/?post_type=product&#038;p=36030"},"modified":"2026-03-15T21:40:39","modified_gmt":"2026-03-15T20:40:39","slug":"foulards-lisos-con-flecos-estilo-y-versatilidad-todo-el-ano","status":"publish","type":"product","link":"https:\/\/www.ibagsbelts.com\/tienda\/producto\/foulards-lisos-con-flecos-estilo-y-versatilidad-todo-el-ano\/","title":{"rendered":"Foulards lisos con flecos Estilo y versatilidad todo el a\u00f1o"},"content":{"rendered":"<p class=\"p1\">Ests foulards finos de tacto suave y acabado arrugado es el complemento ideal para dar un toque \u00fanico a cualquier look. Con un dise\u00f1o liso, flecos en los cuatro lados y efecto crinkle, se adapta f\u00e1cilmente a cualquier estilo gracias a su tejido ligero, manejable y agradable al tacto.<\/p>\n<p class=\"p1\">Puedes llevarlo de m\u00faltiples formas: alrededor del cuello, como chal o incluso como accesorio para la cabeza o bolso. Su estilo \u00e9tnico y casual lo hace perfecto tanto para \u00e9l como para ella, durante todo el a\u00f1o.<\/p>\n<p class=\"p1\"><b>Caracter\u00edsticas:<\/b><\/p>\n<p class=\"p1\">\u2022Medidas: 182 cm x 84 cm<\/p>\n<p class=\"p1\">\u2022Composici\u00f3n: 50% viscosa, 50% algod\u00f3n<\/p>\n<p class=\"p1\">\u2022Tacto muy suave y acabado arrugado<\/p>\n<p class=\"p1\">\u2022Cuatro lados con flecos<\/p>\n<p class=\"p1\">\u2022Unisex y multiestacional<\/p>\n<p class=\"p1\">\u2022Disponible en colores lisos<\/p>\n<p class=\"p3\">Un b\u00e1sico que transforma cualquier outfit con solo a\u00f1adirlo.<\/p>\n<!-- AddThis Advanced Settings generic via filter on the_content --><!-- AddThis Share Buttons generic via filter on the_content -->","protected":false},"excerpt":{"rendered":"<p class=\"p1\" style=\"text-align: left;\">Ests foulards finos de tacto suave y acabado arrugado es el complemento ideal para dar un toque \u00fanico a cualquier look. Con un dise\u00f1o liso, flecos en los cuatro lados y efecto crinkle, se adapta f\u00e1cilmente a cualquier estilo gracias a su tejido ligero, manejable y agradable al tacto.<\/p>\n<p class=\"p1\" style=\"text-align: left;\">Puedes llevarlo de m\u00faltiples formas: alrededor del cuello, como chal o incluso como accesorio para la cabeza o bolso. Su estilo \u00e9tnico y casual lo hace perfecto tanto para \u00e9l como para ella, durante todo el a\u00f1o.<\/p>\n<p class=\"p1\" style=\"text-align: left;\">\u2022Medidas: 170 cm x 70 cm<\/p>\n<p class=\"p1\" style=\"text-align: left;\">\u2022Composici\u00f3n: 50% viscosa, 50% algod\u00f3n<\/p>\n<p class=\"p1\" style=\"text-align: left;\">Un b\u00e1sico que transforma cualquier outfit con solo a\u00f1adirlo.<\/p>\n<h5 style=\"text-align: center;\"><a href=\"https:\/\/bit.ly\/TE-AYUDO\"><b>\u00bfAlguna duda? Ponte en contacto con nosotros a trav\u00e9s del bot\u00f3n del chat directo por WhatsApp y te resolveremos las dudas al instante<\/b><\/a><b>!<\/b><\/h5>\n<p>&nbsp;<!-- AddThis Advanced Settings generic via filter on get_the_excerpt --><!-- AddThis Share Buttons generic via filter on get_the_excerpt --><\/p>\n","protected":false},"featured_media":36074,"comment_status":"open","ping_status":"closed","template":"","meta":{"om_disable_all_campaigns":false,"_monsterinsights_skip_tracking":false,"_monsterinsights_sitenote_active":false,"_monsterinsights_sitenote_note":"","_monsterinsights_sitenote_category":0,"_uf_show_specific_survey":0,"_uf_disable_surveys":false},"product_brand":[1217],"product_cat":[960],"product_tag":[1135,1245,1096,743,744,745,746,1243,1244,738,1246],"class_list":{"0":"post-36030","1":"product","2":"type-product","3":"status-publish","4":"has-post-thumbnail","6":"product_brand-ibags-belts","7":"product_cat-fulares-panuelos","8":"product_tag-accesorios-y-complementos","9":"product_tag-algodon","10":"product_tag-artesania","11":"product_tag-estilo-boho","12":"product_tag-estilo-bohochic","13":"product_tag-estilo-hippie","14":"product_tag-estilo-hippiechic","15":"product_tag-foulard","16":"product_tag-foulards","17":"product_tag-hippie","18":"product_tag-panuelos","20":"first","21":"instock","22":"shipping-taxable","23":"purchasable","24":"product-type-variable","25":"add-to-wishlist-after_add_to_cart","26":"layout-style-1","27":"col-md-4 col-sm-4 col-xs-6","28":"col-lg-3","29":"product-has-gallery","30":"product-style-default"},"aioseo_notices":[],"_links":{"self":[{"href":"https:\/\/www.ibagsbelts.com\/tienda\/wp-json\/wp\/v2\/product\/36030","targetHints":{"allow":["GET"]}}],"collection":[{"href":"https:\/\/www.ibagsbelts.com\/tienda\/wp-json\/wp\/v2\/product"}],"about":[{"href":"https:\/\/www.ibagsbelts.com\/tienda\/wp-json\/wp\/v2\/types\/product"}],"replies":[{"embeddable":true,"href":"https:\/\/www.ibagsbelts.com\/tienda\/wp-json\/wp\/v2\/comments?post=36030"}],"wp:featuredmedia":[{"embeddable":true,"href":"https:\/\/www.ibagsbelts.com\/tienda\/wp-json\/wp\/v2\/media\/36074"}],"wp:attachment":[{"href":"https:\/\/www.ibagsbelts.com\/tienda\/wp-json\/wp\/v2\/media?parent=36030"}],"wp:term":[{"taxonomy":"product_brand","embeddable":true,"href":"https:\/\/www.ibagsbelts.com\/tienda\/wp-json\/wp\/v2\/product_brand?post=36030"},{"taxonomy":"product_cat","embeddable":true,"href":"https:\/\/www.ibagsbelts.com\/tienda\/wp-json\/wp\/v2\/product_cat?post=36030"},{"taxonomy":"product_tag","embeddable":true,"href":"https:\/\/www.ibagsbelts.com\/tienda\/wp-json\/wp\/v2\/product_tag?post=36030"}],"curies":[{"name":"wp","href":"https:\/\/api.w.org\/{rel}","templated":true}]}}