{"id":36208,"date":"2025-07-27T12:33:20","date_gmt":"2025-07-27T10:33:20","guid":{"rendered":"https:\/\/www.ibagsbelts.com\/tienda\/?post_type=product&#038;p=36208"},"modified":"2026-03-08T22:25:06","modified_gmt":"2026-03-08T21:25:06","slug":"bolso-de-piel-camel-2-en-1-atemporal-virginia","status":"publish","type":"product","link":"https:\/\/www.ibagsbelts.com\/tienda\/producto\/bolso-de-piel-camel-2-en-1-atemporal-virginia\/","title":{"rendered":"Bolso de piel camel 2 en 1 atemporal Virginia"},"content":{"rendered":"<p class=\"p1\" style=\"text-align: left;\"><b>Sofisticaci\u00f3n y Versatilidad<\/b><\/p>\n<p class=\"p1\" style=\"text-align: left;\">Este elegante bolso en piel camel de grano suave combina dise\u00f1o minimalista con funcionalidad. Su estructura compacta y bien definida esconde un interior inteligente: un pr\u00e1ctico bolsillo extra\u00edble que puedes usar como clutch o bolso de mano independiente.<\/p>\n<p class=\"p1\" style=\"text-align: left;\">Con dos asas superiores y una correa ajustable y extra\u00edble, puedes llevarlo en la mano, al hombro o cruzado seg\u00fan lo necesites.<\/p>\n<p class=\"p1\" style=\"text-align: left;\"><b>Detalles del producto:<\/b><\/p>\n<p class=\"p1\" style=\"text-align: left;\">\u2022Material: Piel de alta calidad<\/p>\n<p class=\"p1\" style=\"text-align: left;\">\u2022Incluye bolsillo interior<\/p>\n<p class=\"p1\" style=\"text-align: left;\">\u2022Herrajes met\u00e1licos dorados<\/p>\n<p class=\"p1\" style=\"text-align: left;\">\u2022Dimensiones: 26 x 22 x 12 cm<\/p>\n<p class=\"p1\" style=\"text-align: left;\">\u2022Incluye correa de cuero extra\u00edble y ajustable (hasta 100 cm), para llevarlo al hombro o cruzado<\/p>\n<p class=\"p3\" style=\"text-align: left;\">Un bolso que destaca por su calidad, estilo y practicidad. Perfecto para el d\u00eda a d\u00eda o para elevar cualquier conjunto con un toque de distinci\u00f3n.<\/p>\n<div class=\"woocommerce-tabs wc-tabs-wrapper\">\n<div id=\"tab-description\" class=\"woocommerce-Tabs-panel woocommerce-Tabs-panel--description panel entry-content wc-tab\" role=\"tabpanel\" aria-labelledby=\"tab-title-description\">\n<div class=\"container\">\n<p style=\"text-align: left;\"><strong>Aviso importante<\/strong><\/p>\n<p style=\"text-align: left;\">Todos nuestros productos de cuero est\u00e1n hechos a mano y su nueva bolsa de cuero puede estar sujeta a una variaci\u00f3n natural en tama\u00f1o y color.<br \/>\nPara los tama\u00f1os, permita 1-2 cm difiere debido a la medida manual.<br \/>\nLas im\u00e1genes son 100% reales.<br \/>\nDebido al monitor del ordenador y el brillo real de la toma y otras razones, habr\u00e1 una cierta diferencia de color.<\/p>\n<\/div>\n<\/div>\n<\/div>\n<!-- AddThis Advanced Settings generic via filter on the_content --><!-- AddThis Share Buttons generic via filter on the_content -->","protected":false},"excerpt":{"rendered":"<p class=\"p1\" style=\"text-align: left;\"><b>Sofisticaci\u00f3n y Versatilidad<\/b><\/p>\n<p class=\"p1\" style=\"text-align: left;\">Este elegante bolso en piel camel de grano suave combina dise\u00f1o minimalista con funcionalidad. Su estructura compacta y bien definida esconde un interior inteligente: un pr\u00e1ctico bolsillo extra\u00edble que puedes usar como clutch o bolso de mano independiente.<\/p>\n<p class=\"p1\" style=\"text-align: left;\">Con dos asas superiores y una correa ajustable y extra\u00edble, puedes llevarlo en la mano, al hombro o cruzado seg\u00fan lo necesites.<\/p>\n<p class=\"p1\" style=\"text-align: left;\"><b>Detalles del producto:<\/b><\/p>\n<p class=\"p1\" style=\"text-align: left;\">\u2022Material: Piel de alta calidad<\/p>\n<p class=\"p1\" style=\"text-align: left;\">\u2022Incluye bolsillo interior<\/p>\n<p class=\"p1\" style=\"text-align: left;\">\u2022Herrajes met\u00e1licos dorados<\/p>\n<p class=\"p1\" style=\"text-align: left;\">\u2022Dimensiones: 26 x 22 x 12 cm<\/p>\n<p class=\"p1\" style=\"text-align: left;\">\u2022Incluye correa de cuero extra\u00edble y ajustable (hasta 100 cm), para llevarlo al hombro o cruzado<\/p>\n<p class=\"p3\" style=\"text-align: left;\">Un bolso que destaca por su calidad, estilo y practicidad. Perfecto para el d\u00eda a d\u00eda o para elevar cualquier conjunto con un toque de distinci\u00f3n.<\/p>\n<h5 style=\"text-align: center;\"><strong>\u00bfAlguna duda? Ponte en contacto con nosotros a trav\u00e9s del bot\u00f3n del chat directo por whatsApp y te resolveremos las dudas al instante!<\/strong><\/h5>\n<p><!-- AddThis Advanced Settings generic via filter on get_the_excerpt --><!-- AddThis Share Buttons generic via filter on get_the_excerpt --><\/p>\n","protected":false},"featured_media":36213,"comment_status":"open","ping_status":"closed","template":"","meta":{"om_disable_all_campaigns":false,"_monsterinsights_skip_tracking":false,"_monsterinsights_sitenote_active":false,"_monsterinsights_sitenote_note":"","_monsterinsights_sitenote_category":0,"_uf_show_specific_survey":0,"_uf_disable_surveys":false},"product_brand":[1217],"product_cat":[240,757],"product_tag":[1135,301,877,266,299,255,823,1036,727,905,753,1102],"class_list":{"0":"post-36208","1":"product","2":"type-product","3":"status-publish","4":"has-post-thumbnail","6":"product_brand-ibags-belts","7":"product_cat-bolsos-bandoleras-de-cuero-artesanal","8":"product_cat-bolso-clutch","9":"product_tag-accesorios-y-complementos","10":"product_tag-bandolera","11":"product_tag-bandoleras","12":"product_tag-bolso-bohemian-bolso-cuero-repujado-bolsos-cuero-retro-bolso-shopper-cuero-bolso-cuero-trenzado-bolso-cuero-troquelado","13":"product_tag-bolso-cuero","14":"product_tag-bolso-cuero-mujer","15":"product_tag-bolso-piel","16":"product_tag-bolso-piel-italiano","17":"product_tag-bolsos-bandoleras-cuero","18":"product_tag-casual","19":"product_tag-complementos-de-cuero","20":"product_tag-piel","22":"first","23":"instock","24":"shipping-taxable","25":"purchasable","26":"product-type-simple","27":"add-to-wishlist-after_add_to_cart","28":"layout-style-1","29":"col-md-4 col-sm-4 col-xs-6","30":"col-lg-3","31":"product-has-gallery","32":"product-style-default"},"aioseo_notices":[],"_links":{"self":[{"href":"https:\/\/www.ibagsbelts.com\/tienda\/wp-json\/wp\/v2\/product\/36208","targetHints":{"allow":["GET"]}}],"collection":[{"href":"https:\/\/www.ibagsbelts.com\/tienda\/wp-json\/wp\/v2\/product"}],"about":[{"href":"https:\/\/www.ibagsbelts.com\/tienda\/wp-json\/wp\/v2\/types\/product"}],"replies":[{"embeddable":true,"href":"https:\/\/www.ibagsbelts.com\/tienda\/wp-json\/wp\/v2\/comments?post=36208"}],"wp:featuredmedia":[{"embeddable":true,"href":"https:\/\/www.ibagsbelts.com\/tienda\/wp-json\/wp\/v2\/media\/36213"}],"wp:attachment":[{"href":"https:\/\/www.ibagsbelts.com\/tienda\/wp-json\/wp\/v2\/media?parent=36208"}],"wp:term":[{"taxonomy":"product_brand","embeddable":true,"href":"https:\/\/www.ibagsbelts.com\/tienda\/wp-json\/wp\/v2\/product_brand?post=36208"},{"taxonomy":"product_cat","embeddable":true,"href":"https:\/\/www.ibagsbelts.com\/tienda\/wp-json\/wp\/v2\/product_cat?post=36208"},{"taxonomy":"product_tag","embeddable":true,"href":"https:\/\/www.ibagsbelts.com\/tienda\/wp-json\/wp\/v2\/product_tag?post=36208"}],"curies":[{"name":"wp","href":"https:\/\/api.w.org\/{rel}","templated":true}]}}