{"id":36358,"date":"2025-07-29T22:55:42","date_gmt":"2025-07-29T20:55:42","guid":{"rendered":"https:\/\/www.ibagsbelts.com\/tienda\/?post_type=product&#038;p=36358"},"modified":"2026-03-08T21:30:57","modified_gmt":"2026-03-08T20:30:57","slug":"rinonera-de-piel-rojo-mika","status":"publish","type":"product","link":"https:\/\/www.ibagsbelts.com\/tienda\/producto\/rinonera-de-piel-rojo-mika\/","title":{"rendered":"Ri\u00f1onera de piel rojo Mikka"},"content":{"rendered":"<h1 class=\"product_title entry-title\" style=\"text-align: left;\">Ri\u00f1onera de piel Italiana Mikka<\/h1>\n<p style=\"text-align: left;\">M\u00e1s que un bolso de cintur\u00f3n, ri\u00f1onera, est\u00e1 dise\u00f1ado para ser usado c\u00f3modamente como un bolso bandolera con espacio para todas sus necesidades, sin perder su elegante atractivo. Hecho a mano en cuero italiano en colores muy chulos. Mikka es una adici\u00f3n impresionante al vestuario de cualquiera que trasciende las tendencias de la moda en constante cambio. Tanto a los hombres como a las mujeres les encanta este accesorio elegante y funcional.<\/p>\n<p style=\"text-align: left;\">Compartimento de cierre con cremallera. La cremallera superior abre la parte superior derecha para un acceso f\u00e1cil y espacioso al compartimento principal con un bolsillo adicional con cremallera en el interior.<\/p>\n<p style=\"text-align: left;\">Medidas: 26 cm X 14 cm<br \/>\nTama\u00f1o m\u00e1ximo de longitud (bolsa incluida) 120 cm\/ MIN 90 cm<br \/>\nInterior: algod\u00f3n lavado suave con 1 bolsillo interior con cremallera.<\/p>\n<p style=\"text-align: left;\"><strong>Aviso importante<\/strong><\/p>\n<h5 style=\"text-align: left;\">Todos nuestros productos de cuero est\u00e1n hechos a mano y su nueva bolsa de cuero puede estar sujeta a una variaci\u00f3n natural en tama\u00f1o y color.<br \/>\nPara los tama\u00f1os, permita 1-2 cm difiere debido a la medida manual.<br \/>\nLas im\u00e1genes son 100% reales.<br \/>\nDebido al monitor del ordenador y el brillo real de la toma y otras razones, habr\u00e1 una cierta diferencia de color.<\/h5>\n<!-- AddThis Advanced Settings generic via filter on the_content --><!-- AddThis Share Buttons generic via filter on the_content -->","protected":false},"excerpt":{"rendered":"<h1 class=\"product_title entry-title\" style=\"text-align: left;\"><span style=\"color: #020202; font-size: 1.4rem;\">M\u00e1s que un bolso de cintur\u00f3n, ri\u00f1onera, est\u00e1 dise\u00f1ado para ser usado c\u00f3modamente como un bolso bandolera con espacio para todas sus necesidades, sin perder su elegante atractivo.<\/span><\/h1>\n<div class=\"woocommerce-product-details__short-description\">\n<p style=\"text-align: left;\">Hecho a mano en cuero italiano en colores muy chulos. Mikka es una adici\u00f3n impresionante al vestuario de cualquiera que trasciende las tendencias de la moda en constante cambio. Tanto a los hombres como a las mujeres les encanta este accesorio elegante y funcional.<\/p>\n<p style=\"text-align: left;\">Compartimento de cierre con cremallera. La cremallera superior abre la parte superior derecha para un acceso f\u00e1cil y espacioso al compartimento principal con un bolsillo adicional con cremallera en el interior.<\/p>\n<p style=\"text-align: left;\">Medidas: 26 cm X 14 cm<br \/>\nTama\u00f1o m\u00e1ximo de longitud (bolsa incluida) 120 cm\/ MIN 90 cm<\/p>\n<h4><strong>\u00bfAlguna duda? Ponte en contacto con nosotros a trav\u00e9s del bot\u00f3n del chat directo por whatsApp y te resolveremos las dudas al instante!<\/strong><\/h4>\n<\/div>\n<p><!-- AddThis Advanced Settings generic via filter on get_the_excerpt --><!-- AddThis Share Buttons generic via filter on get_the_excerpt --><\/p>\n","protected":false},"featured_media":36335,"comment_status":"open","ping_status":"closed","template":"","meta":{"om_disable_all_campaigns":false,"_monsterinsights_skip_tracking":false,"_monsterinsights_sitenote_active":false,"_monsterinsights_sitenote_note":"","_monsterinsights_sitenote_category":0,"_uf_show_specific_survey":0,"_uf_disable_surveys":false},"product_brand":[1217],"product_cat":[950],"product_tag":[1135,1096,1042,1033,301,877,1036,753,1102,795,1149,793],"class_list":{"0":"post-36358","1":"product","2":"type-product","3":"status-publish","4":"has-post-thumbnail","6":"product_brand-ibags-belts","7":"product_cat-rinoneras","8":"product_tag-accesorios-y-complementos","9":"product_tag-artesania","10":"product_tag-banana","11":"product_tag-bananas","12":"product_tag-bandolera","13":"product_tag-bandoleras","14":"product_tag-bolso-piel-italiano","15":"product_tag-complementos-de-cuero","16":"product_tag-piel","17":"product_tag-rinonera-cuero","18":"product_tag-rinonera-moto","19":"product_tag-rinoneras","21":"first","22":"instock","23":"shipping-taxable","24":"purchasable","25":"product-type-simple","26":"add-to-wishlist-after_add_to_cart","27":"layout-style-1","28":"col-md-4 col-sm-4 col-xs-6","29":"col-lg-3","30":"product-has-gallery","31":"product-style-default"},"aioseo_notices":[],"_links":{"self":[{"href":"https:\/\/www.ibagsbelts.com\/tienda\/wp-json\/wp\/v2\/product\/36358","targetHints":{"allow":["GET"]}}],"collection":[{"href":"https:\/\/www.ibagsbelts.com\/tienda\/wp-json\/wp\/v2\/product"}],"about":[{"href":"https:\/\/www.ibagsbelts.com\/tienda\/wp-json\/wp\/v2\/types\/product"}],"replies":[{"embeddable":true,"href":"https:\/\/www.ibagsbelts.com\/tienda\/wp-json\/wp\/v2\/comments?post=36358"}],"wp:featuredmedia":[{"embeddable":true,"href":"https:\/\/www.ibagsbelts.com\/tienda\/wp-json\/wp\/v2\/media\/36335"}],"wp:attachment":[{"href":"https:\/\/www.ibagsbelts.com\/tienda\/wp-json\/wp\/v2\/media?parent=36358"}],"wp:term":[{"taxonomy":"product_brand","embeddable":true,"href":"https:\/\/www.ibagsbelts.com\/tienda\/wp-json\/wp\/v2\/product_brand?post=36358"},{"taxonomy":"product_cat","embeddable":true,"href":"https:\/\/www.ibagsbelts.com\/tienda\/wp-json\/wp\/v2\/product_cat?post=36358"},{"taxonomy":"product_tag","embeddable":true,"href":"https:\/\/www.ibagsbelts.com\/tienda\/wp-json\/wp\/v2\/product_tag?post=36358"}],"curies":[{"name":"wp","href":"https:\/\/api.w.org\/{rel}","templated":true}]}}